{"id":730,"date":"2021-04-23T17:37:18","date_gmt":"2021-04-23T15:37:18","guid":{"rendered":"http:\/\/op-int-21.fr\/plateforme-numerique-wp\/?page_id=730"},"modified":"2024-07-02T11:44:29","modified_gmt":"2024-07-02T09:44:29","slug":"lafossedorchestre","status":"publish","type":"page","link":"https:\/\/plateforme-numerique.intranet-opera.fr\/?page_id=730","title":{"rendered":"La fosse d&#039;orchestre"},"content":{"rendered":"<div class=\"vce-row-container\" data-vce-boxed-width=\"true\"><div class=\"vce-row vce-row--col-gap-30 vce-row-equal-height vce-row-content--top\" id=\"el-bbfdafae\" data-vce-do-apply=\"all el-bbfdafae\"><div class=\"vce-row-content\" data-vce-element-content=\"true\"><div class=\"vce-col vce-col--md-auto vce-col--xs-1 vce-col--xs-last vce-col--xs-first vce-col--sm-last vce-col--sm-first vce-col--md-last vce-col--lg-last vce-col--xl-last vce-col--md-first vce-col--lg-first vce-col--xl-first\" id=\"el-e136a4b2\"><div class=\"vce-col-inner\" data-vce-do-apply=\"border margin background  el-e136a4b2\"><div class=\"vce-col-content\" data-vce-element-content=\"true\" data-vce-do-apply=\"padding el-e136a4b2\"><div class=\"vce-text-block\"><div class=\"vce-text-block-wrapper vce\" id=\"el-991f31f5\" data-vce-do-apply=\"all el-991f31f5\"><p><!--vcv no format--><\/p><div class=\"vce-row-container\" data-vce-boxed-width=\"true\"><div id=\"el-a0203494\" class=\"vce-row vce-row--col-gap-30 vce-row-equal-height vce-row-content--top\" data-vce-do-apply=\"all el-a0203494\"><div class=\"vce-row-content\" data-vce-element-content=\"true\"><div id=\"el-f9cbc870\" class=\"vce-col vce-col--md-auto vce-col--xs-1 vce-col--xs-last vce-col--xs-first vce-col--sm-last vce-col--sm-first vce-col--md-last vce-col--lg-last vce-col--xl-last vce-col--md-first vce-col--lg-first vce-col--xl-first\"><div class=\"vce-col-inner\" data-vce-do-apply=\"border margin background el-f9cbc870\"><div class=\"vce-col-content\" data-vce-element-content=\"true\" data-vce-do-apply=\"padding el-f9cbc870\"><div class=\"vce-text-block\"><div id=\"el-ed450e34\" class=\"vce-text-block-wrapper vce\" data-vce-do-apply=\"all el-ed450e34\"><p>Lors d'un concert, l\u2019orchestre est sur <strong>sc\u00e8ne<\/strong>. Mais pendant un op\u00e9ra, les musiciens sont dans la fosse d\u2019orchestre, pour laisser les d\u00e9cors visibles aux spectateurs et la possibilit\u00e9 aux protagonistes de chanter par-dessus l'orchestre.<\/p><p>La partie avant de la sc\u00e8ne, appel\u00e9e proscenium, est un plateau modulable qu'il est possible de monter au niveau de la sc\u00e8ne (pour les concerts) ou d'abaisser en dessous de la sc\u00e8ne (pour cr\u00e9er une fosse d'orchestre). Une partie de la sc\u00e8ne sert donc de fosse, les d\u00e9cors et chanteurs \u00e9tant install\u00e9s sur la partie restante. La fosse d'orchestre de l'Auditorium peut accueillir jusqu\u2019\u00e0 110 musiciens !<\/p><p>Le chef d\u2019orchestre se place sur un podium, face aux musiciens et aux chanteurs qu'il va diriger tout au long de l'op\u00e9ra. Cela permet de synchroniser correctement les chanteur et l'orchestre, la sc\u00e8ne et la fosse. Pendant la repr\u00e9sentation, le chef d'orchestre sera film\u00e9 en direct et retransmis sur des \u00e9crans dispos\u00e9s en coulisses et en salle, de chaque c\u00f4t\u00e9, pour permettre aux chanteurs de le suivre s'ils ne sont pas directement face \u00e0 lui.<\/p><\/div><\/div><\/div><\/div><\/div><\/div><\/div><\/div><p><!--vcv no format--><\/p><\/div><\/div><\/div><\/div><\/div><\/div><\/div><\/div><div class=\"vce-row-container\" data-vce-boxed-width=\"true\"><div class=\"vce-row vce-row--col-gap-30 vce-row-equal-height vce-row-content--top\" id=\"el-26d95188\" data-vce-do-apply=\"all el-26d95188\"><div class=\"vce-row-content\" data-vce-element-content=\"true\"><div class=\"vce-col vce-col--md-auto vce-col--xs-1 vce-col--xs-last vce-col--xs-first vce-col--sm-last vce-col--sm-first vce-col--md-last vce-col--lg-last vce-col--xl-last vce-col--md-first vce-col--lg-first vce-col--xl-first\" id=\"el-ba109ada\"><div class=\"vce-col-inner\" data-vce-do-apply=\"border margin background  el-ba109ada\"><div class=\"vce-col-content\" data-vce-element-content=\"true\" data-vce-do-apply=\"padding el-ba109ada\"><div class=\"vce-image-gallery-with-scaleup vce-image-gallery-with-scaleup--gap-10 vce-image-gallery-with-scaleup--columns-4\"><div class=\"vce vce-image-gallery-with-scaleup-wrapper\" id=\"el-cdb5206e\" data-vce-do-apply=\"all el-cdb5206e\"><div class=\"vce-image-gallery-with-scaleup-list\"><div class=\"vce-image-gallery-with-scaleup-item\"><div class=\"vce-image-gallery-with-scaleup-item-inner-wrapper\"><a href=\"https:\/\/plateforme-numerique.intranet-opera.fr\/wp-content\/uploads\/2024\/06\/IMG_9584-scaled.jpg\" data-lightbox=\"lightbox-cdb5206e\" class=\"vce-image-gallery-with-scaleup-item-inner\"><img decoding=\"async\" class=\"vce-image-gallery-with-scaleup-img\" src=\"https:\/\/plateforme-numerique.intranet-opera.fr\/wp-content\/uploads\/2024\/06\/IMG_9584-1024x683.jpg\" alt=\"\" title=\"IMG_9584\"><\/a><\/div><\/div><div class=\"vce-image-gallery-with-scaleup-item\"><div class=\"vce-image-gallery-with-scaleup-item-inner-wrapper\"><a href=\"https:\/\/plateforme-numerique.intranet-opera.fr\/wp-content\/uploads\/2024\/06\/IMG_9498-scaled.jpg\" data-lightbox=\"lightbox-cdb5206e\" class=\"vce-image-gallery-with-scaleup-item-inner\"><img decoding=\"async\" class=\"vce-image-gallery-with-scaleup-img\" src=\"https:\/\/plateforme-numerique.intranet-opera.fr\/wp-content\/uploads\/2024\/06\/IMG_9498-1024x683.jpg\" alt=\"\" title=\"IMG_9498\"><\/a><\/div><\/div><div class=\"vce-image-gallery-with-scaleup-item\"><div class=\"vce-image-gallery-with-scaleup-item-inner-wrapper\"><a href=\"https:\/\/plateforme-numerique.intranet-opera.fr\/wp-content\/uploads\/2024\/06\/fosse-dorchestre-scaled.jpg\" data-lightbox=\"lightbox-cdb5206e\" class=\"vce-image-gallery-with-scaleup-item-inner\"><img decoding=\"async\" class=\"vce-image-gallery-with-scaleup-img\" src=\"https:\/\/plateforme-numerique.intranet-opera.fr\/wp-content\/uploads\/2024\/06\/fosse-dorchestre-1024x683.jpg\" alt=\"\" title=\"fosse dorchestre\"><\/a><\/div><\/div><div class=\"vce-image-gallery-with-scaleup-item\"><div class=\"vce-image-gallery-with-scaleup-item-inner-wrapper\"><a href=\"https:\/\/plateforme-numerique.intranet-opera.fr\/wp-content\/uploads\/2024\/06\/IMG_9500-scaled.jpg\" data-lightbox=\"lightbox-cdb5206e\" class=\"vce-image-gallery-with-scaleup-item-inner\"><img decoding=\"async\" class=\"vce-image-gallery-with-scaleup-img\" src=\"https:\/\/plateforme-numerique.intranet-opera.fr\/wp-content\/uploads\/2024\/06\/IMG_9500-1024x683.jpg\" alt=\"\" title=\"IMG_9500\"><\/a><\/div><\/div><\/div><\/div><\/div><\/div><\/div><\/div><\/div><\/div><\/div><div class=\"vce-row-container\" data-vce-boxed-width=\"true\"><div class=\"vce-row vce-row--col-gap-30 vce-row-equal-height vce-row-content--top\" id=\"el-d252ec6a\" data-vce-do-apply=\"all el-d252ec6a\"><div class=\"vce-row-content\" data-vce-element-content=\"true\"><div class=\"vce-col vce-col--md-auto vce-col--xs-1 vce-col--xs-last vce-col--xs-first vce-col--sm-last vce-col--sm-first vce-col--md-last vce-col--lg-last vce-col--xl-last vce-col--md-first vce-col--lg-first vce-col--xl-first\" id=\"el-925683ff\"><div class=\"vce-col-inner\" data-vce-do-apply=\"border margin background  el-925683ff\"><div class=\"vce-col-content\" data-vce-element-content=\"true\" data-vce-do-apply=\"padding el-925683ff\"><div class=\"vce-text-block\"><div class=\"vce-text-block-wrapper vce\" id=\"el-fe7cd7de\" data-vce-do-apply=\"all el-fe7cd7de\"><p><span style=\"font-size: 10pt;\">\u00a9 Op\u00e9ra de Dijon<\/span><\/p><\/div><\/div><\/div><\/div><\/div><\/div><\/div><\/div>\n","protected":false},"excerpt":{"rendered":"<p>Lors d&rsquo;un concert, l\u2019orchestre est sur sc\u00e8ne. Mais pendant un op\u00e9ra, les musiciens sont dans la fosse d\u2019orchestre, pour laisser les d\u00e9cors visibles aux spectateurs et la possibilit\u00e9 aux protagonistes de chanter par-dessus l&rsquo;orchestre.La partie avant de la sc\u00e8ne, appel\u00e9e proscenium, est un plateau modulable qu&rsquo;il est possible de monter au niveau de la sc\u00e8ne &hellip; <\/p>\n<p class=\"link-more\"><a href=\"https:\/\/plateforme-numerique.intranet-opera.fr\/?page_id=730\" class=\"more-link\">Continuer la lecture<span class=\"screen-reader-text\"> de &laquo;&nbsp;La fosse d&#039;orchestre&nbsp;&raquo;<\/span><\/a><\/p>\n","protected":false},"author":1,"featured_media":0,"parent":61,"menu_order":0,"comment_status":"closed","ping_status":"closed","template":"","meta":{"footnotes":""},"class_list":["post-730","page","type-page","status-publish","hentry"],"_links":{"self":[{"href":"https:\/\/plateforme-numerique.intranet-opera.fr\/index.php?rest_route=\/wp\/v2\/pages\/730","targetHints":{"allow":["GET"]}}],"collection":[{"href":"https:\/\/plateforme-numerique.intranet-opera.fr\/index.php?rest_route=\/wp\/v2\/pages"}],"about":[{"href":"https:\/\/plateforme-numerique.intranet-opera.fr\/index.php?rest_route=\/wp\/v2\/types\/page"}],"author":[{"embeddable":true,"href":"https:\/\/plateforme-numerique.intranet-opera.fr\/index.php?rest_route=\/wp\/v2\/users\/1"}],"replies":[{"embeddable":true,"href":"https:\/\/plateforme-numerique.intranet-opera.fr\/index.php?rest_route=%2Fwp%2Fv2%2Fcomments&post=730"}],"version-history":[{"count":8,"href":"https:\/\/plateforme-numerique.intranet-opera.fr\/index.php?rest_route=\/wp\/v2\/pages\/730\/revisions"}],"predecessor-version":[{"id":1760,"href":"https:\/\/plateforme-numerique.intranet-opera.fr\/index.php?rest_route=\/wp\/v2\/pages\/730\/revisions\/1760"}],"up":[{"embeddable":true,"href":"https:\/\/plateforme-numerique.intranet-opera.fr\/index.php?rest_route=\/wp\/v2\/pages\/61"}],"wp:attachment":[{"href":"https:\/\/plateforme-numerique.intranet-opera.fr\/index.php?rest_route=%2Fwp%2Fv2%2Fmedia&parent=730"}],"curies":[{"name":"wp","href":"https:\/\/api.w.org\/{rel}","templated":true}]}}