{"id":729,"date":"2021-04-23T17:37:12","date_gmt":"2021-04-23T15:37:12","guid":{"rendered":"http:\/\/op-int-21.fr\/plateforme-numerique-wp\/?page_id=729"},"modified":"2024-07-01T18:57:24","modified_gmt":"2024-07-01T16:57:24","slug":"lespartiesadministratives","status":"publish","type":"page","link":"https:\/\/plateforme-numerique.intranet-opera.fr\/?page_id=729","title":{"rendered":"Les parties administratives"},"content":{"rendered":"<div class=\"vce-row-container\" data-vce-boxed-width=\"true\"><div class=\"vce-row vce-row--col-gap-30 vce-row-equal-height vce-row-content--top\" id=\"el-dfe4e41e\" data-vce-do-apply=\"all el-dfe4e41e\"><div class=\"vce-row-content\" data-vce-element-content=\"true\"><div class=\"vce-col vce-col--md-auto vce-col--xs-1 vce-col--xs-last vce-col--xs-first vce-col--sm-last vce-col--sm-first vce-col--md-last vce-col--lg-last vce-col--xl-last vce-col--md-first vce-col--lg-first vce-col--xl-first\" id=\"el-30017938\"><div class=\"vce-col-inner\" data-vce-do-apply=\"border margin background  el-30017938\"><div class=\"vce-col-content\" data-vce-element-content=\"true\" data-vce-do-apply=\"padding el-30017938\"><div class=\"vce-text-block\"><div class=\"vce-text-block-wrapper vce\" id=\"el-b87d2078\" data-vce-do-apply=\"all el-b87d2078\"><p>L\u2019Auditorium abrite une grande partie des bureaux administratifs et techniques de l\u2019Op\u00e9ra.<\/p><p>LA DIRECTION G\u00c9N\u00c9RALE ET ARTISTIQUE<strong><br><\/strong><\/p><p>C\u2019est ici que l\u2019on d\u00e9cide du programme de chaque saison&nbsp;: le choix des \u0153uvres, mais aussi des artistes.<\/p><p>LA PRODUCTION<\/p><p>C\u2019est le service qui s\u2019occupe de l\u2019organisation des concerts et des op\u00e9ras, et de l\u2019accueil des artistes.<\/p><p>LE SERVICE ADMINISTRATIF ET FINANCIER<\/p><p><strong>Les ressources humaines<\/strong>&nbsp;<\/p><p>C\u2019est l\u00e0 que sont recrut\u00e9s les nouveaux employ\u00e9s \u00e0 l\u2019Op\u00e9ra, que sont r\u00e9dig\u00e9s les contrats et les droits et devoirs des salari\u00e9s.<\/p><p><strong>La comptabilit\u00e9<\/strong>&nbsp;<\/p><p>C\u2019est le service qui s\u2019occupe de payer toutes les factures de l\u2019op\u00e9ra, et il y en a beaucoup&nbsp;! Peinture, tissus, mat\u00e9riaux de construction, h\u00e9bergement des artistes\u2026<\/p><p><strong>L'administration r\u00e9seau<\/strong><\/p><p>Pour le bon fonctionnement de l'entreprise, il est indispensable que tout le mat\u00e9riel informatique fonctionne correctement (ordinateurs, t\u00e9l\u00e9phones, logiciels, TPE, etc.). L'administrateur r\u00e9seau se charge aussi des connexions informatiques, de t\u00e9l\u00e9phonie, de l'Internet, de la messagerie, de cr\u00e9er et s\u00e9curiser des acc\u00e8s et surtout de faire en sorte que les archives num\u00e9riques soient bien conserv\u00e9es.<\/p><p>LE SECR\u00c9TARIAT G\u00c9N\u00c9RAL<\/p><p><strong>La<\/strong><strong> communication<\/strong>&nbsp;<\/p><p>Tout ce qui permet de faire conna\u00eetre l\u2019Op\u00e9ra est cr\u00e9\u00e9 par le service communication : affiches, site internet, brochures\u2026 il est \u00e9galement en contact avec les journalistes.<\/p><p><strong>Le d\u00e9veloppement commercial et marketing<\/strong>&nbsp;<\/p><p>C\u2019est l\u00e0 que sont mises en place toutes les strat\u00e9gies de l\u2019Op\u00e9ra pour attirer de nouveaux spectateurs&nbsp;! La billetterie, qui vend les billets et conseille les spectateurs, en fait partie. C\u2019est \u00e9galement le service qui emploie toutes les personnes qui accueillent et placent le public le soir du spectacle.<\/p><p><strong>La m\u00e9diation culturelle<br><\/strong><\/p><p>C\u2019est le service qui ouvre grand les portes de l\u2019Op\u00e9ra \u00e0 tous les publics, soit surtout les publics sp\u00e9cifiques : scolaires, personnes \u00e9loign\u00e9s de la culture mais c\u2019est aussi un service acc\u00e8s sur l\u2019accessibilit\u00e9, pour permettre aux personnes en situation de handicap de venir aux spectacles.<\/p><p>LE M\u00c9C\u00c9NAT ET LES PARTENARIATS<strong><br><\/strong><\/p><p>C\u2019est l\u00e0 que les personnes ou les entreprises d\u00e9sirant aider l\u2019Op\u00e9ra \u00e0 exister peuvent faire des dons, soit en donnant de l\u2019argent pour aider \u00e0 monter un spectacle ou un projet, soit en apportant un service (en pr\u00eatant un bus pour les spectateurs qui viennent de loin par exemple).<\/p><\/div><\/div><\/div><\/div><\/div><\/div><\/div><\/div><div class=\"vce-row-container\" data-vce-boxed-width=\"true\"><div class=\"vce-row vce-row--col-gap-30 vce-row-equal-height vce-row-content--top\" id=\"el-4d7326dc\" data-vce-do-apply=\"all el-4d7326dc\"><div class=\"vce-row-content\" data-vce-element-content=\"true\"><div class=\"vce-col vce-col--md-auto vce-col--xs-1 vce-col--xs-last vce-col--xs-first vce-col--sm-last vce-col--sm-first vce-col--md-last vce-col--lg-last vce-col--xl-last vce-col--md-first vce-col--lg-first vce-col--xl-first\" id=\"el-aea66cc8\"><div class=\"vce-col-inner\" data-vce-do-apply=\"border margin background  el-aea66cc8\"><div class=\"vce-col-content\" data-vce-element-content=\"true\" data-vce-do-apply=\"padding el-aea66cc8\"><div class=\"vce-text-block\"><div class=\"vce-text-block-wrapper vce\" id=\"el-7fe571d8\" data-vce-do-apply=\"all el-7fe571d8\"><p>LA TECHNIQUE<\/p><p><strong>La direction technique<\/strong><\/p><p>Elle coordonne toutes les productions sur les aspects mat\u00e9riels, montage et technicit\u00e9. Ce sont deux directeurs adjoints qui se r\u00e9partissent les productions chaque saison et dirige l'\u00e9quipe technique de l'Op\u00e9ra pour la bonne marche des spectacles. Par exemple, pour les concerts, il faut accueillir les musiciens et moduler la salle (mettre des plafonds et des panneaux de concert pour que la musique sonne parfaitement aux oreilles des spectateurs). Pour les op\u00e9ras, il faut cr\u00e9er les d\u00e9cors, les costumes, les lumi\u00e8res, installer la fosse\u2026 Il y a en moyenne 80 ouvertures de rideaux chaque ann\u00e9e.<\/p><p><strong>Les techniciens<\/strong><\/p><p>Ce sont eux qui g\u00e8rent les d\u00e9cors, le son et les lumi\u00e8res pendant le spectacle. Il sont r\u00e9gisseur plateau, son, lumi\u00e8re, machinistes, chef plateau...<\/p><\/div><\/div><\/div><\/div><\/div><\/div><\/div><\/div>\n","protected":false},"excerpt":{"rendered":"<p>L\u2019Auditorium abrite une grande partie des bureaux administratifs et techniques de l\u2019Op\u00e9ra.LA DIRECTION G\u00c9N\u00c9RALE ET ARTISTIQUEC\u2019est ici que l\u2019on d\u00e9cide du programme de chaque saison&nbsp;: le choix des \u0153uvres, mais aussi des artistes.LA PRODUCTIONC\u2019est le service qui s\u2019occupe de l\u2019organisation des concerts et des op\u00e9ras, et de l\u2019accueil des artistes.LE SERVICE ADMINISTRATIF ET FINANCIERLes ressources &hellip; <\/p>\n<p class=\"link-more\"><a href=\"https:\/\/plateforme-numerique.intranet-opera.fr\/?page_id=729\" class=\"more-link\">Continuer la lecture<span class=\"screen-reader-text\"> de &laquo;&nbsp;Les parties administratives&nbsp;&raquo;<\/span><\/a><\/p>\n","protected":false},"author":1,"featured_media":0,"parent":61,"menu_order":0,"comment_status":"closed","ping_status":"closed","template":"","meta":{"footnotes":""},"class_list":["post-729","page","type-page","status-publish","hentry"],"_links":{"self":[{"href":"https:\/\/plateforme-numerique.intranet-opera.fr\/index.php?rest_route=\/wp\/v2\/pages\/729","targetHints":{"allow":["GET"]}}],"collection":[{"href":"https:\/\/plateforme-numerique.intranet-opera.fr\/index.php?rest_route=\/wp\/v2\/pages"}],"about":[{"href":"https:\/\/plateforme-numerique.intranet-opera.fr\/index.php?rest_route=\/wp\/v2\/types\/page"}],"author":[{"embeddable":true,"href":"https:\/\/plateforme-numerique.intranet-opera.fr\/index.php?rest_route=\/wp\/v2\/users\/1"}],"replies":[{"embeddable":true,"href":"https:\/\/plateforme-numerique.intranet-opera.fr\/index.php?rest_route=%2Fwp%2Fv2%2Fcomments&post=729"}],"version-history":[{"count":8,"href":"https:\/\/plateforme-numerique.intranet-opera.fr\/index.php?rest_route=\/wp\/v2\/pages\/729\/revisions"}],"predecessor-version":[{"id":1726,"href":"https:\/\/plateforme-numerique.intranet-opera.fr\/index.php?rest_route=\/wp\/v2\/pages\/729\/revisions\/1726"}],"up":[{"embeddable":true,"href":"https:\/\/plateforme-numerique.intranet-opera.fr\/index.php?rest_route=\/wp\/v2\/pages\/61"}],"wp:attachment":[{"href":"https:\/\/plateforme-numerique.intranet-opera.fr\/index.php?rest_route=%2Fwp%2Fv2%2Fmedia&parent=729"}],"curies":[{"name":"wp","href":"https:\/\/api.w.org\/{rel}","templated":true}]}}