{"id":708,"date":"2021-04-23T17:29:37","date_gmt":"2021-04-23T15:29:37","guid":{"rendered":"http:\/\/op-int-21.fr\/plateforme-numerique-wp\/?page_id=708"},"modified":"2024-07-01T17:10:07","modified_gmt":"2024-07-01T15:10:07","slug":"les_regies","status":"publish","type":"page","link":"https:\/\/plateforme-numerique.intranet-opera.fr\/?page_id=708","title":{"rendered":"Les r\u00e9gies"},"content":{"rendered":"<div class=\"vce-row-container\" data-vce-boxed-width=\"true\"><div class=\"vce-row vce-row--col-gap-30 vce-row-equal-height vce-row-content--top\" id=\"el-546d0b95\" data-vce-do-apply=\"all el-546d0b95\"><div class=\"vce-row-content\" data-vce-element-content=\"true\"><div class=\"vce-col vce-col--md-auto vce-col--xs-1 vce-col--xs-last vce-col--xs-first vce-col--sm-last vce-col--sm-first vce-col--md-last vce-col--lg-last vce-col--xl-last vce-col--md-first vce-col--lg-first vce-col--xl-first\" id=\"el-ef0969df\"><div class=\"vce-col-inner\" data-vce-do-apply=\"border margin background  el-ef0969df\"><div class=\"vce-col-content\" data-vce-element-content=\"true\" data-vce-do-apply=\"padding el-ef0969df\"><div class=\"vce-row-container\" data-vce-boxed-width=\"true\"><div class=\"vce-row vce-row--col-gap-30 vce-row-equal-height vce-row-content--top\" id=\"el-6ecee7d6\" data-vce-do-apply=\"all el-6ecee7d6\"><div class=\"vce-row-content\" data-vce-element-content=\"true\"><div class=\"vce-col vce-col--md-auto vce-col--xs-1 vce-col--xs-last vce-col--xs-first vce-col--sm-last vce-col--sm-first vce-col--md-last vce-col--lg-last vce-col--xl-last vce-col--md-first vce-col--lg-first vce-col--xl-first\" id=\"el-6d49231e\"><div class=\"vce-col-inner\" data-vce-do-apply=\"border margin background  el-6d49231e\"><div class=\"vce-col-content\" data-vce-element-content=\"true\" data-vce-do-apply=\"padding el-6d49231e\"><div class=\"vce-text-block\"><div class=\"vce-text-block-wrapper vce\" id=\"el-b67e65f1\" data-vce-do-apply=\"all el-b67e65f1\"><p>Les cabines son, vid\u00e9o, et lumi\u00e8re sont situ\u00e9es <strong>au fond du premier balcon<\/strong> et sont accessibles par des escaliers et ascenseurs cach\u00e9s aux yeux du publics. Elles se trouvent au au-del\u00e0 des si\u00e8ges, derri\u00e8re des vitres teint\u00e9es. Plong\u00e9es dans une semi-obscurit\u00e9, elles restent invisibles au regard du spectateur pour que la magie du spectacle soit pr\u00e9serv\u00e9e. <\/p><p>Pendant les r\u00e9p\u00e9titions, une petite table de r\u00e9gie mobile est install\u00e9e dans la <strong>salle<\/strong> pour \u00eatre au plus proche de l\u2019\u00e9quipe artistique. Mais, pendant le spectacle, c\u2019est depuis les r\u00e9gies que travaillent les r\u00e9gisseurs son, lumi\u00e8re et vid\u00e9o, toujours \u00e0 l'\u00e9coute du r\u00e9gisseur plateau qui leur donne les tops tout au long du spectacle.<\/p><\/div><\/div><\/div><\/div><\/div><\/div><\/div><\/div><div class=\"vce-text-block\"><div class=\"vce-text-block-wrapper vce\" id=\"el-53dfbe35\" data-vce-do-apply=\"all el-53dfbe35\"><p><strong>R\u00e9gie son<\/strong><\/p><p>Dans la r\u00e9gie son, il y a une console num\u00e9rique permettant de piloter les enceintes r\u00e9parties dans la salle. On trouve \u00e9galement tout l\u2019\u00e9quipement d\u2019enregistrement des concerts et op\u00e9ra pour les archives, ou encore des micros sp\u00e9ciaux pour enregistrer un spectacle qui sera diffus\u00e9 \u00e0 la radio.<\/p><p>Il y a \u00e9galement le mat\u00e9riel permettant de diffuser diff\u00e9rents sons (un bruit de tonnerre,&nbsp; par exemple).&nbsp;<\/p><\/div><\/div><div class=\"vce-row-container\" data-vce-boxed-width=\"true\"><div class=\"vce-row vce-row--col-gap-30 vce-row-equal-height vce-row-content--top\" id=\"el-18455472\" data-vce-do-apply=\"all el-18455472\"><div class=\"vce-row-content\" data-vce-element-content=\"true\"><div class=\"vce-col vce-col--md-auto vce-col--xs-1 vce-col--xs-last vce-col--xs-first vce-col--sm-last vce-col--sm-first vce-col--md-last vce-col--lg-last vce-col--xl-last vce-col--md-first vce-col--lg-first vce-col--xl-first\" id=\"el-cd95f997\"><div class=\"vce-col-inner\" data-vce-do-apply=\"border margin background  el-cd95f997\"><div class=\"vce-col-content\" data-vce-element-content=\"true\" data-vce-do-apply=\"padding el-cd95f997\"><div class=\"vce-image-gallery-with-scaleup vce-image-gallery-with-scaleup--gap-10 vce-image-gallery-with-scaleup--columns-1\"><div class=\"vce vce-image-gallery-with-scaleup-wrapper\" id=\"el-bd2af61b\" data-vce-do-apply=\"all el-bd2af61b\"><div class=\"vce-image-gallery-with-scaleup-list\"><div class=\"vce-image-gallery-with-scaleup-item\"><div class=\"vce-image-gallery-with-scaleup-item-inner-wrapper\"><a href=\"https:\/\/plateforme-numerique.intranet-opera.fr\/wp-content\/uploads\/2021\/05\/regie-lumiere-scaled-e1620037113459.jpg\" data-lightbox=\"lightbox-bd2af61b\" class=\"vce-image-gallery-with-scaleup-item-inner\"><img decoding=\"async\" class=\"vce-image-gallery-with-scaleup-img\" src=\"https:\/\/plateforme-numerique.intranet-opera.fr\/wp-content\/uploads\/2021\/05\/regie-lumiere-1024x683.jpg\" alt=\"\" title=\"regie lumiere\"><\/a><\/div><\/div><\/div><\/div><\/div><div class=\"vce-text-block\"><div class=\"vce-text-block-wrapper vce\" id=\"el-b10d2b5d\" data-vce-do-apply=\"all el-b10d2b5d\"><p><strong>R\u00e9gie vid\u00e9o<\/strong><\/p><p>Dans la r\u00e9gie vid\u00e9o, un \u00e9quipement vid\u00e9o et d\u2019infographie enregistre et diffuse en direct dans tout le b\u00e2timent ce qui se passe sur sc\u00e8ne. Cela permet notamment aux artistes en loges de conna\u00eetre l'avanc\u00e9e du spectacle.<\/p><p>On projette \u00e9galement depuis cette r\u00e9gie, suivant les productions, des images, photos, vid\u00e9os, pour les d\u00e9cors de spectacles.&nbsp;<\/p><\/div><\/div><\/div><\/div><\/div><\/div><\/div><\/div><div class=\"vce-row-container\" data-vce-boxed-width=\"true\"><div class=\"vce-row vce-row--col-gap-30 vce-row-equal-height vce-row-content--top\" id=\"el-5f4fc4a0\" data-vce-do-apply=\"all el-5f4fc4a0\"><div class=\"vce-row-content\" data-vce-element-content=\"true\"><div class=\"vce-col vce-col--md-auto vce-col--xs-1 vce-col--xs-last vce-col--xs-first vce-col--sm-last vce-col--sm-first vce-col--md-last vce-col--lg-last vce-col--xl-last vce-col--md-first vce-col--lg-first vce-col--xl-first\" id=\"el-e06dd7a6\"><div class=\"vce-col-inner\" data-vce-do-apply=\"border margin background  el-e06dd7a6\"><div class=\"vce-col-content\" data-vce-element-content=\"true\" data-vce-do-apply=\"padding el-e06dd7a6\"><div class=\"vce-image-gallery-with-scaleup vce-image-gallery-with-scaleup--gap-10 vce-image-gallery-with-scaleup--columns-4\"><div class=\"vce vce-image-gallery-with-scaleup-wrapper\" id=\"el-d981ef29\" data-vce-do-apply=\"all el-d981ef29\"><div class=\"vce-image-gallery-with-scaleup-list\"><div class=\"vce-image-gallery-with-scaleup-item\"><div class=\"vce-image-gallery-with-scaleup-item-inner-wrapper\"><a href=\"https:\/\/plateforme-numerique.intranet-opera.fr\/wp-content\/uploads\/2024\/07\/MIR6568-s-scaled.jpg\" data-lightbox=\"lightbox-d981ef29\" class=\"vce-image-gallery-with-scaleup-item-inner\"><img decoding=\"async\" class=\"vce-image-gallery-with-scaleup-img\" src=\"https:\/\/plateforme-numerique.intranet-opera.fr\/wp-content\/uploads\/2024\/07\/MIR6568-s-1024x576.jpg\" alt=\"\" title=\"_MIR6568 s\"><\/a><\/div><\/div><div class=\"vce-image-gallery-with-scaleup-item\"><div class=\"vce-image-gallery-with-scaleup-item-inner-wrapper\"><a href=\"https:\/\/plateforme-numerique.intranet-opera.fr\/wp-content\/uploads\/2024\/07\/MIR6283-Fidelio-Opera-de-Dijon-\u00a9-Mirco-Magliocca-scaled.jpg\" data-lightbox=\"lightbox-d981ef29\" class=\"vce-image-gallery-with-scaleup-item-inner\"><img decoding=\"async\" class=\"vce-image-gallery-with-scaleup-img\" src=\"https:\/\/plateforme-numerique.intranet-opera.fr\/wp-content\/uploads\/2024\/07\/MIR6283-Fidelio-Opera-de-Dijon-\u00a9-Mirco-Magliocca-1024x576.jpg\" alt=\"\" title=\"_MIR6283 Fidelio Op\u00e9ra de Dijon \u00a9 Mirco Magliocca\"><\/a><\/div><\/div><div class=\"vce-image-gallery-with-scaleup-item\"><div class=\"vce-image-gallery-with-scaleup-item-inner-wrapper\"><a href=\"https:\/\/plateforme-numerique.intranet-opera.fr\/wp-content\/uploads\/2024\/07\/MIR4606-Migliorato-NR-scaled.jpg\" data-lightbox=\"lightbox-d981ef29\" class=\"vce-image-gallery-with-scaleup-item-inner\"><img decoding=\"async\" class=\"vce-image-gallery-with-scaleup-img\" src=\"https:\/\/plateforme-numerique.intranet-opera.fr\/wp-content\/uploads\/2024\/07\/MIR4606-Migliorato-NR-1024x576.jpg\" alt=\"\" title=\"_MIR4606-Migliorato-NR\"><\/a><\/div><\/div><div class=\"vce-image-gallery-with-scaleup-item\"><div class=\"vce-image-gallery-with-scaleup-item-inner-wrapper\"><a href=\"https:\/\/plateforme-numerique.intranet-opera.fr\/wp-content\/uploads\/2024\/07\/DSC1896-scaled.jpg\" data-lightbox=\"lightbox-d981ef29\" class=\"vce-image-gallery-with-scaleup-item-inner\"><img decoding=\"async\" class=\"vce-image-gallery-with-scaleup-img\" src=\"https:\/\/plateforme-numerique.intranet-opera.fr\/wp-content\/uploads\/2024\/07\/DSC1896-1024x683.jpg\" alt=\"\" title=\"_DSC1896\"><\/a><\/div><\/div><\/div><\/div><\/div><\/div><\/div><\/div><\/div><\/div><\/div><div class=\"vce-row-container\" data-vce-boxed-width=\"true\"><div class=\"vce-row vce-row--col-gap-30 vce-row-equal-height vce-row-content--top\" id=\"el-1c951d8f\" data-vce-do-apply=\"all el-1c951d8f\"><div class=\"vce-row-content\" data-vce-element-content=\"true\"><div class=\"vce-col vce-col--md-auto vce-col--xs-1 vce-col--xs-last vce-col--xs-first vce-col--sm-last vce-col--sm-first vce-col--md-last vce-col--lg-last vce-col--xl-last vce-col--md-first vce-col--lg-first vce-col--xl-first\" id=\"el-ca259f41\"><div class=\"vce-col-inner\" data-vce-do-apply=\"border margin background  el-ca259f41\"><div class=\"vce-col-content\" data-vce-element-content=\"true\" data-vce-do-apply=\"padding el-ca259f41\"><div class=\"vce-text-block\"><div class=\"vce-text-block-wrapper vce\" id=\"el-8358ef72\" data-vce-do-apply=\"all el-8358ef72\"><p><span style=\"font-size: 10pt;\">Producions <em>Fidelio<\/em> (2023), <em>Turandot<\/em> (2024) et <em>Hansel et Gretel<\/em> (2022) \u00a9 Mirco Magliocca<\/span><\/p><\/div><\/div><\/div><\/div><\/div><\/div><\/div><\/div><\/div><\/div><\/div><\/div><\/div><\/div><div class=\"vce-row-container\" data-vce-boxed-width=\"true\"><div class=\"vce-row vce-row--col-gap-30 vce-row-equal-height vce-row-content--top\" id=\"el-2c099b4d\" data-vce-do-apply=\"all el-2c099b4d\"><div class=\"vce-row-content\" data-vce-element-content=\"true\"><div class=\"vce-col vce-col--md-auto vce-col--xs-1 vce-col--xs-last vce-col--xs-first vce-col--sm-last vce-col--sm-first vce-col--md-last vce-col--lg-last vce-col--xl-last vce-col--md-first vce-col--lg-first vce-col--xl-first\" id=\"el-1d5fd640\"><div class=\"vce-col-inner\" data-vce-do-apply=\"border margin background  el-1d5fd640\"><div class=\"vce-col-content\" data-vce-element-content=\"true\" data-vce-do-apply=\"padding el-1d5fd640\"><div class=\"vce-text-block\"><div class=\"vce-text-block-wrapper vce\" id=\"el-95c18479\" data-vce-do-apply=\"all el-95c18479\"><p><strong>R\u00e9gie lumi\u00e8re<\/strong><\/p><p>C\u2019est dans la r\u00e9gie lumi\u00e8re que sont contr\u00f4l\u00e9s tous les projecteurs qui cr\u00e9ent la lumi\u00e8re du spectacle. Il y en a plus de 250. La puissance \u00e9lectrique dans une maison ou un appartement se situe entre 3 et 8 Kva, mais ici elle est de 800 Kva !<\/p><p>Deux machines appel\u00e9es \u00ab&nbsp;orgue \u00e0 m\u00e9moire&nbsp;\u00bb travaillent simultan\u00e9ment afin d\u2019\u00e9viter tout probl\u00e8me en cas de panne. Il y a \u00e9galement diff\u00e9rentes machines \u00e0 effets&nbsp;: les machines \u00e0 fum\u00e9e, \u00e0 brouillard, des changeurs de couleurs\u2026&nbsp;<\/p><\/div><\/div><\/div><\/div><\/div><\/div><\/div><\/div><div class=\"vce-row-container\" data-vce-boxed-width=\"true\"><div class=\"vce-row vce-row--col-gap-30 vce-row-equal-height vce-row-content--top\" id=\"el-ee4f73c7\" data-vce-do-apply=\"all el-ee4f73c7\"><div class=\"vce-row-content\" data-vce-element-content=\"true\"><div class=\"vce-col vce-col--md-auto vce-col--xs-1 vce-col--xs-last vce-col--xs-first vce-col--sm-last vce-col--sm-first vce-col--md-last vce-col--lg-last vce-col--xl-last vce-col--md-first vce-col--lg-first vce-col--xl-first\" id=\"el-c499339b\"><div class=\"vce-col-inner\" data-vce-do-apply=\"border margin background  el-c499339b\"><div class=\"vce-col-content\" data-vce-element-content=\"true\" data-vce-do-apply=\"padding el-c499339b\"><div class=\"vce-image-gallery-with-scaleup vce-image-gallery-with-scaleup--gap-10 vce-image-gallery-with-scaleup--columns-4\"><div class=\"vce vce-image-gallery-with-scaleup-wrapper\" id=\"el-3c1fc8e7\" data-vce-do-apply=\"all el-3c1fc8e7\"><div class=\"vce-image-gallery-with-scaleup-list\"><div class=\"vce-image-gallery-with-scaleup-item\"><div class=\"vce-image-gallery-with-scaleup-item-inner-wrapper\"><a href=\"https:\/\/plateforme-numerique.intranet-opera.fr\/wp-content\/uploads\/2024\/06\/IMG_9520-scaled.jpg\" data-lightbox=\"lightbox-3c1fc8e7\" class=\"vce-image-gallery-with-scaleup-item-inner\"><img decoding=\"async\" class=\"vce-image-gallery-with-scaleup-img\" src=\"https:\/\/plateforme-numerique.intranet-opera.fr\/wp-content\/uploads\/2024\/06\/IMG_9520-1024x683.jpg\" alt=\"\" title=\"IMG_9520\"><\/a><\/div><\/div><div class=\"vce-image-gallery-with-scaleup-item\"><div class=\"vce-image-gallery-with-scaleup-item-inner-wrapper\"><a href=\"https:\/\/plateforme-numerique.intranet-opera.fr\/wp-content\/uploads\/2024\/06\/IMG_9523-scaled.jpg\" data-lightbox=\"lightbox-3c1fc8e7\" class=\"vce-image-gallery-with-scaleup-item-inner\"><img decoding=\"async\" class=\"vce-image-gallery-with-scaleup-img\" src=\"https:\/\/plateforme-numerique.intranet-opera.fr\/wp-content\/uploads\/2024\/06\/IMG_9523-1024x683.jpg\" alt=\"\" title=\"IMG_9523\"><\/a><\/div><\/div><div class=\"vce-image-gallery-with-scaleup-item\"><div class=\"vce-image-gallery-with-scaleup-item-inner-wrapper\"><a href=\"https:\/\/plateforme-numerique.intranet-opera.fr\/wp-content\/uploads\/2024\/06\/IMG_9518-scaled.jpg\" data-lightbox=\"lightbox-3c1fc8e7\" class=\"vce-image-gallery-with-scaleup-item-inner\"><img decoding=\"async\" class=\"vce-image-gallery-with-scaleup-img\" src=\"https:\/\/plateforme-numerique.intranet-opera.fr\/wp-content\/uploads\/2024\/06\/IMG_9518-1024x683.jpg\" alt=\"\" title=\"IMG_9518\"><\/a><\/div><\/div><div class=\"vce-image-gallery-with-scaleup-item\"><div class=\"vce-image-gallery-with-scaleup-item-inner-wrapper\"><a href=\"https:\/\/plateforme-numerique.intranet-opera.fr\/wp-content\/uploads\/2024\/07\/MIR4852-Migliorato-NR-scaled.jpg\" data-lightbox=\"lightbox-3c1fc8e7\" class=\"vce-image-gallery-with-scaleup-item-inner\"><img decoding=\"async\" class=\"vce-image-gallery-with-scaleup-img\" src=\"https:\/\/plateforme-numerique.intranet-opera.fr\/wp-content\/uploads\/2024\/07\/MIR4852-Migliorato-NR-1024x576.jpg\" alt=\"\" title=\"_MIR4852-Migliorato-NR\"><\/a><\/div><\/div><\/div><\/div><\/div><\/div><\/div><\/div><\/div><\/div><\/div><div class=\"vce-row-container\" data-vce-boxed-width=\"true\"><div class=\"vce-row vce-row--col-gap-30 vce-row-equal-height vce-row-content--top\" id=\"el-5f3db9f9\" data-vce-do-apply=\"all el-5f3db9f9\"><div class=\"vce-row-content\" data-vce-element-content=\"true\"><div class=\"vce-col vce-col--md-auto vce-col--xs-1 vce-col--xs-last vce-col--xs-first vce-col--sm-last vce-col--sm-first vce-col--md-last vce-col--lg-last vce-col--xl-last vce-col--md-first vce-col--lg-first vce-col--xl-first\" id=\"el-52da7ec0\"><div class=\"vce-col-inner\" data-vce-do-apply=\"border margin background  el-52da7ec0\"><div class=\"vce-col-content\" data-vce-element-content=\"true\" data-vce-do-apply=\"padding el-52da7ec0\"><div class=\"vce-text-block\"><div class=\"vce-text-block-wrapper vce\" id=\"el-a9f86f93\" data-vce-do-apply=\"all el-a9f86f93\"><p>&nbsp;&nbsp;&nbsp;&nbsp;&nbsp;&nbsp;&nbsp;&nbsp;&nbsp;&nbsp;&nbsp;&nbsp;&nbsp;&nbsp;&nbsp;&nbsp;&nbsp;&nbsp;&nbsp;&nbsp;&nbsp;&nbsp;&nbsp;&nbsp;&nbsp;&nbsp;&nbsp;&nbsp;&nbsp;&nbsp;&nbsp;&nbsp;&nbsp;&nbsp;&nbsp;&nbsp;&nbsp;&nbsp;&nbsp;&nbsp;&nbsp;&nbsp;&nbsp;&nbsp;&nbsp;&nbsp;&nbsp;&nbsp;&nbsp;&nbsp;&nbsp;&nbsp;&nbsp;&nbsp;&nbsp;&nbsp;&nbsp;&nbsp;&nbsp;&nbsp;&nbsp;&nbsp;&nbsp;&nbsp;&nbsp;&nbsp;&nbsp;&nbsp;&nbsp;&nbsp;&nbsp;&nbsp;&nbsp;&nbsp;&nbsp;&nbsp;&nbsp;&nbsp;&nbsp;&nbsp;&nbsp;&nbsp;&nbsp;&nbsp;&nbsp;&nbsp;&nbsp;&nbsp;&nbsp;&nbsp;&nbsp;&nbsp;&nbsp;&nbsp;&nbsp;&nbsp;&nbsp;&nbsp;&nbsp;&nbsp;&nbsp;&nbsp;&nbsp;&nbsp;&nbsp;&nbsp;&nbsp;&nbsp;&nbsp;&nbsp;&nbsp;&nbsp;&nbsp;&nbsp;&nbsp;&nbsp;&nbsp;&nbsp;&nbsp;&nbsp;&nbsp;&nbsp;&nbsp;&nbsp;&nbsp;&nbsp;&nbsp;&nbsp;&nbsp;&nbsp;&nbsp;&nbsp;&nbsp;&nbsp;&nbsp;&nbsp;&nbsp;&nbsp;&nbsp;&nbsp;&nbsp;&nbsp;&nbsp;&nbsp;&nbsp;&nbsp;&nbsp;&nbsp;&nbsp;&nbsp;&nbsp;&nbsp;&nbsp;&nbsp;&nbsp;&nbsp;&nbsp;&nbsp;&nbsp;&nbsp;&nbsp;&nbsp;&nbsp;&nbsp; <span style=\"font-size: 10pt;\"><em>Turandot<\/em> \u00a9 Mirco Magliocca<\/span><\/p><\/div><\/div><\/div><\/div><\/div><\/div><\/div><\/div>\n","protected":false},"excerpt":{"rendered":"<p>Les cabines son, vid\u00e9o, et lumi\u00e8re sont situ\u00e9es au fond du premier balcon et sont accessibles par des escaliers et ascenseurs cach\u00e9s aux yeux du publics. Elles se trouvent au au-del\u00e0 des si\u00e8ges, derri\u00e8re des vitres teint\u00e9es. Plong\u00e9es dans une semi-obscurit\u00e9, elles restent invisibles au regard du spectateur pour que la magie du spectacle soit &hellip; <\/p>\n<p class=\"link-more\"><a href=\"https:\/\/plateforme-numerique.intranet-opera.fr\/?page_id=708\" class=\"more-link\">Continuer la lecture<span class=\"screen-reader-text\"> de &laquo;&nbsp;Les r\u00e9gies&nbsp;&raquo;<\/span><\/a><\/p>\n","protected":false},"author":1,"featured_media":0,"parent":61,"menu_order":0,"comment_status":"closed","ping_status":"closed","template":"","meta":{"footnotes":""},"class_list":["post-708","page","type-page","status-publish","hentry"],"_links":{"self":[{"href":"https:\/\/plateforme-numerique.intranet-opera.fr\/index.php?rest_route=\/wp\/v2\/pages\/708","targetHints":{"allow":["GET"]}}],"collection":[{"href":"https:\/\/plateforme-numerique.intranet-opera.fr\/index.php?rest_route=\/wp\/v2\/pages"}],"about":[{"href":"https:\/\/plateforme-numerique.intranet-opera.fr\/index.php?rest_route=\/wp\/v2\/types\/page"}],"author":[{"embeddable":true,"href":"https:\/\/plateforme-numerique.intranet-opera.fr\/index.php?rest_route=\/wp\/v2\/users\/1"}],"replies":[{"embeddable":true,"href":"https:\/\/plateforme-numerique.intranet-opera.fr\/index.php?rest_route=%2Fwp%2Fv2%2Fcomments&post=708"}],"version-history":[{"count":15,"href":"https:\/\/plateforme-numerique.intranet-opera.fr\/index.php?rest_route=\/wp\/v2\/pages\/708\/revisions"}],"predecessor-version":[{"id":1685,"href":"https:\/\/plateforme-numerique.intranet-opera.fr\/index.php?rest_route=\/wp\/v2\/pages\/708\/revisions\/1685"}],"up":[{"embeddable":true,"href":"https:\/\/plateforme-numerique.intranet-opera.fr\/index.php?rest_route=\/wp\/v2\/pages\/61"}],"wp:attachment":[{"href":"https:\/\/plateforme-numerique.intranet-opera.fr\/index.php?rest_route=%2Fwp%2Fv2%2Fmedia&parent=708"}],"curies":[{"name":"wp","href":"https:\/\/api.w.org\/{rel}","templated":true}]}}