{"id":707,"date":"2021-04-23T17:29:32","date_gmt":"2021-04-23T15:29:32","guid":{"rendered":"http:\/\/op-int-21.fr\/plateforme-numerique-wp\/?page_id=707"},"modified":"2024-07-02T11:19:25","modified_gmt":"2024-07-02T09:19:25","slug":"la_scene","status":"publish","type":"page","link":"https:\/\/plateforme-numerique.intranet-opera.fr\/?page_id=707","title":{"rendered":"La sc\u00e8ne"},"content":{"rendered":"<div class=\"vce-row-container\" data-vce-boxed-width=\"true\"><div class=\"vce-row vce-row--col-gap-30 vce-row-equal-height vce-row-content--top\" id=\"el-cc89a334\" data-vce-do-apply=\"all el-cc89a334\"><div class=\"vce-row-content\" data-vce-element-content=\"true\"><div class=\"vce-col vce-col--md-auto vce-col--xs-1 vce-col--xs-last vce-col--xs-first vce-col--sm-last vce-col--sm-first vce-col--md-last vce-col--lg-last vce-col--xl-last vce-col--md-first vce-col--lg-first vce-col--xl-first\" id=\"el-e8e7bceb\"><div class=\"vce-col-inner\" data-vce-do-apply=\"border margin background  el-e8e7bceb\"><div class=\"vce-col-content\" data-vce-element-content=\"true\" data-vce-do-apply=\"padding el-e8e7bceb\"><div class=\"vce-text-block\"><div class=\"vce-text-block-wrapper vce\" id=\"el-b6ef198c\" data-vce-do-apply=\"all el-b6ef198c\"><p>La sc\u00e8ne de l'Auditorium a une surface totale de 1000 m\u00b2 et se compose de plusieurs espaces :<\/p><p>Tout d'abord, elle dispose de deux prosceniums, parties avant de la sc\u00e8ne, qui sont modulables. Il existe trois dispositions possibles : mont\u00e9s au niveau de la sc\u00e8ne pour en faire l'espace le plus large possible (pour les concerts), descendus et remplac\u00e9s par des rang\u00e9es de si\u00e8ges suppl\u00e9mentaires - jusqu'\u00e0 200 places en plus, pour les spectacles de danse notamment, ce qui permet d\u2019agrandir la salle jusqu'\u00e0 1611 places assises -, ou encore, abaiss\u00e9s pour ouvrir une fosse d\u2019orchestre (pour les op\u00e9ras).<\/p><p>Ensuite, \u00e0 partir du cadre de sc\u00e8ne, il y a la sc\u00e8ne principale. La partie visible depuis la salle mesure entre 14 et 18 m\u00e8tres de large, et 8 \u00e0 12 m\u00e8tres de haut. Il s'agit toutefois uniquement de la partie visible de \"l'iceberg\". En effet, il existe un vaste espace invisible aux yeux des spectateurs au dessus de la sc\u00e8ne : la cage de sc\u00e8ne dont le grill se situe \u00e0 27 m\u00e8tres de hauteur ! Cette partie est commun\u00e9ment appel\u00e9e les cintres et permets de suspendre sur des perches (68 au total) des projecteurs, des pendrillons (grands rideaux de velours noirs) voire des d\u00e9cors. Il existe \u00e9galement un espace situ\u00e9 sous la sc\u00e8ne accessible gr\u00e2ce \u00e0 un syst\u00e8me de trappes qui permet de r\u00e9aliser de nombreux effets de surprises mais \u00e9galement d'accueillir des d\u00e9cors ayant besoin de profondeur (comme une piscine par exemple). <\/p><p>Enfin, il y a la sc\u00e8ne lat\u00e9rale et l\u2019arri\u00e8re-sc\u00e8ne, cach\u00e9es aux yeux des spectateurs par des pendrillons.&nbsp;&nbsp;&nbsp;&nbsp;&nbsp;&nbsp;&nbsp;&nbsp;&nbsp;&nbsp;&nbsp;&nbsp;&nbsp;&nbsp;&nbsp;&nbsp;&nbsp;&nbsp;&nbsp;&nbsp;&nbsp;&nbsp;&nbsp;&nbsp;&nbsp;&nbsp;&nbsp;&nbsp;&nbsp;&nbsp;&nbsp;&nbsp;&nbsp;&nbsp;&nbsp;&nbsp;&nbsp;&nbsp;&nbsp;&nbsp;&nbsp;&nbsp;&nbsp;&nbsp;&nbsp;&nbsp;&nbsp;&nbsp;&nbsp;&nbsp;&nbsp;&nbsp;&nbsp;&nbsp;<\/p><p>Le soir du spectacle, lorsque le public est install\u00e9, le rideau s\u2019ouvre et d\u00e9voile la sc\u00e8ne. Il peut s\u2019ouvrir de deux fa\u00e7ons&nbsp;: \u00e0 la guillotine (vers les haut), ou \u00e0 la grecque (sur le c\u00f4t\u00e9).&nbsp;&nbsp;&nbsp;&nbsp;&nbsp;&nbsp;&nbsp;&nbsp;&nbsp;&nbsp;&nbsp;&nbsp;&nbsp;&nbsp;&nbsp;&nbsp;&nbsp;&nbsp;&nbsp;&nbsp;&nbsp;&nbsp;&nbsp;<\/p><p>Lorsqu\u2019il n\u2019y a pas de spectacle, la sc\u00e8ne est prot\u00e9g\u00e9e par un rideau pare-flammes appel\u00e9 \u00ab&nbsp;rideau de fer&nbsp;\u00bb, obligatoire dans toutes les salles de spectacle.<\/p><\/div><\/div><\/div><\/div><\/div><\/div><\/div><\/div><div class=\"vce-row-container\" data-vce-boxed-width=\"true\"><div class=\"vce-row vce-row--col-gap-30 vce-row-equal-height vce-row-content--top\" id=\"el-dbc79c61\" data-vce-do-apply=\"all el-dbc79c61\"><div class=\"vce-row-content\" data-vce-element-content=\"true\"><div class=\"vce-col vce-col--md-auto vce-col--xs-1 vce-col--xs-last vce-col--xs-first vce-col--sm-last vce-col--sm-first vce-col--md-last vce-col--lg-last vce-col--xl-last vce-col--md-first vce-col--lg-first vce-col--xl-first\" id=\"el-de4e6122\"><div class=\"vce-col-inner\" data-vce-do-apply=\"border margin background  el-de4e6122\"><div class=\"vce-col-content\" data-vce-element-content=\"true\" data-vce-do-apply=\"padding el-de4e6122\"><div class=\"vce-image-gallery-with-scaleup vce-image-gallery-with-scaleup--gap-6 vce-image-gallery-with-scaleup--columns-3\"><div class=\"vce vce-image-gallery-with-scaleup-wrapper\" id=\"el-f1d492b7\" data-vce-do-apply=\"all el-f1d492b7\"><div class=\"vce-image-gallery-with-scaleup-list\"><div class=\"vce-image-gallery-with-scaleup-item\"><div class=\"vce-image-gallery-with-scaleup-item-inner-wrapper\"><a href=\"https:\/\/plateforme-numerique.intranet-opera.fr\/wp-content\/uploads\/2021\/05\/plateau-scaled.jpg\" data-lightbox=\"lightbox-f1d492b7\" class=\"vce-image-gallery-with-scaleup-item-inner\"><img decoding=\"async\" class=\"vce-image-gallery-with-scaleup-img\" src=\"https:\/\/plateforme-numerique.intranet-opera.fr\/wp-content\/uploads\/2021\/05\/plateau-1024x683.jpg\" alt=\"\" title=\"plateau\"><\/a><\/div><\/div><div class=\"vce-image-gallery-with-scaleup-item\"><div class=\"vce-image-gallery-with-scaleup-item-inner-wrapper\"><a href=\"https:\/\/plateforme-numerique.intranet-opera.fr\/wp-content\/uploads\/2021\/05\/scene-scaled.jpg\" data-lightbox=\"lightbox-f1d492b7\" class=\"vce-image-gallery-with-scaleup-item-inner\"><img decoding=\"async\" class=\"vce-image-gallery-with-scaleup-img\" src=\"https:\/\/plateforme-numerique.intranet-opera.fr\/wp-content\/uploads\/2021\/05\/scene-1024x683.jpg\" alt=\"\" title=\"scene\"><\/a><\/div><\/div><div class=\"vce-image-gallery-with-scaleup-item\"><div class=\"vce-image-gallery-with-scaleup-item-inner-wrapper\"><a href=\"https:\/\/plateforme-numerique.intranet-opera.fr\/wp-content\/uploads\/2021\/05\/plateau-3-scaled.jpg\" data-lightbox=\"lightbox-f1d492b7\" class=\"vce-image-gallery-with-scaleup-item-inner\"><img decoding=\"async\" class=\"vce-image-gallery-with-scaleup-img\" src=\"https:\/\/plateforme-numerique.intranet-opera.fr\/wp-content\/uploads\/2021\/05\/plateau-3-1024x683.jpg\" alt=\"\" title=\"plateau 3\"><\/a><\/div><\/div><div class=\"vce-image-gallery-with-scaleup-item\"><div class=\"vce-image-gallery-with-scaleup-item-inner-wrapper\"><a href=\"https:\/\/plateforme-numerique.intranet-opera.fr\/wp-content\/uploads\/2021\/06\/DSC7469-Salle-de-lAuditorium-\u00a9Mirco-Magliocca-bd.jpg\" data-lightbox=\"lightbox-f1d492b7\" class=\"vce-image-gallery-with-scaleup-item-inner\"><img decoding=\"async\" class=\"vce-image-gallery-with-scaleup-img\" src=\"https:\/\/plateforme-numerique.intranet-opera.fr\/wp-content\/uploads\/2021\/06\/DSC7469-Salle-de-lAuditorium-\u00a9Mirco-Magliocca-bd-1024x683.jpg\" alt=\"\" title=\"_DSC7469 Salle de l'Auditorium \u00a9Mirco Magliocca bd\"><\/a><\/div><\/div><div class=\"vce-image-gallery-with-scaleup-item\"><div class=\"vce-image-gallery-with-scaleup-item-inner-wrapper\"><a href=\"https:\/\/plateforme-numerique.intranet-opera.fr\/wp-content\/uploads\/2021\/06\/DSC7530-Scene-lAuditorium-\u00a9Mirco-Magliocca-scaled.jpg\" data-lightbox=\"lightbox-f1d492b7\" class=\"vce-image-gallery-with-scaleup-item-inner\"><img decoding=\"async\" class=\"vce-image-gallery-with-scaleup-img\" src=\"https:\/\/plateforme-numerique.intranet-opera.fr\/wp-content\/uploads\/2021\/06\/DSC7530-Scene-lAuditorium-\u00a9Mirco-Magliocca-1024x683.jpg\" alt=\"\" title=\"_DSC7530 Sc\u00e8ne l'Auditorium \u00a9Mirco Magliocca\"><\/a><\/div><\/div><div class=\"vce-image-gallery-with-scaleup-item\"><div class=\"vce-image-gallery-with-scaleup-item-inner-wrapper\"><a href=\"https:\/\/plateforme-numerique.intranet-opera.fr\/wp-content\/uploads\/2021\/06\/DSC7463-Salle-et-scene-de-lAuditorium-\u00a9Mirco-Magliocca-scaled.jpg\" data-lightbox=\"lightbox-f1d492b7\" class=\"vce-image-gallery-with-scaleup-item-inner\"><img decoding=\"async\" class=\"vce-image-gallery-with-scaleup-img\" src=\"https:\/\/plateforme-numerique.intranet-opera.fr\/wp-content\/uploads\/2021\/06\/DSC7463-Salle-et-scene-de-lAuditorium-\u00a9Mirco-Magliocca-1024x576.jpg\" alt=\"\" title=\"_DSC7463 Salle et sc\u00e8ne de l'Auditorium \u00a9Mirco Magliocca\"><\/a><\/div><\/div><div class=\"vce-image-gallery-with-scaleup-item\"><div class=\"vce-image-gallery-with-scaleup-item-inner-wrapper\"><a href=\"https:\/\/plateforme-numerique.intranet-opera.fr\/wp-content\/uploads\/2021\/05\/dessous-de-scene-2-scaled.jpg\" data-lightbox=\"lightbox-f1d492b7\" class=\"vce-image-gallery-with-scaleup-item-inner\"><img decoding=\"async\" class=\"vce-image-gallery-with-scaleup-img\" src=\"https:\/\/plateforme-numerique.intranet-opera.fr\/wp-content\/uploads\/2021\/05\/dessous-de-scene-2-1024x683.jpg\" alt=\"\" title=\"dessous de scene 2\"><\/a><\/div><\/div><div class=\"vce-image-gallery-with-scaleup-item\"><div class=\"vce-image-gallery-with-scaleup-item-inner-wrapper\"><a href=\"https:\/\/plateforme-numerique.intranet-opera.fr\/wp-content\/uploads\/2021\/05\/plateau-5-scaled.jpg\" data-lightbox=\"lightbox-f1d492b7\" class=\"vce-image-gallery-with-scaleup-item-inner\"><img decoding=\"async\" class=\"vce-image-gallery-with-scaleup-img\" src=\"https:\/\/plateforme-numerique.intranet-opera.fr\/wp-content\/uploads\/2021\/05\/plateau-5-1024x683.jpg\" alt=\"\" title=\"plateau 5\"><\/a><\/div><\/div><div class=\"vce-image-gallery-with-scaleup-item\"><div class=\"vce-image-gallery-with-scaleup-item-inner-wrapper\"><a href=\"https:\/\/plateforme-numerique.intranet-opera.fr\/wp-content\/uploads\/2021\/05\/technique-scaled.jpg\" data-lightbox=\"lightbox-f1d492b7\" class=\"vce-image-gallery-with-scaleup-item-inner\"><img decoding=\"async\" class=\"vce-image-gallery-with-scaleup-img\" src=\"https:\/\/plateforme-numerique.intranet-opera.fr\/wp-content\/uploads\/2021\/05\/technique-1024x768.jpg\" alt=\"\" title=\"technique\"><\/a><\/div><\/div><\/div><\/div><\/div><\/div><\/div><\/div><\/div><\/div><\/div><div class=\"vce-row-container\" data-vce-boxed-width=\"true\"><div class=\"vce-row vce-row--col-gap-30 vce-row-equal-height vce-row-content--top\" id=\"el-b3256674\" data-vce-do-apply=\"all el-b3256674\"><div class=\"vce-row-content\" data-vce-element-content=\"true\"><div class=\"vce-col vce-col--md-auto vce-col--xs-1 vce-col--xs-last vce-col--xs-first vce-col--sm-last vce-col--sm-first vce-col--md-last vce-col--lg-last vce-col--xl-last vce-col--md-first vce-col--lg-first vce-col--xl-first\" id=\"el-1b208389\"><div class=\"vce-col-inner\" data-vce-do-apply=\"border margin background  el-1b208389\"><div class=\"vce-col-content\" data-vce-element-content=\"true\" data-vce-do-apply=\"padding el-1b208389\"><div class=\"vce-text-block\"><div class=\"vce-text-block-wrapper vce\" id=\"el-9c73a35f\" data-vce-do-apply=\"all el-9c73a35f\"><p><span style=\"font-size: 10pt;\">Sc\u00e8ne de l'Auditorium de l'Op\u00e9ra de Dijon \u00a9 Mirco Magliocca<\/span><\/p><\/div><\/div><\/div><\/div><\/div><\/div><\/div><\/div>\n","protected":false},"excerpt":{"rendered":"<p>La sc\u00e8ne de l&rsquo;Auditorium a une surface totale de 1000 m\u00b2 et se compose de plusieurs espaces :Tout d&rsquo;abord, elle dispose de deux prosceniums, parties avant de la sc\u00e8ne, qui sont modulables. Il existe trois dispositions possibles : mont\u00e9s au niveau de la sc\u00e8ne pour en faire l&rsquo;espace le plus large possible (pour les concerts), &hellip; <\/p>\n<p class=\"link-more\"><a href=\"https:\/\/plateforme-numerique.intranet-opera.fr\/?page_id=707\" class=\"more-link\">Continuer la lecture<span class=\"screen-reader-text\"> de &laquo;&nbsp;La sc\u00e8ne&nbsp;&raquo;<\/span><\/a><\/p>\n","protected":false},"author":1,"featured_media":0,"parent":61,"menu_order":0,"comment_status":"closed","ping_status":"closed","template":"","meta":{"footnotes":""},"class_list":["post-707","page","type-page","status-publish","hentry"],"_links":{"self":[{"href":"https:\/\/plateforme-numerique.intranet-opera.fr\/index.php?rest_route=\/wp\/v2\/pages\/707","targetHints":{"allow":["GET"]}}],"collection":[{"href":"https:\/\/plateforme-numerique.intranet-opera.fr\/index.php?rest_route=\/wp\/v2\/pages"}],"about":[{"href":"https:\/\/plateforme-numerique.intranet-opera.fr\/index.php?rest_route=\/wp\/v2\/types\/page"}],"author":[{"embeddable":true,"href":"https:\/\/plateforme-numerique.intranet-opera.fr\/index.php?rest_route=\/wp\/v2\/users\/1"}],"replies":[{"embeddable":true,"href":"https:\/\/plateforme-numerique.intranet-opera.fr\/index.php?rest_route=%2Fwp%2Fv2%2Fcomments&post=707"}],"version-history":[{"count":10,"href":"https:\/\/plateforme-numerique.intranet-opera.fr\/index.php?rest_route=\/wp\/v2\/pages\/707\/revisions"}],"predecessor-version":[{"id":1744,"href":"https:\/\/plateforme-numerique.intranet-opera.fr\/index.php?rest_route=\/wp\/v2\/pages\/707\/revisions\/1744"}],"up":[{"embeddable":true,"href":"https:\/\/plateforme-numerique.intranet-opera.fr\/index.php?rest_route=\/wp\/v2\/pages\/61"}],"wp:attachment":[{"href":"https:\/\/plateforme-numerique.intranet-opera.fr\/index.php?rest_route=%2Fwp%2Fv2%2Fmedia&parent=707"}],"curies":[{"name":"wp","href":"https:\/\/api.w.org\/{rel}","templated":true}]}}