{"id":706,"date":"2021-04-23T17:29:28","date_gmt":"2021-04-23T15:29:28","guid":{"rendered":"http:\/\/op-int-21.fr\/plateforme-numerique-wp\/?page_id=706"},"modified":"2024-07-02T11:17:57","modified_gmt":"2024-07-02T09:17:57","slug":"la_salle","status":"publish","type":"page","link":"https:\/\/plateforme-numerique.intranet-opera.fr\/?page_id=706","title":{"rendered":"La salle de spectacle"},"content":{"rendered":"<div class=\"vce-row-container\" data-vce-boxed-width=\"true\"><div class=\"vce-row vce-row--col-gap-30 vce-row-equal-height vce-row-content--top\" id=\"el-c46b0330\" data-vce-do-apply=\"all el-c46b0330\"><div class=\"vce-row-content\" data-vce-element-content=\"true\"><div class=\"vce-col vce-col--md-auto vce-col--xs-1 vce-col--xs-last vce-col--xs-first vce-col--sm-last vce-col--sm-first vce-col--md-last vce-col--lg-last vce-col--xl-last vce-col--md-first vce-col--lg-first vce-col--xl-first\" id=\"el-71304911\"><div class=\"vce-col-inner\" data-vce-do-apply=\"border margin background  el-71304911\"><div class=\"vce-col-content\" data-vce-element-content=\"true\" data-vce-do-apply=\"padding el-71304911\"><div class=\"vce-text-block\"><div class=\"vce-text-block-wrapper vce\" id=\"el-288a0b9c\" data-vce-do-apply=\"all el-288a0b9c\"><p>\u00c0 l\u2019Auditorium, on peut choisir sa place soit au <strong>parterre<\/strong>, soit dans les <strong>balcons<\/strong> <strong>lat\u00e9raux<\/strong>, soit au <strong>premier balcon<\/strong>, soit au <strong>deuxi\u00e8me balcon<\/strong>. Sur certains spectacles, la salle peut accueillir jusqu'\u00e0 1611 spectateurs.<\/p><p>Quel que soit l\u2019emplacement choisi, on voit parfaitement bien la sc\u00e8ne. De plus, l\u2019Auditorium a une acoustique exceptionnelle, reconnue dans le monde entier, ce qui permet \u00e0 chaque spectateur d\u2019entendre aussi bien tous les instruments et toutes les voix des chanteurs, peu importe son emplacement.<\/p><p>Pendant un op\u00e9ra, depuis le premier balcon (situ\u00e9 \u00e0 8 m\u00e8tre de hauteur), on peut voir la sc\u00e8ne mais aussi l\u2019orchestre et le chef situ\u00e9s en fosse. On ne le sait pas quand on est spectateur, mais au fond du premier balcon se trouvent les <strong>cabines de<\/strong> <strong>r\u00e9gies <\/strong>(son, lumi\u00e8re et vid\u00e9o). Il y a donc des techniciens, derri\u00e8res les spectateurs, qui travaillent pendant les repr\u00e9sentations, comme au cin\u00e9ma. <\/p><p>Les balcons lat\u00e9raux sont situ\u00e9s de chaque c\u00f4t\u00e9 du parterre, mais sont sur\u00e9lev\u00e9s. Il s'y trouve notamment la place qui \u00e9tait r\u00e9serv\u00e9e au maire \u00e0 l\u2019\u00e9poque o\u00f9 l\u2019Auditorium a \u00e9t\u00e9 construit (1998). Il y a m\u00eame un ascenseur personnel qui am\u00e8ne directement \u00e0 un salon priv\u00e9 !<\/p><p>Le second balcon se trouve tout en haut de la salle, \u00e0 16 m\u00e8tres de hauteur&nbsp;!&nbsp;<\/p><\/div><\/div><\/div><\/div><\/div><\/div><\/div><\/div><div class=\"vce-row-container\" data-vce-boxed-width=\"true\"><div class=\"vce-row vce-row--col-gap-30 vce-row-equal-height vce-row-content--top\" id=\"el-4bda4680\" data-vce-do-apply=\"all el-4bda4680\"><div class=\"vce-row-content\" data-vce-element-content=\"true\"><div class=\"vce-col vce-col--md-auto vce-col--xs-1 vce-col--xs-last vce-col--xs-first vce-col--sm-last vce-col--sm-first vce-col--md-last vce-col--lg-last vce-col--xl-last vce-col--md-first vce-col--lg-first vce-col--xl-first\" id=\"el-1add131d\"><div class=\"vce-col-inner\" data-vce-do-apply=\"border margin background  el-1add131d\"><div class=\"vce-col-content\" data-vce-element-content=\"true\" data-vce-do-apply=\"padding el-1add131d\"><div class=\"vce-image-gallery-with-scaleup vce-image-gallery-with-scaleup--gap-6 vce-image-gallery-with-scaleup--columns-4\"><div class=\"vce vce-image-gallery-with-scaleup-wrapper\" id=\"el-029aad0e\" data-vce-do-apply=\"all el-029aad0e\"><div class=\"vce-image-gallery-with-scaleup-list\"><div class=\"vce-image-gallery-with-scaleup-item\"><div class=\"vce-image-gallery-with-scaleup-item-inner-wrapper\"><a href=\"https:\/\/plateforme-numerique.intranet-opera.fr\/wp-content\/uploads\/2021\/06\/DSC7459-Salle-de-lAuditorium-\u00a9Mirco-Magliocca-bd.jpg\" data-lightbox=\"lightbox-029aad0e\" class=\"vce-image-gallery-with-scaleup-item-inner\"><img decoding=\"async\" class=\"vce-image-gallery-with-scaleup-img\" src=\"https:\/\/plateforme-numerique.intranet-opera.fr\/wp-content\/uploads\/2021\/06\/DSC7459-Salle-de-lAuditorium-\u00a9Mirco-Magliocca-bd-1024x683.jpg\" alt=\"\" title=\"_DSC7459 Salle de l'Auditorium \u00a9Mirco Magliocca bd\"><\/a><\/div><\/div><div class=\"vce-image-gallery-with-scaleup-item\"><div class=\"vce-image-gallery-with-scaleup-item-inner-wrapper\"><a href=\"https:\/\/plateforme-numerique.intranet-opera.fr\/wp-content\/uploads\/2021\/06\/DSC7469-Salle-de-lAuditorium-\u00a9Mirco-Magliocca-bd.jpg\" data-lightbox=\"lightbox-029aad0e\" class=\"vce-image-gallery-with-scaleup-item-inner\"><img decoding=\"async\" class=\"vce-image-gallery-with-scaleup-img\" src=\"https:\/\/plateforme-numerique.intranet-opera.fr\/wp-content\/uploads\/2021\/06\/DSC7469-Salle-de-lAuditorium-\u00a9Mirco-Magliocca-bd-1024x683.jpg\" alt=\"\" title=\"_DSC7469 Salle de l'Auditorium \u00a9Mirco Magliocca bd\"><\/a><\/div><\/div><div class=\"vce-image-gallery-with-scaleup-item\"><div class=\"vce-image-gallery-with-scaleup-item-inner-wrapper\"><a href=\"https:\/\/plateforme-numerique.intranet-opera.fr\/wp-content\/uploads\/2021\/06\/DSC7481-Rangees-fauteuils-Auditorium-\u00a9Mirco-Magliocca-scaled.jpg\" data-lightbox=\"lightbox-029aad0e\" class=\"vce-image-gallery-with-scaleup-item-inner\"><img decoding=\"async\" class=\"vce-image-gallery-with-scaleup-img\" src=\"https:\/\/plateforme-numerique.intranet-opera.fr\/wp-content\/uploads\/2021\/06\/DSC7481-Rangees-fauteuils-Auditorium-\u00a9Mirco-Magliocca-1024x683.jpg\" alt=\"\" title=\"_DSC7481 Rang\u00e9es fauteuils Auditorium \u00a9Mirco Magliocca\"><\/a><\/div><\/div><div class=\"vce-image-gallery-with-scaleup-item\"><div class=\"vce-image-gallery-with-scaleup-item-inner-wrapper\"><a href=\"https:\/\/plateforme-numerique.intranet-opera.fr\/wp-content\/uploads\/2021\/06\/DSC7530-Scene-lAuditorium-\u00a9Mirco-Magliocca-scaled.jpg\" data-lightbox=\"lightbox-029aad0e\" class=\"vce-image-gallery-with-scaleup-item-inner\"><img decoding=\"async\" class=\"vce-image-gallery-with-scaleup-img\" src=\"https:\/\/plateforme-numerique.intranet-opera.fr\/wp-content\/uploads\/2021\/06\/DSC7530-Scene-lAuditorium-\u00a9Mirco-Magliocca-1024x683.jpg\" alt=\"\" title=\"_DSC7530 Sc\u00e8ne l'Auditorium \u00a9Mirco Magliocca\"><\/a><\/div><\/div><div class=\"vce-image-gallery-with-scaleup-item\"><div class=\"vce-image-gallery-with-scaleup-item-inner-wrapper\"><a href=\"https:\/\/plateforme-numerique.intranet-opera.fr\/wp-content\/uploads\/2021\/06\/DSC7534-2-Detail-Salle-de-lAuditorium-\u00a9Mirco-Magliocca-scaled.jpg\" data-lightbox=\"lightbox-029aad0e\" class=\"vce-image-gallery-with-scaleup-item-inner\"><img decoding=\"async\" class=\"vce-image-gallery-with-scaleup-img vce-image-gallery-with-scaleup-img--orientation-portrait\" src=\"https:\/\/plateforme-numerique.intranet-opera.fr\/wp-content\/uploads\/2021\/06\/DSC7534-2-Detail-Salle-de-lAuditorium-\u00a9Mirco-Magliocca-683x1024.jpg\" alt=\"\" title=\"_DSC7534-2 D\u00e9tail Salle de l'Auditorium \u00a9Mirco Magliocca\"><\/a><\/div><\/div><div class=\"vce-image-gallery-with-scaleup-item\"><div class=\"vce-image-gallery-with-scaleup-item-inner-wrapper\"><a href=\"https:\/\/plateforme-numerique.intranet-opera.fr\/wp-content\/uploads\/2021\/06\/DSC7542-Salle-de-lAuditorium-\u00a9Mirco-Magliocca-scaled.jpg\" data-lightbox=\"lightbox-029aad0e\" class=\"vce-image-gallery-with-scaleup-item-inner\"><img decoding=\"async\" class=\"vce-image-gallery-with-scaleup-img vce-image-gallery-with-scaleup-img--orientation-portrait\" src=\"https:\/\/plateforme-numerique.intranet-opera.fr\/wp-content\/uploads\/2021\/06\/DSC7542-Salle-de-lAuditorium-\u00a9Mirco-Magliocca-683x1024.jpg\" alt=\"\" title=\"_DSC7542 Salle de l'Auditorium \u00a9Mirco Magliocca\"><\/a><\/div><\/div><div class=\"vce-image-gallery-with-scaleup-item\"><div class=\"vce-image-gallery-with-scaleup-item-inner-wrapper\"><a href=\"https:\/\/plateforme-numerique.intranet-opera.fr\/wp-content\/uploads\/2021\/06\/DSC7550-Salle-et-scene-de-lAuditorium-\u00a9Mirco-Magliocca-scaled.jpg\" data-lightbox=\"lightbox-029aad0e\" class=\"vce-image-gallery-with-scaleup-item-inner\"><img decoding=\"async\" class=\"vce-image-gallery-with-scaleup-img\" src=\"https:\/\/plateforme-numerique.intranet-opera.fr\/wp-content\/uploads\/2021\/06\/DSC7550-Salle-et-scene-de-lAuditorium-\u00a9Mirco-Magliocca-1024x683.jpg\" alt=\"\" title=\"_DSC7550 Salle et sc\u00e8ne de l'Auditorium \u00a9Mirco Magliocca\"><\/a><\/div><\/div><div class=\"vce-image-gallery-with-scaleup-item\"><div class=\"vce-image-gallery-with-scaleup-item-inner-wrapper\"><a href=\"https:\/\/plateforme-numerique.intranet-opera.fr\/wp-content\/uploads\/2021\/06\/DSC7606-Detail-Salle-de-lAuditorium-\u00a9Mirco-Magliocca-scaled.jpg\" data-lightbox=\"lightbox-029aad0e\" class=\"vce-image-gallery-with-scaleup-item-inner\"><img decoding=\"async\" class=\"vce-image-gallery-with-scaleup-img\" src=\"https:\/\/plateforme-numerique.intranet-opera.fr\/wp-content\/uploads\/2021\/06\/DSC7606-Detail-Salle-de-lAuditorium-\u00a9Mirco-Magliocca-1024x1024.jpg\" alt=\"\" title=\"_DSC7606 D\u00e9tail Salle de l'Auditorium \u00a9Mirco Magliocca\"><\/a><\/div><\/div><\/div><\/div><\/div><\/div><\/div><\/div><\/div><\/div><\/div><div class=\"vce-row-container\" data-vce-boxed-width=\"true\"><div class=\"vce-row vce-row--col-gap-30 vce-row-equal-height vce-row-content--top\" id=\"el-d625fe7f\" data-vce-do-apply=\"all el-d625fe7f\"><div class=\"vce-row-content\" data-vce-element-content=\"true\"><div class=\"vce-col vce-col--md-auto vce-col--xs-1 vce-col--xs-last vce-col--xs-first vce-col--sm-last vce-col--sm-first vce-col--md-last vce-col--lg-last vce-col--xl-last vce-col--md-first vce-col--lg-first vce-col--xl-first\" id=\"el-b7ff7c5a\"><div class=\"vce-col-inner\" data-vce-do-apply=\"border margin background  el-b7ff7c5a\"><div class=\"vce-col-content\" data-vce-element-content=\"true\" data-vce-do-apply=\"padding el-b7ff7c5a\"><div class=\"vce-text-block\"><div class=\"vce-text-block-wrapper vce\" id=\"el-c4e8495b\" data-vce-do-apply=\"all el-c4e8495b\"><p><span style=\"font-size: 10pt;\">Salle de spectacle de l'Auditorium de l'Op\u00e9ra de Dijon \u00a9Mirco Magliocca<\/span><\/p><\/div><\/div><\/div><\/div><\/div><\/div><\/div><\/div>\n","protected":false},"excerpt":{"rendered":"<p>\u00c0 l\u2019Auditorium, on peut choisir sa place soit au parterre, soit dans les balcons lat\u00e9raux, soit au premier balcon, soit au deuxi\u00e8me balcon. Sur certains spectacles, la salle peut accueillir jusqu&rsquo;\u00e0 1611 spectateurs.Quel que soit l\u2019emplacement choisi, on voit parfaitement bien la sc\u00e8ne. De plus, l\u2019Auditorium a une acoustique exceptionnelle, reconnue dans le monde entier, &hellip; <\/p>\n<p class=\"link-more\"><a href=\"https:\/\/plateforme-numerique.intranet-opera.fr\/?page_id=706\" class=\"more-link\">Continuer la lecture<span class=\"screen-reader-text\"> de &laquo;&nbsp;La salle de spectacle&nbsp;&raquo;<\/span><\/a><\/p>\n","protected":false},"author":1,"featured_media":0,"parent":61,"menu_order":0,"comment_status":"closed","ping_status":"closed","template":"","meta":{"footnotes":""},"class_list":["post-706","page","type-page","status-publish","hentry"],"_links":{"self":[{"href":"https:\/\/plateforme-numerique.intranet-opera.fr\/index.php?rest_route=\/wp\/v2\/pages\/706","targetHints":{"allow":["GET"]}}],"collection":[{"href":"https:\/\/plateforme-numerique.intranet-opera.fr\/index.php?rest_route=\/wp\/v2\/pages"}],"about":[{"href":"https:\/\/plateforme-numerique.intranet-opera.fr\/index.php?rest_route=\/wp\/v2\/types\/page"}],"author":[{"embeddable":true,"href":"https:\/\/plateforme-numerique.intranet-opera.fr\/index.php?rest_route=\/wp\/v2\/users\/1"}],"replies":[{"embeddable":true,"href":"https:\/\/plateforme-numerique.intranet-opera.fr\/index.php?rest_route=%2Fwp%2Fv2%2Fcomments&post=706"}],"version-history":[{"count":12,"href":"https:\/\/plateforme-numerique.intranet-opera.fr\/index.php?rest_route=\/wp\/v2\/pages\/706\/revisions"}],"predecessor-version":[{"id":1743,"href":"https:\/\/plateforme-numerique.intranet-opera.fr\/index.php?rest_route=\/wp\/v2\/pages\/706\/revisions\/1743"}],"up":[{"embeddable":true,"href":"https:\/\/plateforme-numerique.intranet-opera.fr\/index.php?rest_route=\/wp\/v2\/pages\/61"}],"wp:attachment":[{"href":"https:\/\/plateforme-numerique.intranet-opera.fr\/index.php?rest_route=%2Fwp%2Fv2%2Fmedia&parent=706"}],"curies":[{"name":"wp","href":"https:\/\/api.w.org\/{rel}","templated":true}]}}