{"id":70,"date":"2020-10-19T14:33:51","date_gmt":"2020-10-19T12:33:51","guid":{"rendered":"http:\/\/op-int-21.fr\/plateforme-numerique-wp\/?page_id=70"},"modified":"2026-04-09T13:55:42","modified_gmt":"2026-04-09T11:55:42","slug":"clarinette","status":"publish","type":"page","link":"https:\/\/plateforme-numerique.intranet-opera.fr\/?page_id=70","title":{"rendered":"Clarinette"},"content":{"rendered":"<div class=\"vce-row-container\" data-vce-boxed-width=\"true\"><div class=\"vce-row vce-row--col-gap-30 vce-row-content--top\" id=\"el-cd8989ad\" data-vce-do-apply=\"all el-cd8989ad\"><div class=\"vce-row-content\" data-vce-element-content=\"true\"><div class=\"vce-col vce-col--md-auto vce-col--xs-1 vce-col--xs-last vce-col--xs-first vce-col--sm-last vce-col--sm-first vce-col--md-last vce-col--lg-last vce-col--xl-last vce-col--md-first vce-col--lg-first vce-col--xl-first\" id=\"el-bc9fb5ec\"><div class=\"vce-col-inner\" data-vce-do-apply=\"border margin background  el-bc9fb5ec\"><div class=\"vce-col-content\" data-vce-element-content=\"true\" data-vce-do-apply=\"padding el-bc9fb5ec\"><div class=\"vce-text-block\"><div class=\"vce-text-block-wrapper vce\" id=\"el-934708f1\" data-vce-do-apply=\"all el-934708f1\">\n<p>C\u2019est un instrument \u00e0 vent en bois, autrefois appel\u00e9 \u00ab chalumeau \u00bb, \u00e0 anche simple, qui appara\u00eet \u00e0 la fin de l\u2019\u00e9poque baroque. Elle poss\u00e8de un timbre chaud dans les graves et brillant dans les aigus. Elle est actuellement utilis\u00e9e autant dans le jazz que dans la musique classique.<\/p>\n\n<figure class=\"wp-block-image size-large\"><img decoding=\"async\" src=\"blob:http:\/\/op-int-21.fr\/633da973-38c7-4bd6-9e7f-5a7402d49e81\" alt=\"\"><\/figure>\n<\/div><\/div><\/div><\/div><\/div><\/div><\/div><\/div><div class=\"vce-row-container\" data-vce-boxed-width=\"true\"><div class=\"vce-row vce-row--col-gap-30 vce-row-content--top\" id=\"el-385b3353\" data-vce-do-apply=\"all el-385b3353\"><div class=\"vce-row-content\" data-vce-element-content=\"true\"><div class=\"vce-col vce-col--md-auto vce-col--xs-1 vce-col--xs-last vce-col--xs-first vce-col--sm-last vce-col--sm-first vce-col--md-last vce-col--lg-last vce-col--xl-last vce-col--md-first vce-col--lg-first vce-col--xl-first\" id=\"el-038649ad\"><div class=\"vce-col-inner\" data-vce-do-apply=\"border margin background  el-038649ad\"><div class=\"vce-col-content\" data-vce-element-content=\"true\" data-vce-do-apply=\"padding el-038649ad\"><div class=\"vce-yt-video-player vce-yt-video-player--align-center vce-yt-video-player--size-560x315\"><div class=\"vce vce-yt-video-player-wrapper\" id=\"el-be68e56b\" style=\"width: 560px;\" data-vce-do-apply=\"all el-be68e56b\"><div class=\"vce-yt-video-player-inner\"><iframe loading=\"lazy\" class=\"vce-yt-video-player-iframe\" src=\"https:\/\/www.youtube.com\/embed\/l-1qDAKSreM?autoplay=0&amp;mute=0&amp;color=red&amp;controls=1&amp;loop=0&amp;rel=0&amp;start=0&amp;cc_load_policy=0&amp;iv_load_policy=3&amp;enablejsapi=1\" allowfullscreen=\"\" title=\"YouTube video\" width=\"640\" height=\"390\"><\/iframe><\/div><\/div><\/div><\/div><\/div><\/div><\/div><\/div><\/div><div class=\"vce-row-container\" data-vce-boxed-width=\"true\"><div class=\"vce-row vce-row--col-gap-30 vce-row-equal-height vce-row-content--top\" id=\"el-5482b175\" data-vce-do-apply=\"all el-5482b175\"><div class=\"vce-row-content\" data-vce-element-content=\"true\"><div class=\"vce-col vce-col--md-auto vce-col--xs-1 vce-col--xs-last vce-col--xs-first vce-col--sm-last vce-col--sm-first vce-col--md-first vce-col--lg-first vce-col--xl-first\" id=\"el-dcddb7ab\"><div class=\"vce-col-inner\" data-vce-do-apply=\"border margin background  el-dcddb7ab\"><div class=\"vce-col-content\" data-vce-element-content=\"true\" data-vce-do-apply=\"padding el-dcddb7ab\"><div class=\"vce-posts-grid-container vce-post-grid-with-hover-button-container\" style=\"--gapPx: 10px; --columns: 1; --paginationColor: #e2e2e2; --paginationActiveColor: #E0BAA0; --paginationHoverColor: #d6d6d6; --paginationActiveHoverColor: #d5b098;\"><div class=\"vce vce-posts-grid-wrapper\" id=\"el-cc650ab7\" data-vce-do-apply=\"all el-cc650ab7\"><div class=\"vce-posts-grid-list\"><div class=\"vce-posts-grid-item\"><div class=\"vce-post-description vce-post-description--full\" style=\"--authorColor:#393939;--buttonOverlayPaddingPx:8px;--dateColor:#D7DFE4;--imageOverlayBackground:#00000066;--titleColor:#393939;--excerptColor:#6A6A6A\"><a href=\"https:\/\/plateforme-numerique.intranet-opera.fr\/?page_id=745\" class=\"vce-post-grid-with-hover-button--link\" aria-label=\"Fl\u00fbte traversi\u00e8re\"><\/a><div class=\"vce-post-grid-with-hover-button--image vce-post-grid-with-hover-button-aspect-ratio--1-1\" style=\"background-image:url(https:\/\/plateforme-numerique.intranet-opera.fr\/wp-content\/uploads\/2021\/03\/12-Flute-traversiere_Vignettes-130x130-1.jpg)\"><div class=\"vce-post-grid-with-hover-button--image-overlay vce-post-grid-with-hover-button--image-overlay-position-center-center\"><div class=\"vce-button--style-outline-container vce-button--style-outline-container--align-left\"><span class=\"vce-button--style-outline-wrapper vce\" id=\"el-05f3bf68\" data-vce-do-apply=\"margin el-05f3bf68\"><button class=\"vce-button vce-button--style-outline-animated vce-button--style-outline--border-round vce-button--style-outline--size-small vce-button--style-outline-animated--color-fff--fff--3d3d3d vce-button--style-outline-animated--border-color-fff--3d3d3d vce-button--style-outline-animated--background-color-3d3d3d\" data-vce-do-apply=\"padding border background  el-05f3bf68\"><span class=\"vce-button--style-outline-text\">Allez voir<\/span><\/button><\/span><\/div><\/div><\/div><div class=\"vce-post-grid-with-hover-button-description vce-post-grid-with-hover-button-description-position--left\"><\/div><\/div><\/div><\/div><\/div><\/div><\/div><\/div><\/div><div class=\"vce-col vce-col--md-auto vce-col--xs-1 vce-col--xs-last vce-col--xs-first vce-col--sm-last vce-col--sm-first\" id=\"el-c548dcbe\"><div class=\"vce-col-inner\" data-vce-do-apply=\"border margin background  el-c548dcbe\"><div class=\"vce-col-content\" data-vce-element-content=\"true\" data-vce-do-apply=\"padding el-c548dcbe\"><div class=\"vcv-row-control-wrapper\"><\/div><\/div><\/div><\/div><div class=\"vce-col vce-col--md-auto vce-col--xs-1 vce-col--xs-last vce-col--xs-first vce-col--sm-last vce-col--sm-first vce-col--md-last vce-col--lg-last vce-col--xl-last\" id=\"el-fe6dfd65\"><div class=\"vce-col-inner\" data-vce-do-apply=\"border margin background  el-fe6dfd65\"><div class=\"vce-col-content\" data-vce-element-content=\"true\" data-vce-do-apply=\"padding el-fe6dfd65\"><div class=\"vce-posts-grid-container vce-post-grid-with-hover-button-container\" style=\"--gapPx: 10px; --columns: 1; --paginationColor: #e2e2e2; --paginationActiveColor: #E0BAA0; --paginationHoverColor: #d6d6d6; --paginationActiveHoverColor: #d5b098;\"><div class=\"vce vce-posts-grid-wrapper\" id=\"el-3c20b5de\" data-vce-do-apply=\"all el-3c20b5de\"><div class=\"vce-posts-grid-list\"><div class=\"vce-posts-grid-item\"><div class=\"vce-post-description vce-post-description--full\" style=\"--authorColor:#393939;--buttonOverlayPaddingPx:8px;--dateColor:#D7DFE4;--imageOverlayBackground:#00000066;--titleColor:#393939;--excerptColor:#6A6A6A\"><a href=\"https:\/\/plateforme-numerique.intranet-opera.fr\/?page_id=125\" class=\"vce-post-grid-with-hover-button--link\" aria-label=\"Basson\"><\/a><div class=\"vce-post-grid-with-hover-button--image vce-post-grid-with-hover-button-aspect-ratio--1-1\" style=\"background-image:url(https:\/\/plateforme-numerique.intranet-opera.fr\/wp-content\/uploads\/2021\/03\/15-Basson_Vignettes-130x130-1.jpg)\"><div class=\"vce-post-grid-with-hover-button--image-overlay vce-post-grid-with-hover-button--image-overlay-position-center-center\"><div class=\"vce-button--style-outline-container vce-button--style-outline-container--align-left\"><span class=\"vce-button--style-outline-wrapper vce\" id=\"el-5cf54a4f\" data-vce-do-apply=\"margin el-5cf54a4f\"><button class=\"vce-button vce-button--style-outline-animated vce-button--style-outline--border-round vce-button--style-outline--size-small vce-button--style-outline-animated--color-fff--fff--3d3d3d vce-button--style-outline-animated--border-color-fff--3d3d3d vce-button--style-outline-animated--background-color-3d3d3d\" data-vce-do-apply=\"padding border background  el-5cf54a4f\"><span class=\"vce-button--style-outline-text\">Allez voir<\/span><\/button><\/span><\/div><\/div><\/div><div class=\"vce-post-grid-with-hover-button-description vce-post-grid-with-hover-button-description-position--left\"><\/div><\/div><\/div><\/div><\/div><\/div><\/div><\/div><\/div><\/div><\/div><\/div>","protected":false},"excerpt":{"rendered":"<p>C\u2019est un instrument \u00e0 vent en bois, autrefois appel\u00e9 \u00ab chalumeau \u00bb, \u00e0 anche simple, qui appara\u00eet \u00e0 la fin de l\u2019\u00e9poque baroque. Elle poss\u00e8de un timbre chaud dans les graves et brillant dans les aigus. Elle est actuellement utilis\u00e9e autant dans le jazz que dans la musique classique.<\/p>\n","protected":false},"author":1,"featured_media":421,"parent":0,"menu_order":0,"comment_status":"closed","ping_status":"closed","template":"","meta":{"footnotes":""},"class_list":["post-70","page","type-page","status-publish","has-post-thumbnail","hentry"],"_links":{"self":[{"href":"https:\/\/plateforme-numerique.intranet-opera.fr\/index.php?rest_route=\/wp\/v2\/pages\/70","targetHints":{"allow":["GET"]}}],"collection":[{"href":"https:\/\/plateforme-numerique.intranet-opera.fr\/index.php?rest_route=\/wp\/v2\/pages"}],"about":[{"href":"https:\/\/plateforme-numerique.intranet-opera.fr\/index.php?rest_route=\/wp\/v2\/types\/page"}],"author":[{"embeddable":true,"href":"https:\/\/plateforme-numerique.intranet-opera.fr\/index.php?rest_route=\/wp\/v2\/users\/1"}],"replies":[{"embeddable":true,"href":"https:\/\/plateforme-numerique.intranet-opera.fr\/index.php?rest_route=%2Fwp%2Fv2%2Fcomments&post=70"}],"version-history":[{"count":13,"href":"https:\/\/plateforme-numerique.intranet-opera.fr\/index.php?rest_route=\/wp\/v2\/pages\/70\/revisions"}],"predecessor-version":[{"id":1865,"href":"https:\/\/plateforme-numerique.intranet-opera.fr\/index.php?rest_route=\/wp\/v2\/pages\/70\/revisions\/1865"}],"wp:featuredmedia":[{"embeddable":true,"href":"https:\/\/plateforme-numerique.intranet-opera.fr\/index.php?rest_route=\/wp\/v2\/media\/421"}],"wp:attachment":[{"href":"https:\/\/plateforme-numerique.intranet-opera.fr\/index.php?rest_route=%2Fwp%2Fv2%2Fmedia&parent=70"}],"curies":[{"name":"wp","href":"https:\/\/api.w.org\/{rel}","templated":true}]}}