{"id":61,"date":"2020-10-19T14:29:20","date_gmt":"2020-10-19T12:29:20","guid":{"rendered":"http:\/\/op-int-21.fr\/plateforme-numerique-wp\/?page_id=61"},"modified":"2024-06-18T14:50:21","modified_gmt":"2024-06-18T12:50:21","slug":"visiter-lopera","status":"publish","type":"page","link":"https:\/\/plateforme-numerique.intranet-opera.fr\/?page_id=61","title":{"rendered":""},"content":{"rendered":"<div class=\"vce-row-container\" data-vce-boxed-width=\"true\"><div class=\"vce-row vce-row--col-gap-30 vce-row-equal-height vce-row-content--top\" id=\"el-6bff68da\" data-vce-do-apply=\"all el-6bff68da\"><div class=\"vce-row-content\" data-vce-element-content=\"true\"><div class=\"vce-col vce-col--md-auto vce-col--xs-1 vce-col--xs-last vce-col--xs-first vce-col--sm-last vce-col--sm-first vce-col--md-last vce-col--lg-last vce-col--xl-last vce-col--md-first vce-col--lg-first vce-col--xl-first\" id=\"el-d83d4ea8\"><div class=\"vce-col-inner\" data-vce-do-apply=\"border margin background  el-d83d4ea8\"><div class=\"vce-col-content\" data-vce-element-content=\"true\" data-vce-do-apply=\"padding el-d83d4ea8\"><div class=\"vce-text-block\"><div class=\"vce-text-block-wrapper vce\" id=\"el-f82e3842\" data-vce-do-apply=\"all el-f82e3842\">\n<div class=\"wp-block-group is-layout-flow wp-block-group-is-layout-flow\">\n<div class=\"wp-block-group__inner-container\">\n<h2>Visiter l'Auditorium<\/h2>\n<p>L\u2019Op\u00e9ra de Dijon se compose de deux salles&nbsp;: le Grand Th\u00e9\u00e2tre (1828), et l\u2019Auditorium (1998). L\u2019Auditorium est l\u2019une des meilleures salles du monde, gr\u00e2ce \u00e0 son acoustique exceptionnelle. Ses installations techniques modernes permettent de r\u00e9aliser des spectacles impressionnants.<\/p>\n<p>Nous vous proposons une visite virtuelle des diff\u00e9rents espaces de cet immense b\u00e2timent.<\/p>\n<\/div>\n<\/div>\n<\/div><\/div><\/div><\/div><\/div><\/div><\/div><\/div><div class=\"vce-row-container\" data-vce-boxed-width=\"true\"><div class=\"vce-row vce-row--col-gap-30 vce-row-equal-height vce-row-content--top\" id=\"el-88b1cea4\" data-vce-do-apply=\"all el-88b1cea4\"><div class=\"vce-row-content\" data-vce-element-content=\"true\"><div class=\"vce-col vce-col--md-auto vce-col--xs-1 vce-col--xs-last vce-col--xs-first vce-col--sm-last vce-col--sm-first vce-col--md-last vce-col--lg-last vce-col--xl-last vce-col--md-first vce-col--lg-first vce-col--xl-first\" id=\"el-e7117de6\"><div class=\"vce-col-inner\" data-vce-do-apply=\"border margin background  el-e7117de6\"><div class=\"vce-col-content\" data-vce-element-content=\"true\" data-vce-do-apply=\"padding el-e7117de6\"><div class=\"vce-shortcode\"><div class=\"vce-shortcode-wrapper vce\" id=\"el-b543cea0\" data-vce-do-apply=\"all el-b543cea0\" data-vce-animate=\"vce-o-animate--tada\"><iframe loading=\"lazy\" src=\"https:\/\/visite-virtuelle.opera-dijon.fr\/\" width=\"900\" height=\"900\" allow=\"fullscreen\"><\/iframe><\/div><\/div><\/div><\/div><\/div><\/div><\/div><\/div>","protected":false},"excerpt":{"rendered":"<p>Visiter l&rsquo;Auditorium L\u2019Op\u00e9ra de Dijon se compose de deux salles&nbsp;: le Grand Th\u00e9\u00e2tre (1828), et l\u2019Auditorium (1998). L\u2019Auditorium est l\u2019une des meilleures salles du monde, gr\u00e2ce \u00e0 son acoustique exceptionnelle. Ses installations techniques modernes permettent de r\u00e9aliser des spectacles impressionnants. Nous vous proposons une visite virtuelle des diff\u00e9rents espaces de cet immense b\u00e2timent.<\/p>\n","protected":false},"author":1,"featured_media":0,"parent":0,"menu_order":0,"comment_status":"closed","ping_status":"closed","template":"","meta":{"footnotes":""},"class_list":["post-61","page","type-page","status-publish","hentry"],"_links":{"self":[{"href":"https:\/\/plateforme-numerique.intranet-opera.fr\/index.php?rest_route=\/wp\/v2\/pages\/61","targetHints":{"allow":["GET"]}}],"collection":[{"href":"https:\/\/plateforme-numerique.intranet-opera.fr\/index.php?rest_route=\/wp\/v2\/pages"}],"about":[{"href":"https:\/\/plateforme-numerique.intranet-opera.fr\/index.php?rest_route=\/wp\/v2\/types\/page"}],"author":[{"embeddable":true,"href":"https:\/\/plateforme-numerique.intranet-opera.fr\/index.php?rest_route=\/wp\/v2\/users\/1"}],"replies":[{"embeddable":true,"href":"https:\/\/plateforme-numerique.intranet-opera.fr\/index.php?rest_route=%2Fwp%2Fv2%2Fcomments&post=61"}],"version-history":[{"count":35,"href":"https:\/\/plateforme-numerique.intranet-opera.fr\/index.php?rest_route=\/wp\/v2\/pages\/61\/revisions"}],"predecessor-version":[{"id":1526,"href":"https:\/\/plateforme-numerique.intranet-opera.fr\/index.php?rest_route=\/wp\/v2\/pages\/61\/revisions\/1526"}],"wp:attachment":[{"href":"https:\/\/plateforme-numerique.intranet-opera.fr\/index.php?rest_route=%2Fwp%2Fv2%2Fmedia&parent=61"}],"curies":[{"name":"wp","href":"https:\/\/api.w.org\/{rel}","templated":true}]}}