{"id":592,"date":"2021-04-15T10:44:34","date_gmt":"2021-04-15T08:44:34","guid":{"rendered":"http:\/\/op-int-21.fr\/plateforme-numerique-wp\/?page_id=592"},"modified":"2024-06-26T15:46:43","modified_gmt":"2024-06-26T13:46:43","slug":"scenographie","status":"publish","type":"page","link":"https:\/\/plateforme-numerique.intranet-opera.fr\/?page_id=592","title":{"rendered":"Sc\u00e9nographie"},"content":{"rendered":"<div class=\"vce-row-container\" data-vce-boxed-width=\"true\"><div class=\"vce-row vce-row--col-gap-30 vce-row-equal-height vce-row-content--top\" id=\"el-721394cb\" data-vce-do-apply=\"all el-721394cb\"><div class=\"vce-row-content\" data-vce-element-content=\"true\"><div class=\"vce-col vce-col--md-auto vce-col--xs-1 vce-col--xs-last vce-col--xs-first vce-col--sm-last vce-col--sm-first vce-col--md-last vce-col--lg-last vce-col--xl-last vce-col--md-first vce-col--lg-first vce-col--xl-first\" id=\"el-383188be\"><div class=\"vce-col-inner\" data-vce-do-apply=\"border margin background  el-383188be\"><div class=\"vce-col-content\" data-vce-element-content=\"true\" data-vce-do-apply=\"padding el-383188be\"><div class=\"vce-text-block\"><div class=\"vce-text-block-wrapper vce\" id=\"el-44e57dee\" data-vce-do-apply=\"all el-44e57dee\"><p>Le sc\u00e9nographe est aussi appel\u00e9 le d\u00e9corateur, car c\u2019est lui qui, en collaboration avec le metteur en sc\u00e8ne, dessine et invente les d\u00e9cors. Ensemble, ils d\u00e9cident d'un univers, fictif ou r\u00e9el, relevant du pass\u00e9, du futur ou du pr\u00e9sent, pour y d\u00e9velopper l\u2019action. Ils inventent ou r\u00e9inventent une oeuvre \u00e0 partir d'un livret d'op\u00e9ra. <\/p><p>Le r\u00f4le du sc\u00e9nographe est tr\u00e8s important : l\u2019image que les spectateurs retiendront du spectacle vient en grande partie de lui. Il travaille toutefois en \u00e9troite collaboration avec le costumier et le cr\u00e9ateur lumi\u00e8re pour cr\u00e9er un spectacle et un espace coh\u00e9rent. Avec cette \u00e9quipe artistique, chapeaut\u00e9e par le metteur en sc\u00e8ne, il r\u00e9alise une maquette sc\u00e9nographique afin d'expliquer le projet \u00e0 l'\u00e9quipe technique et aux artisans des ateliers de l'Op\u00e9ra. Cette pr\u00e9sentation de maquette se fait de 6 mois \u00e0 1 an avant la Premi\u00e8re du spectacle et permet de d\u00e9terminer ce qu'il est possible de mettre en place en fonction des capacit\u00e9s de la salle de spectacle et du budget de la production. <\/p><p>Ses comp\u00e9tences sont souvent plurielles et rel\u00e8vent d'une bonne connaissance du spectacle de sc\u00e8ne, de l'architecture et parfois de la vid\u00e9o et de la lumi\u00e8re.<\/p><\/div><\/div><\/div><\/div><\/div><\/div><\/div><\/div><div class=\"vce-row-container\" data-vce-boxed-width=\"true\"><div class=\"vce-row vce-row--col-gap-30 vce-row-equal-height vce-row-content--top\" id=\"el-e8d2a633\" data-vce-do-apply=\"all el-e8d2a633\"><div class=\"vce-row-content\" data-vce-element-content=\"true\"><div class=\"vce-col vce-col--md-auto vce-col--xs-1 vce-col--xs-last vce-col--xs-first vce-col--sm-last vce-col--sm-first vce-col--md-last vce-col--lg-last vce-col--xl-last vce-col--md-first vce-col--lg-first vce-col--xl-first\" id=\"el-49c7c7e8\"><div class=\"vce-col-inner\" data-vce-do-apply=\"border margin background  el-49c7c7e8\"><div class=\"vce-col-content\" data-vce-element-content=\"true\" data-vce-do-apply=\"padding el-49c7c7e8\"><div class=\"vce-image-gallery-with-scaleup vce-image-gallery-with-scaleup--gap-6 vce-image-gallery-with-scaleup--columns-2\"><div class=\"vce vce-image-gallery-with-scaleup-wrapper\" id=\"el-facd9446\" data-vce-do-apply=\"all el-facd9446\"><div class=\"vce-image-gallery-with-scaleup-list\"><div class=\"vce-image-gallery-with-scaleup-item\"><div class=\"vce-image-gallery-with-scaleup-item-inner-wrapper\"><a href=\"https:\/\/plateforme-numerique.intranet-opera.fr\/wp-content\/uploads\/2021\/04\/Flu\u00a6ete-pre\u00a6umaquette-ACTE-II-scaled.jpg\" data-lightbox=\"lightbox-facd9446\" class=\"vce-image-gallery-with-scaleup-item-inner\"><img decoding=\"async\" class=\"vce-image-gallery-with-scaleup-img\" src=\"https:\/\/plateforme-numerique.intranet-opera.fr\/wp-content\/uploads\/2021\/04\/Flu\u00a6ete-pre\u00a6umaquette-ACTE-II-1024x575.jpg\" alt=\"\" title=\"Flu\u00a6ete-pre\u00a6umaquette ACTE II\"><\/a><\/div><\/div><div class=\"vce-image-gallery-with-scaleup-item\"><div class=\"vce-image-gallery-with-scaleup-item-inner-wrapper\"><a href=\"https:\/\/plateforme-numerique.intranet-opera.fr\/wp-content\/uploads\/2021\/04\/scenographe-scaled.jpg\" data-lightbox=\"lightbox-facd9446\" class=\"vce-image-gallery-with-scaleup-item-inner\"><img decoding=\"async\" class=\"vce-image-gallery-with-scaleup-img\" src=\"https:\/\/plateforme-numerique.intranet-opera.fr\/wp-content\/uploads\/2021\/04\/scenographe-1024x684.jpg\" alt=\"\" title=\"scenographe\"><\/a><\/div><\/div><\/div><\/div><\/div><\/div><\/div><\/div><\/div><\/div><\/div><div class=\"vce-row-container\" data-vce-boxed-width=\"true\"><div class=\"vce-row vce-row--col-gap-30 vce-row-equal-height vce-row-content--top\" id=\"el-10ddd801\" data-vce-do-apply=\"all el-10ddd801\"><div class=\"vce-row-content\" data-vce-element-content=\"true\"><div class=\"vce-col vce-col--md-auto vce-col--xs-1 vce-col--xs-last vce-col--xs-first vce-col--sm-last vce-col--sm-first vce-col--md-last vce-col--lg-last vce-col--xl-last vce-col--md-first vce-col--lg-first vce-col--xl-first\" id=\"el-0c94eee0\"><div class=\"vce-col-inner\" data-vce-do-apply=\"border margin background  el-0c94eee0\"><div class=\"vce-col-content\" data-vce-element-content=\"true\" data-vce-do-apply=\"padding el-0c94eee0\"><div class=\"vcv-row-control-wrapper\"><\/div><\/div><\/div><\/div><\/div><\/div><\/div><div class=\"vce-row-container\" data-vce-boxed-width=\"true\"><div class=\"vce-row vce-row--col-gap-30 vce-row-equal-height vce-row-content--top\" id=\"el-df5984a9\" data-vce-do-apply=\"all el-df5984a9\"><div class=\"vce-row-content\" data-vce-element-content=\"true\"><div class=\"vce-col vce-col--md-auto vce-col--xs-1 vce-col--xs-last vce-col--xs-first vce-col--sm-last vce-col--sm-first vce-col--md-last vce-col--lg-last vce-col--xl-last vce-col--md-first vce-col--lg-first vce-col--xl-first\" id=\"el-6fa7887e\"><div class=\"vce-col-inner\" data-vce-do-apply=\"border margin background  el-6fa7887e\"><div class=\"vce-col-content\" data-vce-element-content=\"true\" data-vce-do-apply=\"padding el-6fa7887e\"><div class=\"vce-text-block\"><div class=\"vce-text-block-wrapper vce\" id=\"el-aab96eef\" data-vce-do-apply=\"all el-aab96eef\"><p><span style=\"font-size: 10pt;\">D\u00c9COUVRIR AUSSI<\/span><\/p><\/div><\/div><\/div><\/div><\/div><\/div><\/div><\/div><div class=\"vce-row-container\" data-vce-boxed-width=\"true\"><div class=\"vce-row vce-row--col-gap-30 vce-row-equal-height vce-row-content--top\" id=\"el-3880e1af\" data-vce-do-apply=\"all el-3880e1af\"><div class=\"vce-row-content\" data-vce-element-content=\"true\"><div class=\"vce-col vce-col--md-auto vce-col--xs-1 vce-col--xs-last vce-col--xs-first vce-col--sm-last vce-col--sm-first vce-col--md-first vce-col--lg-first vce-col--xl-first\" id=\"el-ffc0e50d\"><div class=\"vce-col-inner\" data-vce-do-apply=\"border margin background  el-ffc0e50d\"><div class=\"vce-col-content\" data-vce-element-content=\"true\" data-vce-do-apply=\"padding el-ffc0e50d\"><div class=\"vce-posts-grid-container vce-post-grid-with-hover-button-container\" style=\"--gapPx: 10px; --columns: 1; --paginationColor: #e2e2e2; --paginationActiveColor: #E0BAA0; --paginationHoverColor: #d6d6d6; --paginationActiveHoverColor: #d5b098;\"><div class=\"vce vce-posts-grid-wrapper\" id=\"el-e2e56066\" data-vce-do-apply=\"all el-e2e56066\"><div class=\"vce-posts-grid-list\"><div class=\"vce-posts-grid-item\"><div class=\"vce-post-description vce-post-description--full\" style=\"--authorColor:#393939;--buttonOverlayPaddingPx:8px;--dateColor:#D7DFE4;--imageOverlayBackground:#00000066;--titleColor:#393939;--excerptColor:#6A6A6A\"><a href=\"https:\/\/plateforme-numerique.intranet-opera.fr\/?page_id=180\" class=\"vce-post-grid-with-hover-button--link\" aria-label=\"Mise en scene\"><\/a><div class=\"vce-post-grid-with-hover-button--image vce-post-grid-with-hover-button-aspect-ratio--1-1\" style=\"background-image:url(https:\/\/plateforme-numerique.intranet-opera.fr\/wp-content\/uploads\/2021\/05\/14-Mise-en-sce\u00a6Cne_Vignettes-me\u00a6utiers_130x130.jpg)\"><div class=\"vce-post-grid-with-hover-button--image-overlay vce-post-grid-with-hover-button--image-overlay-position-center-center\"><div class=\"vce-button--style-outline-container vce-button--style-outline-container--align-left\"><span class=\"vce-button--style-outline-wrapper vce\" id=\"el-05f3bf68\" data-vce-do-apply=\"margin el-05f3bf68\"><button class=\"vce-button vce-button--style-outline-animated vce-button--style-outline--border-round vce-button--style-outline--size-small vce-button--style-outline-animated--color-fff--fff--3d3d3d vce-button--style-outline-animated--border-color-fff--3d3d3d vce-button--style-outline-animated--background-color-3d3d3d\" data-vce-do-apply=\"padding border background  el-05f3bf68\"><span class=\"vce-button--style-outline-text\">Allez voir<\/span><\/button><\/span><\/div><\/div><\/div><div class=\"vce-post-grid-with-hover-button-description vce-post-grid-with-hover-button-description-position--left\"><\/div><\/div><\/div><\/div><\/div><\/div><\/div><\/div><\/div><div class=\"vce-col vce-col--md-auto vce-col--xs-1 vce-col--xs-last vce-col--xs-first vce-col--sm-last vce-col--sm-first\" id=\"el-94e886dd\"><div class=\"vce-col-inner\" data-vce-do-apply=\"border margin background  el-94e886dd\"><div class=\"vce-col-content\" data-vce-element-content=\"true\" data-vce-do-apply=\"padding el-94e886dd\"><div class=\"vce-posts-grid-container vce-post-grid-with-hover-button-container\" style=\"--gapPx: 10px; --columns: 1; --paginationColor: #e2e2e2; --paginationActiveColor: #E0BAA0; --paginationHoverColor: #d6d6d6; --paginationActiveHoverColor: #d5b098;\"><div class=\"vce vce-posts-grid-wrapper\" id=\"el-b151d1fa\" data-vce-do-apply=\"all el-b151d1fa\"><div class=\"vce-posts-grid-list\"><div class=\"vce-posts-grid-item\"><div class=\"vce-post-description vce-post-description--full\" style=\"--authorColor:#393939;--buttonOverlayPaddingPx:8px;--dateColor:#D7DFE4;--imageOverlayBackground:#00000066;--titleColor:#393939;--excerptColor:#6A6A6A\"><a href=\"https:\/\/plateforme-numerique.intranet-opera.fr\/?page_id=594\" class=\"vce-post-grid-with-hover-button--link\" aria-label=\"Accessoire\"><\/a><div class=\"vce-post-grid-with-hover-button--image vce-post-grid-with-hover-button-aspect-ratio--1-1\" style=\"background-image:url(https:\/\/plateforme-numerique.intranet-opera.fr\/wp-content\/uploads\/2021\/05\/17-Accessoires_Vignettes-me\u00a6utiers_130x130.jpg)\"><div class=\"vce-post-grid-with-hover-button--image-overlay vce-post-grid-with-hover-button--image-overlay-position-center-center\"><div class=\"vce-button--style-outline-container vce-button--style-outline-container--align-left\"><span class=\"vce-button--style-outline-wrapper vce\" id=\"el-6957a505\" data-vce-do-apply=\"margin el-6957a505\"><button class=\"vce-button vce-button--style-outline-animated vce-button--style-outline--border-square vce-button--style-outline--size-medium vce-button--style-outline-animated--color-fff--fff--3d3d3d vce-button--style-outline-animated--border-color-fff--3d3d3d vce-button--style-outline-animated--background-color-3d3d3d\" data-vce-do-apply=\"padding border background  el-6957a505\"><span class=\"vce-button--style-outline-text\">Read more<\/span><\/button><\/span><\/div><\/div><\/div><div class=\"vce-post-grid-with-hover-button-description vce-post-grid-with-hover-button-description-position--left\"><\/div><\/div><\/div><\/div><\/div><\/div><\/div><\/div><\/div><div class=\"vce-col vce-col--md-auto vce-col--xs-1 vce-col--xs-last vce-col--xs-first vce-col--sm-last vce-col--sm-first vce-col--md-last vce-col--lg-last vce-col--xl-last\" id=\"el-de6cd25c\"><div class=\"vce-col-inner\" data-vce-do-apply=\"border margin background  el-de6cd25c\"><div class=\"vce-col-content\" data-vce-element-content=\"true\" data-vce-do-apply=\"padding el-de6cd25c\"><div class=\"vce-posts-grid-container vce-post-grid-with-hover-button-container\" style=\"--gapPx: 10px; --columns: 1; --paginationColor: #e2e2e2; --paginationActiveColor: #E0BAA0; --paginationHoverColor: #d6d6d6; --paginationActiveHoverColor: #d5b098;\"><div class=\"vce vce-posts-grid-wrapper\" id=\"el-210f19f9\" data-vce-do-apply=\"all el-210f19f9\"><div class=\"vce-posts-grid-list\"><div class=\"vce-posts-grid-item\"><div class=\"vce-post-description vce-post-description--full\" style=\"--authorColor:#393939;--buttonOverlayPaddingPx:8px;--dateColor:#D7DFE4;--imageOverlayBackground:#00000066;--titleColor:#393939;--excerptColor:#6A6A6A\"><a href=\"https:\/\/plateforme-numerique.intranet-opera.fr\/?page_id=182\" class=\"vce-post-grid-with-hover-button--link\" aria-label=\"R\u00e9gie\"><\/a><div class=\"vce-post-grid-with-hover-button--image vce-post-grid-with-hover-button-aspect-ratio--1-1\" style=\"background-image:url(https:\/\/plateforme-numerique.intranet-opera.fr\/wp-content\/uploads\/2021\/05\/16-Re\u00a6ugie_Vignettes-me\u00a6utiers_130x130.jpg)\"><div class=\"vce-post-grid-with-hover-button--image-overlay vce-post-grid-with-hover-button--image-overlay-position-center-center\"><div class=\"vce-button--style-outline-container vce-button--style-outline-container--align-left\"><span class=\"vce-button--style-outline-wrapper vce\" id=\"el-05f3bf68\" data-vce-do-apply=\"margin el-05f3bf68\"><button class=\"vce-button vce-button--style-outline-animated vce-button--style-outline--border-round vce-button--style-outline--size-small vce-button--style-outline-animated--color-fff--fff--3d3d3d vce-button--style-outline-animated--border-color-fff--3d3d3d vce-button--style-outline-animated--background-color-3d3d3d\" data-vce-do-apply=\"padding border background  el-05f3bf68\"><span class=\"vce-button--style-outline-text\">Allez voir<\/span><\/button><\/span><\/div><\/div><\/div><div class=\"vce-post-grid-with-hover-button-description vce-post-grid-with-hover-button-description-position--left\"><\/div><\/div><\/div><\/div><\/div><\/div><\/div><\/div><\/div><\/div><\/div><\/div>","protected":false},"excerpt":{"rendered":"<p>Le sc\u00e9nographe est aussi appel\u00e9 le d\u00e9corateur, car c\u2019est lui qui, en collaboration avec le metteur en sc\u00e8ne, dessine et invente les d\u00e9cors. Ensemble, ils d\u00e9cident d&rsquo;un univers, fictif ou r\u00e9el, relevant du pass\u00e9, du futur ou du pr\u00e9sent, pour y d\u00e9velopper l\u2019action. Ils inventent ou r\u00e9inventent une oeuvre \u00e0 partir d&rsquo;un livret d&rsquo;op\u00e9ra. Le&hellip;<\/p>\n","protected":false},"author":1,"featured_media":856,"parent":198,"menu_order":0,"comment_status":"closed","ping_status":"closed","template":"","meta":{"footnotes":""},"class_list":["post-592","page","type-page","status-publish","has-post-thumbnail","hentry"],"_links":{"self":[{"href":"https:\/\/plateforme-numerique.intranet-opera.fr\/index.php?rest_route=\/wp\/v2\/pages\/592","targetHints":{"allow":["GET"]}}],"collection":[{"href":"https:\/\/plateforme-numerique.intranet-opera.fr\/index.php?rest_route=\/wp\/v2\/pages"}],"about":[{"href":"https:\/\/plateforme-numerique.intranet-opera.fr\/index.php?rest_route=\/wp\/v2\/types\/page"}],"author":[{"embeddable":true,"href":"https:\/\/plateforme-numerique.intranet-opera.fr\/index.php?rest_route=\/wp\/v2\/users\/1"}],"replies":[{"embeddable":true,"href":"https:\/\/plateforme-numerique.intranet-opera.fr\/index.php?rest_route=%2Fwp%2Fv2%2Fcomments&post=592"}],"version-history":[{"count":11,"href":"https:\/\/plateforme-numerique.intranet-opera.fr\/index.php?rest_route=\/wp\/v2\/pages\/592\/revisions"}],"predecessor-version":[{"id":1598,"href":"https:\/\/plateforme-numerique.intranet-opera.fr\/index.php?rest_route=\/wp\/v2\/pages\/592\/revisions\/1598"}],"up":[{"embeddable":true,"href":"https:\/\/plateforme-numerique.intranet-opera.fr\/index.php?rest_route=\/wp\/v2\/pages\/198"}],"wp:featuredmedia":[{"embeddable":true,"href":"https:\/\/plateforme-numerique.intranet-opera.fr\/index.php?rest_route=\/wp\/v2\/media\/856"}],"wp:attachment":[{"href":"https:\/\/plateforme-numerique.intranet-opera.fr\/index.php?rest_route=%2Fwp%2Fv2%2Fmedia&parent=592"}],"curies":[{"name":"wp","href":"https:\/\/api.w.org\/{rel}","templated":true}]}}