{"id":326,"date":"2021-02-26T16:03:57","date_gmt":"2021-02-26T15:03:57","guid":{"rendered":"http:\/\/op-int-21.fr\/plateforme-numerique-wp\/?page_id=326"},"modified":"2024-07-02T14:12:53","modified_gmt":"2024-07-02T12:12:53","slug":"jeannetest","status":"publish","type":"page","link":"https:\/\/plateforme-numerique.intranet-opera.fr\/?page_id=326","title":{"rendered":"Les parties publiques"},"content":{"rendered":"<div class=\"vce-row-container\" data-vce-boxed-width=\"true\"><div class=\"vce-row vce-row--col-gap-30 vce-row-equal-height vce-row-content--top\" id=\"el-a0203494\" data-vce-do-apply=\"all el-a0203494\"><div class=\"vce-row-content\" data-vce-element-content=\"true\"><div class=\"vce-col vce-col--md-auto vce-col--xs-1 vce-col--xs-last vce-col--xs-first vce-col--sm-last vce-col--sm-first vce-col--md-last vce-col--lg-last vce-col--xl-last vce-col--md-first vce-col--lg-first vce-col--xl-first\" id=\"el-f9cbc870\"><div class=\"vce-col-inner\" data-vce-do-apply=\"border margin background  el-f9cbc870\"><div class=\"vce-col-content\" data-vce-element-content=\"true\" data-vce-do-apply=\"padding el-f9cbc870\"><div class=\"vce-text-block\"><div class=\"vce-text-block-wrapper vce\" id=\"el-ed450e34\" data-vce-do-apply=\"all el-ed450e34\"><p>Les spectateurs entrent dans le b\u00e2timent par de grands escalators et arrivent dans un immense espace vitr\u00e9, avec une large vue sur le boulevard&nbsp;Cl\u00e9menceau,&nbsp;\u00e0 plus de 12 m\u00e8tres de haut.<\/p><p>Il y a ensuite plusieurs espaces avant d\u2019entrer dans la salle :<\/p><p>La <strong>billetterie<\/strong>, qui permet d\u2019acheter ou de retirer son billet le soir du spectacle, suivie du contr\u00f4le des billets.<\/p><p>Le <strong>Foyer bar<\/strong> qui propose une carte de boissons et sandwichs aux spectateurs avant le spectacle ou pendant l\u2019entracte.<\/p><p>Le <strong>Grand Salon<\/strong>, qui est une salle de r\u00e9ception pour certains \u00e9v\u00e8nements et plus g\u00e9n\u00e9ralement la salle de r\u00e9p\u00e9tition du Choeur de l'Op\u00e9ra de Dijon.<\/p><p>La salle est accessible sur plusieurs niveaux&nbsp;: le <strong>parterre<\/strong>, les <strong>balcons<\/strong> <strong>lat\u00e9raux<\/strong>, le <strong>premier balcon<\/strong> et le <strong>deuxi\u00e8me balcon<\/strong>. Pour acc\u00e9der au deuxi\u00e8me balcon, le public se trouve \u00e0 plus de 16 m\u00e8tres de hauteur et la salle peut accueillir jusqu'\u00e0 1611 spectateurs !<\/p><p>Les mat\u00e9riaux utilis\u00e9s pour la construction ont \u00e9t\u00e9 choisis soigneusement, parce qu\u2019ils sont solides et durables mais aussi esth\u00e9tiques. Les murs sont recouverts de bois exotiques (le makor\u00e9 et l\u2019ani\u00e8gr\u00e9) et les sols sont en granit de Colombie et en marbre d\u2019Alicante.<\/p><\/div><\/div><\/div><\/div><\/div><\/div><\/div><\/div><div class=\"vce-row-container\" data-vce-boxed-width=\"true\"><div class=\"vce-row vce-row--col-gap-30 vce-row-equal-height vce-row-content--top\" id=\"el-b5e9e721\" data-vce-do-apply=\"all el-b5e9e721\"><div class=\"vce-row-content\" data-vce-element-content=\"true\"><div class=\"vce-col vce-col--md-auto vce-col--xs-1 vce-col--xs-last vce-col--xs-first vce-col--sm-last vce-col--sm-first vce-col--md-last vce-col--lg-last vce-col--xl-last vce-col--md-first vce-col--lg-first vce-col--xl-first\" id=\"el-fbecef3d\"><div class=\"vce-col-inner\" data-vce-do-apply=\"border margin background  el-fbecef3d\"><div class=\"vce-col-content\" data-vce-element-content=\"true\" data-vce-do-apply=\"padding el-fbecef3d\"><div class=\"vce-image-gallery-with-scaleup vce-image-gallery-with-scaleup--gap-6 vce-image-gallery-with-scaleup--columns-4\"><div class=\"vce vce-image-gallery-with-scaleup-wrapper\" id=\"el-26864705\" data-vce-do-apply=\"all el-26864705\"><div class=\"vce-image-gallery-with-scaleup-list\"><div class=\"vce-image-gallery-with-scaleup-item\"><div class=\"vce-image-gallery-with-scaleup-item-inner-wrapper\"><a href=\"https:\/\/plateforme-numerique.intranet-opera.fr\/wp-content\/uploads\/2024\/07\/DSC3588-scaled.jpg\" data-lightbox=\"lightbox-26864705\" class=\"vce-image-gallery-with-scaleup-item-inner\"><img decoding=\"async\" class=\"vce-image-gallery-with-scaleup-img\" src=\"https:\/\/plateforme-numerique.intranet-opera.fr\/wp-content\/uploads\/2024\/07\/DSC3588-1024x576.jpg\" alt=\"\" title=\"_DSC3588\"><\/a><\/div><\/div><div class=\"vce-image-gallery-with-scaleup-item\"><div class=\"vce-image-gallery-with-scaleup-item-inner-wrapper\"><a href=\"https:\/\/plateforme-numerique.intranet-opera.fr\/wp-content\/uploads\/2024\/06\/DSC7323-\u00a9-Mirco-Magliocca-scaled.jpg\" data-lightbox=\"lightbox-26864705\" class=\"vce-image-gallery-with-scaleup-item-inner\"><img decoding=\"async\" class=\"vce-image-gallery-with-scaleup-img\" src=\"https:\/\/plateforme-numerique.intranet-opera.fr\/wp-content\/uploads\/2024\/06\/DSC7323-\u00a9-Mirco-Magliocca-1024x683.jpg\" alt=\"\" title=\"_DSC7323 \u00a9 Mirco Magliocca\"><\/a><\/div><\/div><div class=\"vce-image-gallery-with-scaleup-item\"><div class=\"vce-image-gallery-with-scaleup-item-inner-wrapper\"><a href=\"https:\/\/plateforme-numerique.intranet-opera.fr\/wp-content\/uploads\/2024\/06\/DSC3482-scaled.jpg\" data-lightbox=\"lightbox-26864705\" class=\"vce-image-gallery-with-scaleup-item-inner\"><img decoding=\"async\" class=\"vce-image-gallery-with-scaleup-img\" src=\"https:\/\/plateforme-numerique.intranet-opera.fr\/wp-content\/uploads\/2024\/06\/DSC3482-1024x576.jpg\" alt=\"\" title=\"_DSC3482\"><\/a><\/div><\/div><div class=\"vce-image-gallery-with-scaleup-item\"><div class=\"vce-image-gallery-with-scaleup-item-inner-wrapper\"><a href=\"https:\/\/plateforme-numerique.intranet-opera.fr\/wp-content\/uploads\/2024\/07\/DSC3481-scaled.jpg\" data-lightbox=\"lightbox-26864705\" class=\"vce-image-gallery-with-scaleup-item-inner\"><img decoding=\"async\" class=\"vce-image-gallery-with-scaleup-img\" src=\"https:\/\/plateforme-numerique.intranet-opera.fr\/wp-content\/uploads\/2024\/07\/DSC3481-1024x576.jpg\" alt=\"\" title=\"_DSC3481\"><\/a><\/div><\/div><div class=\"vce-image-gallery-with-scaleup-item\"><div class=\"vce-image-gallery-with-scaleup-item-inner-wrapper\"><a href=\"https:\/\/plateforme-numerique.intranet-opera.fr\/wp-content\/uploads\/2024\/07\/DSC3569-scaled.jpg\" data-lightbox=\"lightbox-26864705\" class=\"vce-image-gallery-with-scaleup-item-inner\"><img decoding=\"async\" class=\"vce-image-gallery-with-scaleup-img\" src=\"https:\/\/plateforme-numerique.intranet-opera.fr\/wp-content\/uploads\/2024\/07\/DSC3569-1024x576.jpg\" alt=\"\" title=\"_DSC3569\"><\/a><\/div><\/div><div class=\"vce-image-gallery-with-scaleup-item\"><div class=\"vce-image-gallery-with-scaleup-item-inner-wrapper\"><a href=\"https:\/\/plateforme-numerique.intranet-opera.fr\/wp-content\/uploads\/2024\/07\/DSC3428-scaled.jpg\" data-lightbox=\"lightbox-26864705\" class=\"vce-image-gallery-with-scaleup-item-inner\"><img decoding=\"async\" class=\"vce-image-gallery-with-scaleup-img\" src=\"https:\/\/plateforme-numerique.intranet-opera.fr\/wp-content\/uploads\/2024\/07\/DSC3428-1024x576.jpg\" alt=\"\" title=\"_DSC3428\"><\/a><\/div><\/div><div class=\"vce-image-gallery-with-scaleup-item\"><div class=\"vce-image-gallery-with-scaleup-item-inner-wrapper\"><a href=\"https:\/\/plateforme-numerique.intranet-opera.fr\/wp-content\/uploads\/2024\/06\/DSC7260-\u00a9-Mirco-Magliocca-scaled.jpg\" data-lightbox=\"lightbox-26864705\" class=\"vce-image-gallery-with-scaleup-item-inner\"><img decoding=\"async\" class=\"vce-image-gallery-with-scaleup-img vce-image-gallery-with-scaleup-img--orientation-portrait\" src=\"https:\/\/plateforme-numerique.intranet-opera.fr\/wp-content\/uploads\/2024\/06\/DSC7260-\u00a9-Mirco-Magliocca-683x1024.jpg\" alt=\"\" title=\"_DSC7260 \u00a9 Mirco Magliocca\"><\/a><\/div><\/div><div class=\"vce-image-gallery-with-scaleup-item\"><div class=\"vce-image-gallery-with-scaleup-item-inner-wrapper\"><a href=\"https:\/\/plateforme-numerique.intranet-opera.fr\/wp-content\/uploads\/2024\/06\/DSC7347-\u00a9-Mirco-Magliocca-scaled.jpg\" data-lightbox=\"lightbox-26864705\" class=\"vce-image-gallery-with-scaleup-item-inner\"><img decoding=\"async\" class=\"vce-image-gallery-with-scaleup-img\" src=\"https:\/\/plateforme-numerique.intranet-opera.fr\/wp-content\/uploads\/2024\/06\/DSC7347-\u00a9-Mirco-Magliocca-1024x683.jpg\" alt=\"\" title=\"_DSC7347 \u00a9 Mirco Magliocca\"><\/a><\/div><\/div><div class=\"vce-image-gallery-with-scaleup-item\"><div class=\"vce-image-gallery-with-scaleup-item-inner-wrapper\"><a href=\"https:\/\/plateforme-numerique.intranet-opera.fr\/wp-content\/uploads\/2024\/07\/DSC7082-\u00a9-Mirco-Magliocca-scaled.jpg\" data-lightbox=\"lightbox-26864705\" class=\"vce-image-gallery-with-scaleup-item-inner\"><img decoding=\"async\" class=\"vce-image-gallery-with-scaleup-img vce-image-gallery-with-scaleup-img--orientation-portrait\" src=\"https:\/\/plateforme-numerique.intranet-opera.fr\/wp-content\/uploads\/2024\/07\/DSC7082-\u00a9-Mirco-Magliocca-683x1024.jpg\" alt=\"\" title=\"_DSC7082 \u00a9 Mirco Magliocca\"><\/a><\/div><\/div><div class=\"vce-image-gallery-with-scaleup-item\"><div class=\"vce-image-gallery-with-scaleup-item-inner-wrapper\"><a href=\"https:\/\/plateforme-numerique.intranet-opera.fr\/wp-content\/uploads\/2024\/06\/DSC7189-\u00a9-Mirco-Magliocca-scaled.jpg\" data-lightbox=\"lightbox-26864705\" class=\"vce-image-gallery-with-scaleup-item-inner\"><img decoding=\"async\" class=\"vce-image-gallery-with-scaleup-img\" src=\"https:\/\/plateforme-numerique.intranet-opera.fr\/wp-content\/uploads\/2024\/06\/DSC7189-\u00a9-Mirco-Magliocca-1024x683.jpg\" alt=\"\" title=\"_DSC7189 \u00a9 Mirco Magliocca\"><\/a><\/div><\/div><div class=\"vce-image-gallery-with-scaleup-item\"><div class=\"vce-image-gallery-with-scaleup-item-inner-wrapper\"><a href=\"https:\/\/plateforme-numerique.intranet-opera.fr\/wp-content\/uploads\/2024\/06\/DSC3606-\u00a9-Mirco-Magliocca-scaled.jpg\" data-lightbox=\"lightbox-26864705\" class=\"vce-image-gallery-with-scaleup-item-inner\"><img decoding=\"async\" class=\"vce-image-gallery-with-scaleup-img\" src=\"https:\/\/plateforme-numerique.intranet-opera.fr\/wp-content\/uploads\/2024\/06\/DSC3606-\u00a9-Mirco-Magliocca-1024x683.jpg\" alt=\"\" title=\"_DSC3606 \u00a9 Mirco Magliocca\"><\/a><\/div><\/div><div class=\"vce-image-gallery-with-scaleup-item\"><div class=\"vce-image-gallery-with-scaleup-item-inner-wrapper\"><a href=\"https:\/\/plateforme-numerique.intranet-opera.fr\/wp-content\/uploads\/2024\/07\/DSC3638-\u00a9-Mirco-Magliocca-scaled.jpg\" data-lightbox=\"lightbox-26864705\" class=\"vce-image-gallery-with-scaleup-item-inner\"><img decoding=\"async\" class=\"vce-image-gallery-with-scaleup-img\" src=\"https:\/\/plateforme-numerique.intranet-opera.fr\/wp-content\/uploads\/2024\/07\/DSC3638-\u00a9-Mirco-Magliocca-1024x683.jpg\" alt=\"\" title=\"_DSC3638 \u00a9 Mirco Magliocca\"><\/a><\/div><\/div><div class=\"vce-image-gallery-with-scaleup-item\"><div class=\"vce-image-gallery-with-scaleup-item-inner-wrapper\"><a href=\"https:\/\/plateforme-numerique.intranet-opera.fr\/wp-content\/uploads\/2024\/06\/DSC7164-\u00a9-Mirco-Magliocca-scaled.jpg\" data-lightbox=\"lightbox-26864705\" class=\"vce-image-gallery-with-scaleup-item-inner\"><img decoding=\"async\" class=\"vce-image-gallery-with-scaleup-img vce-image-gallery-with-scaleup-img--orientation-portrait\" src=\"https:\/\/plateforme-numerique.intranet-opera.fr\/wp-content\/uploads\/2024\/06\/DSC7164-\u00a9-Mirco-Magliocca-879x1024.jpg\" alt=\"\" title=\"_DSC7164 \u00a9 Mirco Magliocca\"><\/a><\/div><\/div><div class=\"vce-image-gallery-with-scaleup-item\"><div class=\"vce-image-gallery-with-scaleup-item-inner-wrapper\"><a href=\"https:\/\/plateforme-numerique.intranet-opera.fr\/wp-content\/uploads\/2024\/06\/DSC7222-\u00a9-Mirco-Magliocca-scaled.jpg\" data-lightbox=\"lightbox-26864705\" class=\"vce-image-gallery-with-scaleup-item-inner\"><img decoding=\"async\" class=\"vce-image-gallery-with-scaleup-img\" src=\"https:\/\/plateforme-numerique.intranet-opera.fr\/wp-content\/uploads\/2024\/06\/DSC7222-\u00a9-Mirco-Magliocca-1024x683.jpg\" alt=\"\" title=\"_DSC7222 \u00a9 Mirco Magliocca\"><\/a><\/div><\/div><div class=\"vce-image-gallery-with-scaleup-item\"><div class=\"vce-image-gallery-with-scaleup-item-inner-wrapper\"><a href=\"https:\/\/plateforme-numerique.intranet-opera.fr\/wp-content\/uploads\/2024\/06\/DSC7345-\u00a9-Mirco-Magliocca-scaled.jpg\" data-lightbox=\"lightbox-26864705\" class=\"vce-image-gallery-with-scaleup-item-inner\"><img decoding=\"async\" class=\"vce-image-gallery-with-scaleup-img\" src=\"https:\/\/plateforme-numerique.intranet-opera.fr\/wp-content\/uploads\/2024\/06\/DSC7345-\u00a9-Mirco-Magliocca-1024x683.jpg\" alt=\"\" title=\"_DSC7345 \u00a9 Mirco Magliocca\"><\/a><\/div><\/div><div class=\"vce-image-gallery-with-scaleup-item\"><div class=\"vce-image-gallery-with-scaleup-item-inner-wrapper\"><a href=\"https:\/\/plateforme-numerique.intranet-opera.fr\/wp-content\/uploads\/2024\/06\/DSC7343-\u00a9-Mirco-Magliocca-scaled.jpg\" data-lightbox=\"lightbox-26864705\" class=\"vce-image-gallery-with-scaleup-item-inner\"><img decoding=\"async\" class=\"vce-image-gallery-with-scaleup-img\" src=\"https:\/\/plateforme-numerique.intranet-opera.fr\/wp-content\/uploads\/2024\/06\/DSC7343-\u00a9-Mirco-Magliocca-1024x683.jpg\" alt=\"\" title=\"_DSC7343 \u00a9 Mirco Magliocca\"><\/a><\/div><\/div><\/div><\/div><\/div><\/div><\/div><\/div><\/div><\/div><\/div><div class=\"vce-row-container\" data-vce-boxed-width=\"true\"><div class=\"vce-row vce-row--col-gap-30 vce-row-equal-height vce-row-content--top\" id=\"el-eeedcdbb\" data-vce-do-apply=\"all el-eeedcdbb\"><div class=\"vce-row-content\" data-vce-element-content=\"true\"><div class=\"vce-col vce-col--md-auto vce-col--xs-1 vce-col--xs-last vce-col--xs-first vce-col--sm-last vce-col--sm-first vce-col--md-last vce-col--lg-last vce-col--xl-last vce-col--md-first vce-col--lg-first vce-col--xl-first\" id=\"el-68b8e432\"><div class=\"vce-col-inner\" data-vce-do-apply=\"border margin background  el-68b8e432\"><div class=\"vce-col-content\" data-vce-element-content=\"true\" data-vce-do-apply=\"padding el-68b8e432\"><div class=\"vce-text-block\"><div class=\"vce-text-block-wrapper vce\" id=\"el-ba985c8e\" data-vce-do-apply=\"all el-ba985c8e\"><p><span style=\"font-size: 10pt;\">\u00a9 Mirco Magliocca<\/span><\/p><\/div><\/div><\/div><\/div><\/div><\/div><\/div><\/div>\n","protected":false},"excerpt":{"rendered":"<p>Les spectateurs entrent dans le b\u00e2timent par de grands escalators et arrivent dans un immense espace vitr\u00e9, avec une large vue sur le boulevard&nbsp;Cl\u00e9menceau,&nbsp;\u00e0 plus de 12 m\u00e8tres de haut.Il y a ensuite plusieurs espaces avant d\u2019entrer dans la salle :La billetterie, qui permet d\u2019acheter ou de retirer son billet le soir du spectacle, suivie &hellip; <\/p>\n<p class=\"link-more\"><a href=\"https:\/\/plateforme-numerique.intranet-opera.fr\/?page_id=326\" class=\"more-link\">Continuer la lecture<span class=\"screen-reader-text\"> de &laquo;&nbsp;Les parties publiques&nbsp;&raquo;<\/span><\/a><\/p>\n","protected":false},"author":1,"featured_media":0,"parent":0,"menu_order":0,"comment_status":"closed","ping_status":"closed","template":"","meta":{"footnotes":""},"class_list":["post-326","page","type-page","status-publish","hentry"],"_links":{"self":[{"href":"https:\/\/plateforme-numerique.intranet-opera.fr\/index.php?rest_route=\/wp\/v2\/pages\/326","targetHints":{"allow":["GET"]}}],"collection":[{"href":"https:\/\/plateforme-numerique.intranet-opera.fr\/index.php?rest_route=\/wp\/v2\/pages"}],"about":[{"href":"https:\/\/plateforme-numerique.intranet-opera.fr\/index.php?rest_route=\/wp\/v2\/types\/page"}],"author":[{"embeddable":true,"href":"https:\/\/plateforme-numerique.intranet-opera.fr\/index.php?rest_route=\/wp\/v2\/users\/1"}],"replies":[{"embeddable":true,"href":"https:\/\/plateforme-numerique.intranet-opera.fr\/index.php?rest_route=%2Fwp%2Fv2%2Fcomments&post=326"}],"version-history":[{"count":13,"href":"https:\/\/plateforme-numerique.intranet-opera.fr\/index.php?rest_route=\/wp\/v2\/pages\/326\/revisions"}],"predecessor-version":[{"id":1770,"href":"https:\/\/plateforme-numerique.intranet-opera.fr\/index.php?rest_route=\/wp\/v2\/pages\/326\/revisions\/1770"}],"wp:attachment":[{"href":"https:\/\/plateforme-numerique.intranet-opera.fr\/index.php?rest_route=%2Fwp%2Fv2%2Fmedia&parent=326"}],"curies":[{"name":"wp","href":"https:\/\/api.w.org\/{rel}","templated":true}]}}