{"id":227,"date":"2021-02-03T16:17:25","date_gmt":"2021-02-03T15:17:25","guid":{"rendered":"http:\/\/op-int-21.fr\/plateforme-numerique-wp\/?page_id=227"},"modified":"2024-07-01T17:05:36","modified_gmt":"2024-07-01T15:05:36","slug":"flute","status":"publish","type":"page","link":"https:\/\/plateforme-numerique.intranet-opera.fr\/?page_id=227","title":{"rendered":"Les coulisses"},"content":{"rendered":"<div class=\"vce-row-container\" data-vce-boxed-width=\"true\"><div class=\"vce-row vce-row--col-gap-30 vce-row-equal-height vce-row-content--top\" id=\"el-89f0a5c7\" data-vce-do-apply=\"all el-89f0a5c7\"><div class=\"vce-row-content\" data-vce-element-content=\"true\"><div class=\"vce-col vce-col--md-auto vce-col--xs-1 vce-col--xs-last vce-col--xs-first vce-col--sm-last vce-col--sm-first vce-col--md-last vce-col--lg-last vce-col--xl-last vce-col--md-first vce-col--lg-first vce-col--xl-first\" id=\"el-985e6e3d\"><div class=\"vce-col-inner\" data-vce-do-apply=\"border margin background  el-985e6e3d\"><div class=\"vce-col-content\" data-vce-element-content=\"true\" data-vce-do-apply=\"padding el-985e6e3d\"><div class=\"vce-text-block\"><div class=\"vce-text-block-wrapper vce\" id=\"el-03df3d70\" data-vce-do-apply=\"all el-03df3d70\"><p>Les coulisses sont toutes les parties qui bordent la <strong>sc\u00e8ne<\/strong>. \u00c0 l\u2019origine, ce mot d\u00e9signait les glissi\u00e8res dans lesquelles on faisait passer les toiles qui servaient de d\u00e9cor au th\u00e9\u00e2tre. Aujourd\u2019hui, il signifie plus g\u00e9n\u00e9ralement toutes les parties de la sc\u00e8ne qui sont cach\u00e9es aux spectateurs par des d\u00e9cors ou les pendrillons.<\/p><p>Pendant le spectacle, les coulisses sont plong\u00e9es dans le noir. Afin que les techniciens et les artistes puissent se rep\u00e9rer, du gaffer blanc est dispos\u00e9 au sol pour indiquer les obstacles (tables, d\u00e9cors, costumes, accessoires, machineries), les coulisses ou tout autre \u00e9l\u00e9ment qui doit \u00eatre signal\u00e9 pour la s\u00e9curit\u00e9 des personnes pr\u00e9sentes au plateau ou pour le bon fonctionnement du spectacle.<\/p><\/div><\/div><\/div><\/div><\/div><\/div><\/div><\/div><div class=\"vce-row-container\" data-vce-boxed-width=\"true\"><div class=\"vce-row vce-row--col-gap-30 vce-row-equal-height vce-row-content--top\" id=\"el-1a363ebc\" data-vce-do-apply=\"all el-1a363ebc\"><div class=\"vce-row-content\" data-vce-element-content=\"true\"><div class=\"vce-col vce-col--md-auto vce-col--xs-1 vce-col--xs-last vce-col--xs-first vce-col--sm-last vce-col--sm-first vce-col--md-last vce-col--lg-last vce-col--xl-last vce-col--md-first vce-col--lg-first vce-col--xl-first\" id=\"el-56287dbb\"><div class=\"vce-col-inner\" data-vce-do-apply=\"border margin background  el-56287dbb\"><div class=\"vce-col-content\" data-vce-element-content=\"true\" data-vce-do-apply=\"padding el-56287dbb\"><div class=\"vce-image-gallery-with-scaleup vce-image-gallery-with-scaleup--gap-10 vce-image-gallery-with-scaleup--columns-2\"><div class=\"vce vce-image-gallery-with-scaleup-wrapper\" id=\"el-84fdf38e\" data-vce-do-apply=\"all el-84fdf38e\"><div class=\"vce-image-gallery-with-scaleup-list\"><div class=\"vce-image-gallery-with-scaleup-item\"><div class=\"vce-image-gallery-with-scaleup-item-inner-wrapper\"><a href=\"https:\/\/plateforme-numerique.intranet-opera.fr\/wp-content\/uploads\/2024\/07\/DSC02051-scaled.jpg\" data-lightbox=\"lightbox-84fdf38e\" class=\"vce-image-gallery-with-scaleup-item-inner\"><img decoding=\"async\" class=\"vce-image-gallery-with-scaleup-img\" src=\"https:\/\/plateforme-numerique.intranet-opera.fr\/wp-content\/uploads\/2024\/07\/DSC02051-1024x683.jpg\" alt=\"\" title=\"DSC02051\"><\/a><\/div><\/div><div class=\"vce-image-gallery-with-scaleup-item\"><div class=\"vce-image-gallery-with-scaleup-item-inner-wrapper\"><a href=\"https:\/\/plateforme-numerique.intranet-opera.fr\/wp-content\/uploads\/2024\/07\/IMG_9494-scaled.jpg\" data-lightbox=\"lightbox-84fdf38e\" class=\"vce-image-gallery-with-scaleup-item-inner\"><img decoding=\"async\" class=\"vce-image-gallery-with-scaleup-img\" src=\"https:\/\/plateforme-numerique.intranet-opera.fr\/wp-content\/uploads\/2024\/07\/IMG_9494-1024x683.jpg\" alt=\"\" title=\"IMG_9494\"><\/a><\/div><\/div><\/div><\/div><\/div><\/div><\/div><\/div><\/div><\/div><\/div><div class=\"vce-row-container\" data-vce-boxed-width=\"true\"><div class=\"vce-row vce-row--col-gap-30 vce-row-equal-height vce-row-content--top\" id=\"el-1f3664d6\" data-vce-do-apply=\"all el-1f3664d6\"><div class=\"vce-row-content\" data-vce-element-content=\"true\"><div class=\"vce-col vce-col--md-auto vce-col--xs-1 vce-col--xs-last vce-col--xs-first vce-col--sm-last vce-col--sm-first vce-col--md-last vce-col--lg-last vce-col--xl-last vce-col--md-first vce-col--lg-first vce-col--xl-first\" id=\"el-9b1b7cf7\"><div class=\"vce-col-inner\" data-vce-do-apply=\"border margin background  el-9b1b7cf7\"><div class=\"vce-col-content\" data-vce-element-content=\"true\" data-vce-do-apply=\"padding el-9b1b7cf7\"><div class=\"vce-text-block\"><div class=\"vce-text-block-wrapper vce\" id=\"el-e61d795d\" data-vce-do-apply=\"all el-e61d795d\"><p><span style=\"font-size: 10pt;\">\u00a9 Op\u00e9ra de Dijon<\/span><\/p><\/div><\/div><\/div><\/div><\/div><\/div><\/div><\/div>\n","protected":false},"excerpt":{"rendered":"<p>Les coulisses sont toutes les parties qui bordent la sc\u00e8ne. \u00c0 l\u2019origine, ce mot d\u00e9signait les glissi\u00e8res dans lesquelles on faisait passer les toiles qui servaient de d\u00e9cor au th\u00e9\u00e2tre. Aujourd\u2019hui, il signifie plus g\u00e9n\u00e9ralement toutes les parties de la sc\u00e8ne qui sont cach\u00e9es aux spectateurs par des d\u00e9cors ou les pendrillons.Pendant le spectacle, les &hellip; <\/p>\n<p class=\"link-more\"><a href=\"https:\/\/plateforme-numerique.intranet-opera.fr\/?page_id=227\" class=\"more-link\">Continuer la lecture<span class=\"screen-reader-text\"> de &laquo;&nbsp;Les coulisses&nbsp;&raquo;<\/span><\/a><\/p>\n","protected":false},"author":1,"featured_media":0,"parent":61,"menu_order":0,"comment_status":"closed","ping_status":"closed","template":"","meta":{"footnotes":""},"class_list":["post-227","page","type-page","status-publish","hentry"],"_links":{"self":[{"href":"https:\/\/plateforme-numerique.intranet-opera.fr\/index.php?rest_route=\/wp\/v2\/pages\/227","targetHints":{"allow":["GET"]}}],"collection":[{"href":"https:\/\/plateforme-numerique.intranet-opera.fr\/index.php?rest_route=\/wp\/v2\/pages"}],"about":[{"href":"https:\/\/plateforme-numerique.intranet-opera.fr\/index.php?rest_route=\/wp\/v2\/types\/page"}],"author":[{"embeddable":true,"href":"https:\/\/plateforme-numerique.intranet-opera.fr\/index.php?rest_route=\/wp\/v2\/users\/1"}],"replies":[{"embeddable":true,"href":"https:\/\/plateforme-numerique.intranet-opera.fr\/index.php?rest_route=%2Fwp%2Fv2%2Fcomments&post=227"}],"version-history":[{"count":14,"href":"https:\/\/plateforme-numerique.intranet-opera.fr\/index.php?rest_route=\/wp\/v2\/pages\/227\/revisions"}],"predecessor-version":[{"id":1684,"href":"https:\/\/plateforme-numerique.intranet-opera.fr\/index.php?rest_route=\/wp\/v2\/pages\/227\/revisions\/1684"}],"up":[{"embeddable":true,"href":"https:\/\/plateforme-numerique.intranet-opera.fr\/index.php?rest_route=\/wp\/v2\/pages\/61"}],"wp:attachment":[{"href":"https:\/\/plateforme-numerique.intranet-opera.fr\/index.php?rest_route=%2Fwp%2Fv2%2Fmedia&parent=227"}],"curies":[{"name":"wp","href":"https:\/\/api.w.org\/{rel}","templated":true}]}}