{"id":220,"date":"2021-02-03T16:14:59","date_gmt":"2021-02-03T15:14:59","guid":{"rendered":"http:\/\/op-int-21.fr\/plateforme-numerique-wp\/?page_id=220"},"modified":"2021-05-04T16:50:30","modified_gmt":"2021-05-04T14:50:30","slug":"percussion","status":"publish","type":"page","link":"https:\/\/plateforme-numerique.intranet-opera.fr\/?page_id=220","title":{"rendered":"Les percussions"},"content":{"rendered":"<div class=\"vce-row-container\" data-vce-boxed-width=\"true\"><div class=\"vce-row vce-row--col-gap-30 vce-row-equal-height vce-row-content--top\" id=\"el-47500efe\" data-vce-do-apply=\"all el-47500efe\"><div class=\"vce-row-content\" data-vce-element-content=\"true\"><div class=\"vce-col vce-col--md-auto vce-col--xs-1 vce-col--xs-last vce-col--xs-first vce-col--sm-last vce-col--sm-first vce-col--md-last vce-col--lg-last vce-col--xl-last vce-col--md-first vce-col--lg-first vce-col--xl-first\" id=\"el-aae1be82\"><div class=\"vce-col-inner\" data-vce-do-apply=\"border margin background  el-aae1be82\"><div class=\"vce-col-content\" data-vce-element-content=\"true\" data-vce-do-apply=\"padding el-aae1be82\"><div class=\"vce-text-block\"><div class=\"vce-text-block-wrapper vce\" id=\"el-f6d034ee\" data-vce-do-apply=\"all el-f6d034ee\"><p>Ce sont les instruments dont le son est \u00e9mis lorsqu'ils sont frapp\u00e9s, secou\u00e9s ou gratt\u00e9s. C'est probablement la plus vieille famille d'instruments et elle est tr\u00e8s vari\u00e9e.&nbsp;<\/p><\/div><\/div><\/div><\/div><\/div><\/div><\/div><\/div><div class=\"vce-row-container\" data-vce-boxed-width=\"true\"><div class=\"vce-row vce-row--col-gap-30 vce-row-equal-height vce-row-content--top\" id=\"el-6910bc26\" data-vce-do-apply=\"all el-6910bc26\"><div class=\"vce-row-content\" data-vce-element-content=\"true\"><div class=\"vce-col vce-col--md-auto vce-col--xs-1 vce-col--xs-last vce-col--xs-first vce-col--sm-last vce-col--sm-first vce-col--md-first vce-col--lg-first vce-col--xl-first\" id=\"el-fdaa7a64\"><div class=\"vce-col-inner\" data-vce-do-apply=\"border margin background  el-fdaa7a64\"><div class=\"vce-col-content\" data-vce-element-content=\"true\" data-vce-do-apply=\"padding el-fdaa7a64\"><div class=\"vce-posts-grid-container vce-post-grid-with-hover-button-container\"><div class=\"vce vce-posts-grid-wrapper vce-posts-grid--gap-10 vce-posts-grid--columns-1 vce-posts-grid-pagination--color-E0BAA0--e2e2e2\" id=\"el-dafb5fc1\" data-vce-do-apply=\"all el-dafb5fc1\"><div class=\"vce-posts-grid-list\"><div class=\"vce-posts-grid-item\"><div class=\"vce-post-description vce-post-description--full\"><a href=\"https:\/\/plateforme-numerique.intranet-opera.fr\/?page_id=150\" class=\"vce-post-grid-with-hover-button--link\"><\/a><div class=\"vce-post-grid-with-hover-button--image vce-post-grid-with-hover-button-aspect-ratio--1-1\" style=\"background-image:url(https:\/\/plateforme-numerique.intranet-opera.fr\/wp-content\/uploads\/2021\/03\/08-Xylophone_Vignettes-130x130-1-e1619096468570.jpg)\"><div class=\"vce-post-grid-with-hover-button--image-overlay vce-post-grid-with-hover-button--image-overlay-background-color-00000066 vce-post-grid-with-hover-button--image-overlay-position-center-center vce-post-grid-with-hover-button--image-overlay-padding--8\"><div class=\"vce-button--style-outline-container vce-button--style-outline-container--align-left\"><span class=\"vce-button--style-outline-wrapper vce\" id=\"el-05f3bf68\" data-vce-do-apply=\"margin el-05f3bf68\"><button class=\"vce-button--style-outline-animated vce-button--style-outline--border-round vce-button--style-outline--size-small vce-button--style-outline-animated--color-fff--fff--3d3d3d vce-button--style-outline-animated--border-color-fff--3d3d3d vce-button--style-outline-animated--background-color-3d3d3d\" data-vce-do-apply=\"padding border background  el-05f3bf68\"><span class=\"vce-button--style-outline-text\">Allez voir<\/span><\/button><\/span><\/div><\/div><\/div><div class=\"vce-post-grid-with-hover-button-description vce-post-grid-with-hover-button--excerpt-color-6A6A6A vce-post-grid-with-hover-button-description-position--left\"><\/div><\/div><\/div><\/div><\/div><\/div><\/div><\/div><\/div><div class=\"vce-col vce-col--md-auto vce-col--xs-1 vce-col--xs-last vce-col--xs-first vce-col--sm-last vce-col--sm-first\" id=\"el-44d8fc85\"><div class=\"vce-col-inner\" data-vce-do-apply=\"border margin background  el-44d8fc85\"><div class=\"vce-col-content\" data-vce-element-content=\"true\" data-vce-do-apply=\"padding el-44d8fc85\"><div class=\"vce-posts-grid-container vce-post-grid-with-hover-button-container\"><div class=\"vce vce-posts-grid-wrapper vce-posts-grid--gap-10 vce-posts-grid--columns-1 vce-posts-grid-pagination--color-E0BAA0--e2e2e2\" id=\"el-0d71e942\" data-vce-do-apply=\"all el-0d71e942\"><div class=\"vce-posts-grid-list\"><div class=\"vce-posts-grid-item\"><div class=\"vce-post-description vce-post-description--full\"><a href=\"https:\/\/plateforme-numerique.intranet-opera.fr\/?page_id=149\" class=\"vce-post-grid-with-hover-button--link\"><\/a><div class=\"vce-post-grid-with-hover-button--image vce-post-grid-with-hover-button-aspect-ratio--1-1\" style=\"background-image:url(https:\/\/plateforme-numerique.intranet-opera.fr\/wp-content\/uploads\/2021\/03\/17-Caisse-claire_Vignettes-130x130-1.jpg)\"><div class=\"vce-post-grid-with-hover-button--image-overlay vce-post-grid-with-hover-button--image-overlay-background-color-00000066 vce-post-grid-with-hover-button--image-overlay-position-center-center vce-post-grid-with-hover-button--image-overlay-padding--8\"><div class=\"vce-button--style-outline-container vce-button--style-outline-container--align-left\"><span class=\"vce-button--style-outline-wrapper vce\" id=\"el-05f3bf68\" data-vce-do-apply=\"margin el-05f3bf68\"><button class=\"vce-button--style-outline-animated vce-button--style-outline--border-round vce-button--style-outline--size-small vce-button--style-outline-animated--color-fff--fff--3d3d3d vce-button--style-outline-animated--border-color-fff--3d3d3d vce-button--style-outline-animated--background-color-3d3d3d\" data-vce-do-apply=\"padding border background  el-05f3bf68\"><span class=\"vce-button--style-outline-text\">Allez voir<\/span><\/button><\/span><\/div><\/div><\/div><div class=\"vce-post-grid-with-hover-button-description vce-post-grid-with-hover-button--excerpt-color-6A6A6A vce-post-grid-with-hover-button-description-position--left\"><\/div><\/div><\/div><\/div><\/div><\/div><\/div><\/div><\/div><div class=\"vce-col vce-col--md-auto vce-col--xs-1 vce-col--xs-last vce-col--xs-first vce-col--sm-last vce-col--sm-first\" id=\"el-74dc0f87\"><div class=\"vce-col-inner\" data-vce-do-apply=\"border margin background  el-74dc0f87\"><div class=\"vce-col-content\" data-vce-element-content=\"true\" data-vce-do-apply=\"padding el-74dc0f87\"><div class=\"vce-posts-grid-container vce-post-grid-with-hover-button-container\"><div class=\"vce vce-posts-grid-wrapper vce-posts-grid--gap-10 vce-posts-grid--columns-1 vce-posts-grid-pagination--color-E0BAA0--e2e2e2\" id=\"el-ffd3db9f\" data-vce-do-apply=\"all el-ffd3db9f\"><div class=\"vce-posts-grid-list\"><div class=\"vce-posts-grid-item\"><div class=\"vce-post-description vce-post-description--full\"><a href=\"https:\/\/plateforme-numerique.intranet-opera.fr\/?page_id=155\" class=\"vce-post-grid-with-hover-button--link\"><\/a><div class=\"vce-post-grid-with-hover-button--image vce-post-grid-with-hover-button-aspect-ratio--1-1\" style=\"background-image:url(https:\/\/plateforme-numerique.intranet-opera.fr\/wp-content\/uploads\/2021\/03\/11-Timbales_Vignettes-130x130-1.jpg)\"><div class=\"vce-post-grid-with-hover-button--image-overlay vce-post-grid-with-hover-button--image-overlay-background-color-00000066 vce-post-grid-with-hover-button--image-overlay-position-center-center vce-post-grid-with-hover-button--image-overlay-padding--8\"><div class=\"vce-button--style-outline-container vce-button--style-outline-container--align-left\"><span class=\"vce-button--style-outline-wrapper vce\" id=\"el-05f3bf68\" data-vce-do-apply=\"margin el-05f3bf68\"><button class=\"vce-button--style-outline-animated vce-button--style-outline--border-round vce-button--style-outline--size-small vce-button--style-outline-animated--color-fff--fff--3d3d3d vce-button--style-outline-animated--border-color-fff--3d3d3d vce-button--style-outline-animated--background-color-3d3d3d\" data-vce-do-apply=\"padding border background  el-05f3bf68\"><span class=\"vce-button--style-outline-text\">Allez voir<\/span><\/button><\/span><\/div><\/div><\/div><div class=\"vce-post-grid-with-hover-button-description vce-post-grid-with-hover-button--excerpt-color-6A6A6A vce-post-grid-with-hover-button-description-position--left\"><\/div><\/div><\/div><\/div><\/div><\/div><\/div><\/div><\/div><div class=\"vce-col vce-col--md-auto vce-col--xs-1 vce-col--xs-last vce-col--xs-first vce-col--sm-last vce-col--sm-first vce-col--md-last vce-col--lg-last vce-col--xl-last\" id=\"el-30a58d84\"><div class=\"vce-col-inner\" data-vce-do-apply=\"border margin background  el-30a58d84\"><div class=\"vce-col-content\" data-vce-element-content=\"true\" data-vce-do-apply=\"padding el-30a58d84\"><div class=\"vce-posts-grid-container vce-post-grid-with-hover-button-container\"><div class=\"vce vce-posts-grid-wrapper vce-posts-grid--gap-10 vce-posts-grid--columns-1 vce-posts-grid-pagination--color-E0BAA0--e2e2e2\" id=\"el-003b2b69\" data-vce-do-apply=\"all el-003b2b69\"><div class=\"vce-posts-grid-list\"><div class=\"vce-posts-grid-item\"><div class=\"vce-post-description vce-post-description--full\"><a href=\"https:\/\/plateforme-numerique.intranet-opera.fr\/?page_id=158\" class=\"vce-post-grid-with-hover-button--link\"><\/a><div class=\"vce-post-grid-with-hover-button--image vce-post-grid-with-hover-button-aspect-ratio--1-1\" style=\"background-image:url(https:\/\/plateforme-numerique.intranet-opera.fr\/wp-content\/uploads\/2021\/03\/06-Triangle_Vignettes-130x130-1.jpg)\"><div class=\"vce-post-grid-with-hover-button--image-overlay vce-post-grid-with-hover-button--image-overlay-background-color-00000066 vce-post-grid-with-hover-button--image-overlay-position-center-center vce-post-grid-with-hover-button--image-overlay-padding--8\"><div class=\"vce-button--style-outline-container vce-button--style-outline-container--align-left\"><span class=\"vce-button--style-outline-wrapper vce\" id=\"el-05f3bf68\" data-vce-do-apply=\"margin el-05f3bf68\"><button class=\"vce-button--style-outline-animated vce-button--style-outline--border-round vce-button--style-outline--size-small vce-button--style-outline-animated--color-fff--fff--3d3d3d vce-button--style-outline-animated--border-color-fff--3d3d3d vce-button--style-outline-animated--background-color-3d3d3d\" data-vce-do-apply=\"padding border background  el-05f3bf68\"><span class=\"vce-button--style-outline-text\">Allez voir<\/span><\/button><\/span><\/div><\/div><\/div><div class=\"vce-post-grid-with-hover-button-description vce-post-grid-with-hover-button--excerpt-color-6A6A6A vce-post-grid-with-hover-button-description-position--left\"><\/div><\/div><\/div><\/div><\/div><\/div><\/div><\/div><\/div><\/div><\/div><\/div>\n","protected":false},"excerpt":{"rendered":"<p>Ce sont les instruments dont le son est \u00e9mis lorsqu&rsquo;ils sont frapp\u00e9s, secou\u00e9s ou gratt\u00e9s. C&rsquo;est probablement la plus vieille famille d&rsquo;instruments et elle est tr\u00e8s vari\u00e9e.&nbsp;<\/p>\n","protected":false},"author":1,"featured_media":0,"parent":0,"menu_order":0,"comment_status":"closed","ping_status":"closed","template":"","meta":{"footnotes":""},"class_list":["post-220","page","type-page","status-publish","hentry"],"_links":{"self":[{"href":"https:\/\/plateforme-numerique.intranet-opera.fr\/index.php?rest_route=\/wp\/v2\/pages\/220","targetHints":{"allow":["GET"]}}],"collection":[{"href":"https:\/\/plateforme-numerique.intranet-opera.fr\/index.php?rest_route=\/wp\/v2\/pages"}],"about":[{"href":"https:\/\/plateforme-numerique.intranet-opera.fr\/index.php?rest_route=\/wp\/v2\/types\/page"}],"author":[{"embeddable":true,"href":"https:\/\/plateforme-numerique.intranet-opera.fr\/index.php?rest_route=\/wp\/v2\/users\/1"}],"replies":[{"embeddable":true,"href":"https:\/\/plateforme-numerique.intranet-opera.fr\/index.php?rest_route=%2Fwp%2Fv2%2Fcomments&post=220"}],"version-history":[{"count":15,"href":"https:\/\/plateforme-numerique.intranet-opera.fr\/index.php?rest_route=\/wp\/v2\/pages\/220\/revisions"}],"predecessor-version":[{"id":874,"href":"https:\/\/plateforme-numerique.intranet-opera.fr\/index.php?rest_route=\/wp\/v2\/pages\/220\/revisions\/874"}],"wp:attachment":[{"href":"https:\/\/plateforme-numerique.intranet-opera.fr\/index.php?rest_route=%2Fwp%2Fv2%2Fmedia&parent=220"}],"curies":[{"name":"wp","href":"https:\/\/api.w.org\/{rel}","templated":true}]}}