{"id":216,"date":"2021-02-03T16:14:17","date_gmt":"2021-02-03T15:14:17","guid":{"rendered":"http:\/\/op-int-21.fr\/plateforme-numerique-wp\/?page_id=216"},"modified":"2024-07-02T15:08:34","modified_gmt":"2024-07-02T13:08:34","slug":"cuivre","status":"publish","type":"page","link":"https:\/\/plateforme-numerique.intranet-opera.fr\/?page_id=216","title":{"rendered":"Cuivres"},"content":{"rendered":"<div class=\"vce-row-container\" data-vce-boxed-width=\"true\"><div class=\"vce-row vce-row--col-gap-30 vce-row-equal-height vce-row-content--top\" id=\"el-d7a97fd2\" data-vce-do-apply=\"all el-d7a97fd2\"><div class=\"vce-row-content\" data-vce-element-content=\"true\"><div class=\"vce-col vce-col--md-auto vce-col--xs-1 vce-col--xs-last vce-col--xs-first vce-col--sm-last vce-col--sm-first vce-col--md-last vce-col--lg-last vce-col--xl-last vce-col--md-first vce-col--lg-first vce-col--xl-first\" id=\"el-3c142a52\"><div class=\"vce-col-inner\" data-vce-do-apply=\"border margin background  el-3c142a52\"><div class=\"vce-col-content\" data-vce-element-content=\"true\" data-vce-do-apply=\"padding el-3c142a52\"><div class=\"vce-text-block\"><div class=\"vce-text-block-wrapper vce\" id=\"el-5c741d19\" data-vce-do-apply=\"all el-5c741d19\"><h2 style=\"line-height: 1;\"><span style=\"font-size: 12pt; color: #333333; letter-spacing: inherit;\">Les cuivres repr\u00e9sentent l\u2019une des sous-familles composant les instruments \u00e0 vent. Le nom de cette famille est due \u00e0 l'usage majeur de cette mati\u00e8re pour cr\u00e9er les instruments. Mais en r\u00e9alit\u00e9 certains cuivres sont fabriqu\u00e9s \u00e0 partir d'autres mati\u00e8res comme des os ou du bois. Ce qui diff\u00e9rencie les cuivres, c'est la mani\u00e8re de produire le son par la vibration des l\u00e8vres sur une embouchure. <\/span><\/h2><\/div><\/div><\/div><\/div><\/div><\/div><\/div><\/div><div class=\"vce-row-container\" data-vce-boxed-width=\"true\"><div class=\"vce-row vce-row--col-gap-30 vce-row-equal-height vce-row-content--top\" id=\"el-f996be01\" data-vce-do-apply=\"all el-f996be01\"><div class=\"vce-row-content\" data-vce-element-content=\"true\"><div class=\"vce-col vce-col--md-auto vce-col--xs-1 vce-col--xs-last vce-col--xs-first vce-col--sm-last vce-col--sm-first vce-col--md-first vce-col--lg-first vce-col--xl-first\" id=\"el-7ea2f2db\"><div class=\"vce-col-inner\" data-vce-do-apply=\"border margin background  el-7ea2f2db\"><div class=\"vce-col-content\" data-vce-element-content=\"true\" data-vce-do-apply=\"padding el-7ea2f2db\"><div class=\"vcv-row-control-wrapper\"><\/div><\/div><\/div><\/div><div class=\"vce-col vce-col--md-auto vce-col--xs-1 vce-col--xs-last vce-col--xs-first vce-col--sm-last vce-col--sm-first vce-col--md-last vce-col--lg-last vce-col--xl-last\" id=\"el-0da031dd\"><div class=\"vce-col-inner\" data-vce-do-apply=\"border margin background  el-0da031dd\"><div class=\"vce-col-content\" data-vce-element-content=\"true\" data-vce-do-apply=\"padding el-0da031dd\"><div class=\"vcv-row-control-wrapper\"><\/div><\/div><\/div><\/div><\/div><\/div><\/div><div class=\"vce-row-container\" data-vce-boxed-width=\"true\"><div class=\"vce-row vce-row--col-gap-30 vce-row-equal-height vce-row-content--top\" id=\"el-e323c459\" data-vce-do-apply=\"all el-e323c459\"><div class=\"vce-row-content\" data-vce-element-content=\"true\"><div class=\"vce-col vce-col--md-auto vce-col--xs-1 vce-col--xs-last vce-col--xs-first vce-col--sm-last vce-col--sm-first vce-col--md-first vce-col--lg-first vce-col--xl-first\" id=\"el-10f304d2\"><div class=\"vce-col-inner\" data-vce-do-apply=\"border margin background  el-10f304d2\"><div class=\"vce-col-content\" data-vce-element-content=\"true\" data-vce-do-apply=\"padding el-10f304d2\"><div class=\"vce-posts-grid-container vce-post-grid-with-hover-button-container\" style=\"--gapPx: 10px; --columns: 1; --paginationColor: #e2e2e2; --paginationActiveColor: #E0BAA0; --paginationHoverColor: #d6d6d6; --paginationActiveHoverColor: #d5b098;\"><div class=\"vce vce-posts-grid-wrapper\" id=\"el-01fc99f1\" data-vce-do-apply=\"all el-01fc99f1\"><div class=\"vce-posts-grid-list\"><div class=\"vce-posts-grid-item\"><div class=\"vce-post-description vce-post-description--full\" style=\"--authorColor:#393939;--buttonOverlayPaddingPx:8px;--dateColor:#D7DFE4;--imageOverlayBackground:#00000066;--titleColor:#393939;--excerptColor:#6A6A6A\"><a href=\"https:\/\/plateforme-numerique.intranet-opera.fr\/?page_id=128\" class=\"vce-post-grid-with-hover-button--link\" aria-label=\"Trompette\"><\/a><div class=\"vce-post-grid-with-hover-button--image vce-post-grid-with-hover-button-aspect-ratio--1-1\" style=\"background-image:url(https:\/\/plateforme-numerique.intranet-opera.fr\/wp-content\/uploads\/2021\/03\/02-Trompette_Vignettes-130x130-1.jpg)\"><div class=\"vce-post-grid-with-hover-button--image-overlay vce-post-grid-with-hover-button--image-overlay-position-center-center\"><div class=\"vce-button--style-outline-container vce-button--style-outline-container--align-left\"><span class=\"vce-button--style-outline-wrapper vce\" id=\"el-05f3bf68\" data-vce-do-apply=\"margin el-05f3bf68\"><button class=\"vce-button vce-button--style-outline-animated vce-button--style-outline--border-round vce-button--style-outline--size-small vce-button--style-outline-animated--color-fff--fff--3d3d3d vce-button--style-outline-animated--border-color-fff--3d3d3d vce-button--style-outline-animated--background-color-3d3d3d\" data-vce-do-apply=\"padding border background  el-05f3bf68\"><span class=\"vce-button--style-outline-text\">Allez voir<\/span><\/button><\/span><\/div><\/div><\/div><div class=\"vce-post-grid-with-hover-button-description vce-post-grid-with-hover-button-description-position--left\"><\/div><\/div><\/div><\/div><\/div><\/div><\/div><\/div><\/div><div class=\"vce-col vce-col--md-auto vce-col--xs-1 vce-col--xs-last vce-col--xs-first vce-col--sm-last vce-col--sm-first\" id=\"el-d5464cf9\"><div class=\"vce-col-inner\" data-vce-do-apply=\"border margin background  el-d5464cf9\"><div class=\"vce-col-content\" data-vce-element-content=\"true\" data-vce-do-apply=\"padding el-d5464cf9\"><div class=\"vce-posts-grid-container vce-post-grid-with-hover-button-container\" style=\"--gapPx: 10px; --columns: 1; --paginationColor: #e2e2e2; --paginationActiveColor: #E0BAA0; --paginationHoverColor: #d6d6d6; --paginationActiveHoverColor: #d5b098;\"><div class=\"vce vce-posts-grid-wrapper\" id=\"el-cf151571\" data-vce-do-apply=\"all el-cf151571\"><div class=\"vce-posts-grid-list\"><div class=\"vce-posts-grid-item\"><div class=\"vce-post-description vce-post-description--full\" style=\"--authorColor:#393939;--buttonOverlayPaddingPx:8px;--dateColor:#D7DFE4;--imageOverlayBackground:#00000066;--titleColor:#393939;--excerptColor:#6A6A6A\"><a href=\"https:\/\/plateforme-numerique.intranet-opera.fr\/?page_id=131\" class=\"vce-post-grid-with-hover-button--link\" aria-label=\"Trombone\"><\/a><div class=\"vce-post-grid-with-hover-button--image vce-post-grid-with-hover-button-aspect-ratio--1-1\" style=\"background-image:url(https:\/\/plateforme-numerique.intranet-opera.fr\/wp-content\/uploads\/2021\/03\/14-Trombone_Vignettes-130x130-2.jpg)\"><div class=\"vce-post-grid-with-hover-button--image-overlay vce-post-grid-with-hover-button--image-overlay-position-center-center\"><div class=\"vce-button--style-outline-container vce-button--style-outline-container--align-left\"><span class=\"vce-button--style-outline-wrapper vce\" id=\"el-05f3bf68\" data-vce-do-apply=\"margin el-05f3bf68\"><button class=\"vce-button vce-button--style-outline-animated vce-button--style-outline--border-round vce-button--style-outline--size-small vce-button--style-outline-animated--color-fff--fff--3d3d3d vce-button--style-outline-animated--border-color-fff--3d3d3d vce-button--style-outline-animated--background-color-3d3d3d\" data-vce-do-apply=\"padding border background  el-05f3bf68\"><span class=\"vce-button--style-outline-text\">Allez voir<\/span><\/button><\/span><\/div><\/div><\/div><div class=\"vce-post-grid-with-hover-button-description vce-post-grid-with-hover-button-description-position--left\"><\/div><\/div><\/div><\/div><\/div><\/div><\/div><\/div><\/div><div class=\"vce-col vce-col--md-auto vce-col--xs-1 vce-col--xs-last vce-col--xs-first vce-col--sm-last vce-col--sm-first\" id=\"el-6199782e\"><div class=\"vce-col-inner\" data-vce-do-apply=\"border margin background  el-6199782e\"><div class=\"vce-col-content\" data-vce-element-content=\"true\" data-vce-do-apply=\"padding el-6199782e\"><div class=\"vce-posts-grid-container vce-post-grid-with-hover-button-container\" style=\"--gapPx: 10px; --columns: 1; --paginationColor: #e2e2e2; --paginationActiveColor: #E0BAA0; --paginationHoverColor: #d6d6d6; --paginationActiveHoverColor: #d5b098;\"><div class=\"vce vce-posts-grid-wrapper\" id=\"el-8c1bc7ed\" data-vce-do-apply=\"all el-8c1bc7ed\"><div class=\"vce-posts-grid-list\"><div class=\"vce-posts-grid-item\"><div class=\"vce-post-description vce-post-description--full\" style=\"--authorColor:#393939;--buttonOverlayPaddingPx:8px;--dateColor:#D7DFE4;--imageOverlayBackground:#00000066;--titleColor:#393939;--excerptColor:#6A6A6A\"><a href=\"https:\/\/plateforme-numerique.intranet-opera.fr\/?page_id=134\" class=\"vce-post-grid-with-hover-button--link\" aria-label=\"Tuba\"><\/a><div class=\"vce-post-grid-with-hover-button--image vce-post-grid-with-hover-button-aspect-ratio--1-1\" style=\"background-image:url(https:\/\/plateforme-numerique.intranet-opera.fr\/wp-content\/uploads\/2021\/03\/16-Tuba_Vignettes-130x130-1.jpg)\"><div class=\"vce-post-grid-with-hover-button--image-overlay vce-post-grid-with-hover-button--image-overlay-position-center-center\"><div class=\"vce-button--style-outline-container vce-button--style-outline-container--align-left\"><span class=\"vce-button--style-outline-wrapper vce\" id=\"el-05f3bf68\" data-vce-do-apply=\"margin el-05f3bf68\"><button class=\"vce-button vce-button--style-outline-animated vce-button--style-outline--border-round vce-button--style-outline--size-small vce-button--style-outline-animated--color-fff--fff--3d3d3d vce-button--style-outline-animated--border-color-fff--3d3d3d vce-button--style-outline-animated--background-color-3d3d3d\" data-vce-do-apply=\"padding border background  el-05f3bf68\"><span class=\"vce-button--style-outline-text\">Allez voir<\/span><\/button><\/span><\/div><\/div><\/div><div class=\"vce-post-grid-with-hover-button-description vce-post-grid-with-hover-button-description-position--left\"><\/div><\/div><\/div><\/div><\/div><\/div><\/div><\/div><\/div><div class=\"vce-col vce-col--md-auto vce-col--xs-1 vce-col--xs-last vce-col--xs-first vce-col--sm-last vce-col--sm-first vce-col--md-last vce-col--lg-last vce-col--xl-last\" id=\"el-98287671\"><div class=\"vce-col-inner\" data-vce-do-apply=\"border margin background  el-98287671\"><div class=\"vce-col-content\" data-vce-element-content=\"true\" data-vce-do-apply=\"padding el-98287671\"><div class=\"vcv-row-control-wrapper\"><\/div><\/div><\/div><\/div><\/div><\/div><\/div>","protected":false},"excerpt":{"rendered":"<p>Les cuivres repr\u00e9sentent l\u2019une des sous-familles composant les instruments \u00e0 vent. Le nom de cette famille est due \u00e0 l&rsquo;usage majeur de cette mati\u00e8re pour cr\u00e9er les instruments. Mais en r\u00e9alit\u00e9 certains cuivres sont fabriqu\u00e9s \u00e0 partir d&rsquo;autres mati\u00e8res comme des os ou du bois. Ce qui diff\u00e9rencie les cuivres, c&rsquo;est la mani\u00e8re de produire&hellip;<\/p>\n","protected":false},"author":1,"featured_media":0,"parent":0,"menu_order":0,"comment_status":"closed","ping_status":"closed","template":"","meta":{"footnotes":""},"class_list":["post-216","page","type-page","status-publish","hentry"],"_links":{"self":[{"href":"https:\/\/plateforme-numerique.intranet-opera.fr\/index.php?rest_route=\/wp\/v2\/pages\/216","targetHints":{"allow":["GET"]}}],"collection":[{"href":"https:\/\/plateforme-numerique.intranet-opera.fr\/index.php?rest_route=\/wp\/v2\/pages"}],"about":[{"href":"https:\/\/plateforme-numerique.intranet-opera.fr\/index.php?rest_route=\/wp\/v2\/types\/page"}],"author":[{"embeddable":true,"href":"https:\/\/plateforme-numerique.intranet-opera.fr\/index.php?rest_route=\/wp\/v2\/users\/1"}],"replies":[{"embeddable":true,"href":"https:\/\/plateforme-numerique.intranet-opera.fr\/index.php?rest_route=%2Fwp%2Fv2%2Fcomments&post=216"}],"version-history":[{"count":10,"href":"https:\/\/plateforme-numerique.intranet-opera.fr\/index.php?rest_route=\/wp\/v2\/pages\/216\/revisions"}],"predecessor-version":[{"id":1773,"href":"https:\/\/plateforme-numerique.intranet-opera.fr\/index.php?rest_route=\/wp\/v2\/pages\/216\/revisions\/1773"}],"wp:attachment":[{"href":"https:\/\/plateforme-numerique.intranet-opera.fr\/index.php?rest_route=%2Fwp%2Fv2%2Fmedia&parent=216"}],"curies":[{"name":"wp","href":"https:\/\/api.w.org\/{rel}","templated":true}]}}