{"id":1711,"date":"2024-07-01T18:49:25","date_gmt":"2024-07-01T16:49:25","guid":{"rendered":"http:\/\/op-int-21.fr\/plateforme-numerique-wp\/?page_id=1711"},"modified":"2024-07-02T11:03:46","modified_gmt":"2024-07-02T09:03:46","slug":"les-ateliers-de-l4op2ra-de-dijon","status":"publish","type":"page","link":"https:\/\/plateforme-numerique.intranet-opera.fr\/?page_id=1711","title":{"rendered":"Les Ateliers de l&#039;Op\u00e9ra de Dijon"},"content":{"rendered":"<div class=\"vce-row-container\" data-vce-boxed-width=\"true\"><div class=\"vce-row vce-row--col-gap-30 vce-row-equal-height vce-row-content--top\" id=\"el-c6a67585\" data-vce-do-apply=\"all el-c6a67585\"><div class=\"vce-row-content\" data-vce-element-content=\"true\"><div class=\"vce-col vce-col--md-auto vce-col--xs-1 vce-col--xs-last vce-col--xs-first vce-col--sm-last vce-col--sm-first vce-col--md-last vce-col--lg-last vce-col--xl-last vce-col--md-first vce-col--lg-first vce-col--xl-first\" id=\"el-dc109e62\"><div class=\"vce-col-inner\" data-vce-do-apply=\"border margin background  el-dc109e62\"><div class=\"vce-col-content\" data-vce-element-content=\"true\" data-vce-do-apply=\"padding el-dc109e62\"><div class=\"vce-text-block\"><div class=\"vce-text-block-wrapper vce\" id=\"el-791c6729\" data-vce-do-apply=\"all el-791c6729\"><p>Les ateliers de fabrication de d\u00e9cors et costumes se trouvent \u00e0 quelques pas de l\u2019Auditorium, avenue Marbotte. C\u2019est l\u00e0 que travaillent les artisans du spectacle vivant. <\/p><p>Aux ateliers de construction de d\u00e9cors, il y a quatre professionnels permanent : un chef des ateliers d\u00e9cors, un r\u00e9gisseur des ateliers (menuisier de formation) et deux techniciens constructeurs form\u00e9s en serrurerie ou peinture. Ces artisans de construction de la sc\u00e8ne r\u00e9pondent \u00e0 la demande du sc\u00e9nographe de l'\u00e9quipe artistique d'une production. Ils doivent avoir une tr\u00e8s grande capacit\u00e9 mentale \u00e0 organiser l'espace dans ses trois dimensions et savoir, au-del\u00e0 de leurs sp\u00e9cialit\u00e9s, s'adapter aux demandent diff\u00e9rentes des cr\u00e9ateurs tout en faisant valoir leurs connaissances de la sc\u00e8ne. Les plans et l'achat des pi\u00e8ces pour un d\u00e9cor se font depuis le bureau d'\u00e9tude. Ensuite, il faut environ 2 mois pour construire le d\u00e9cor. Pour cela, les ateliers disposent de 4 locaux distincts : l'atelier serrurerie (pour assembler les bases du d\u00e9cors faites en m\u00e9tal), l'atelier menuiserie avec un espace de machines fixes (scie \u00e0 panneau, scie circulaire, scie \u00e0 ruban, d\u00e9gauchisseuse, raboteuse, tour, toupie, tenonneuse, mortaiseuse) et un espace de pr\u00e9-montage de 80m2, l'atelier de d\u00e9coration faisant office de salle de montage et un d\u00e9p\u00f4t de 400m2 pour stocker des d\u00e9cors.<\/p><p>Aux ateliers de fabrication de costumes, il y a deux professionnels permanents : une cheffe des ateliers couture et une couturi\u00e8re. La cheffe de l'atelier couture r\u00e9pond \u00e0 la demande du costumier de l'\u00e9quipe artistique d'une production. Elle choisit avec lui les diff\u00e9rents tissus et planifie toute l'organisation de la fabrication des costumes afin qu'ils soient pr\u00eats dans les temps. L'atelier fait 100m2 et est enti\u00e8rement \u00e9quip\u00e9.<\/p><p>Lors des productions d'op\u00e9ras, l'Op\u00e9ra de Dijon fait appel \u00e0 des intermittents du spectacle pour aider les \u00e9quipe \u00e0 la fabrication des d\u00e9cors et des costumes. Les chefs des ateliers d\u00e9cors et costumes doivent \u00eatre tr\u00e8s attentifs \u00e0 r\u00e9pondre au budget allou\u00e9 \u00e0 chaque production.<\/p><p>Une fois le spectacle termin\u00e9, les d\u00e9cors et costumes sont stock\u00e9s dans un immense entrep\u00f4t \u00e0 Chen\u00f4ve pendant au moins 5 ans. Si la production n'est pas rejou\u00e9e \u00e0 l'Op\u00e9ra de Dijon ou achet\u00e9e ou lou\u00e9e par un autre Op\u00e9ra, les d\u00e9cors sont d\u00e9truits et les accessoires et tissus des costumes mis \u00e0 disposition pour de nouvelles productions. Les Op\u00e9ras font r\u00e9guli\u00e8rement des coproductions pour se r\u00e9partir les frais de cr\u00e9ation mais aussi pour donner la chance \u00e0 la production de voyager sur plusieurs sc\u00e8nes de th\u00e9\u00e2tres. <\/p><\/div><\/div><\/div><\/div><\/div><\/div><\/div><\/div><div class=\"vce-row-container\" data-vce-boxed-width=\"true\"><div class=\"vce-row vce-row--col-gap-30 vce-row-equal-height vce-row-content--top\" id=\"el-ccc32de1\" data-vce-do-apply=\"all el-ccc32de1\"><div class=\"vce-row-content\" data-vce-element-content=\"true\"><div class=\"vce-col vce-col--md-auto vce-col--xs-1 vce-col--xs-last vce-col--xs-first vce-col--sm-last vce-col--sm-first vce-col--md-last vce-col--lg-last vce-col--xl-last vce-col--md-first vce-col--lg-first vce-col--xl-first\" id=\"el-a4b85bcb\"><div class=\"vce-col-inner\" data-vce-do-apply=\"border margin background  el-a4b85bcb\"><div class=\"vce-col-content\" data-vce-element-content=\"true\" data-vce-do-apply=\"padding el-a4b85bcb\"><div class=\"vce-image-gallery-with-scaleup vce-image-gallery-with-scaleup--gap-10 vce-image-gallery-with-scaleup--columns-4\"><div class=\"vce vce-image-gallery-with-scaleup-wrapper\" id=\"el-96cb40a1\" data-vce-do-apply=\"all el-96cb40a1\"><div class=\"vce-image-gallery-with-scaleup-list\"><div class=\"vce-image-gallery-with-scaleup-item\"><div class=\"vce-image-gallery-with-scaleup-item-inner-wrapper\"><a href=\"https:\/\/plateforme-numerique.intranet-opera.fr\/wp-content\/uploads\/2024\/07\/DSC4743\u00a9-Mirco-Magliocca-scaled.jpg\" data-lightbox=\"lightbox-96cb40a1\" class=\"vce-image-gallery-with-scaleup-item-inner\"><img decoding=\"async\" class=\"vce-image-gallery-with-scaleup-img\" src=\"https:\/\/plateforme-numerique.intranet-opera.fr\/wp-content\/uploads\/2024\/07\/DSC4743\u00a9-Mirco-Magliocca-1024x683.jpg\" alt=\"\" title=\"_DSC4743\u00a9 Mirco Magliocca\"><\/a><\/div><\/div><div class=\"vce-image-gallery-with-scaleup-item\"><div class=\"vce-image-gallery-with-scaleup-item-inner-wrapper\"><a href=\"https:\/\/plateforme-numerique.intranet-opera.fr\/wp-content\/uploads\/2024\/07\/DSC4768\u00a9-Mirco-Magliocca-scaled.jpg\" data-lightbox=\"lightbox-96cb40a1\" class=\"vce-image-gallery-with-scaleup-item-inner\"><img decoding=\"async\" class=\"vce-image-gallery-with-scaleup-img\" src=\"https:\/\/plateforme-numerique.intranet-opera.fr\/wp-content\/uploads\/2024\/07\/DSC4768\u00a9-Mirco-Magliocca-1024x1024.jpg\" alt=\"\" title=\"_DSC4768\u00a9 Mirco Magliocca\"><\/a><\/div><\/div><div class=\"vce-image-gallery-with-scaleup-item\"><div class=\"vce-image-gallery-with-scaleup-item-inner-wrapper\"><a href=\"https:\/\/plateforme-numerique.intranet-opera.fr\/wp-content\/uploads\/2024\/07\/DSC4874\u00a9-Mirco-Magliocca-scaled.jpg\" data-lightbox=\"lightbox-96cb40a1\" class=\"vce-image-gallery-with-scaleup-item-inner\"><img decoding=\"async\" class=\"vce-image-gallery-with-scaleup-img\" src=\"https:\/\/plateforme-numerique.intranet-opera.fr\/wp-content\/uploads\/2024\/07\/DSC4874\u00a9-Mirco-Magliocca-1024x683.jpg\" alt=\"\" title=\"_DSC4874\u00a9 Mirco Magliocca\"><\/a><\/div><\/div><div class=\"vce-image-gallery-with-scaleup-item\"><div class=\"vce-image-gallery-with-scaleup-item-inner-wrapper\"><a href=\"https:\/\/plateforme-numerique.intranet-opera.fr\/wp-content\/uploads\/2024\/07\/DSC2087-\u00a9-Mirco-Magliocca-scaled.jpg\" data-lightbox=\"lightbox-96cb40a1\" class=\"vce-image-gallery-with-scaleup-item-inner\"><img decoding=\"async\" class=\"vce-image-gallery-with-scaleup-img\" src=\"https:\/\/plateforme-numerique.intranet-opera.fr\/wp-content\/uploads\/2024\/07\/DSC2087-\u00a9-Mirco-Magliocca-1024x1024.jpg\" alt=\"\" title=\"_DSC2087 \u00a9 Mirco Magliocca\"><\/a><\/div><\/div><div class=\"vce-image-gallery-with-scaleup-item\"><div class=\"vce-image-gallery-with-scaleup-item-inner-wrapper\"><a href=\"https:\/\/plateforme-numerique.intranet-opera.fr\/wp-content\/uploads\/2024\/07\/DSC4875\u00a9-Mirco-Magliocca-scaled.jpg\" data-lightbox=\"lightbox-96cb40a1\" class=\"vce-image-gallery-with-scaleup-item-inner\"><img decoding=\"async\" class=\"vce-image-gallery-with-scaleup-img\" src=\"https:\/\/plateforme-numerique.intranet-opera.fr\/wp-content\/uploads\/2024\/07\/DSC4875\u00a9-Mirco-Magliocca-1024x576.jpg\" alt=\"\" title=\"_DSC4875\u00a9 Mirco Magliocca\"><\/a><\/div><\/div><div class=\"vce-image-gallery-with-scaleup-item\"><div class=\"vce-image-gallery-with-scaleup-item-inner-wrapper\"><a href=\"https:\/\/plateforme-numerique.intranet-opera.fr\/wp-content\/uploads\/2024\/07\/DSC1983-\u00a9-Mirco-Magliocca-scaled.jpg\" data-lightbox=\"lightbox-96cb40a1\" class=\"vce-image-gallery-with-scaleup-item-inner\"><img decoding=\"async\" class=\"vce-image-gallery-with-scaleup-img\" src=\"https:\/\/plateforme-numerique.intranet-opera.fr\/wp-content\/uploads\/2024\/07\/DSC1983-\u00a9-Mirco-Magliocca-1024x683.jpg\" alt=\"\" title=\"_DSC1983 \u00a9 Mirco Magliocca\"><\/a><\/div><\/div><div class=\"vce-image-gallery-with-scaleup-item\"><div class=\"vce-image-gallery-with-scaleup-item-inner-wrapper\"><a href=\"https:\/\/plateforme-numerique.intranet-opera.fr\/wp-content\/uploads\/2024\/07\/DSC2091-\u00a9-Mirco-Magliocca-scaled.jpg\" data-lightbox=\"lightbox-96cb40a1\" class=\"vce-image-gallery-with-scaleup-item-inner\"><img decoding=\"async\" class=\"vce-image-gallery-with-scaleup-img\" src=\"https:\/\/plateforme-numerique.intranet-opera.fr\/wp-content\/uploads\/2024\/07\/DSC2091-\u00a9-Mirco-Magliocca-1024x683.jpg\" alt=\"\" title=\"_DSC2091 \u00a9 Mirco Magliocca\"><\/a><\/div><\/div><div class=\"vce-image-gallery-with-scaleup-item\"><div class=\"vce-image-gallery-with-scaleup-item-inner-wrapper\"><a href=\"https:\/\/plateforme-numerique.intranet-opera.fr\/wp-content\/uploads\/2024\/07\/DSC4858\u00a9-Mirco-Magliocca-scaled.jpg\" data-lightbox=\"lightbox-96cb40a1\" class=\"vce-image-gallery-with-scaleup-item-inner\"><img decoding=\"async\" class=\"vce-image-gallery-with-scaleup-img\" src=\"https:\/\/plateforme-numerique.intranet-opera.fr\/wp-content\/uploads\/2024\/07\/DSC4858\u00a9-Mirco-Magliocca-1024x683.jpg\" alt=\"\" title=\"_DSC4858\u00a9 Mirco Magliocca\"><\/a><\/div><\/div><div class=\"vce-image-gallery-with-scaleup-item\"><div class=\"vce-image-gallery-with-scaleup-item-inner-wrapper\"><a href=\"https:\/\/plateforme-numerique.intranet-opera.fr\/wp-content\/uploads\/2024\/07\/DSC1987-\u00a9-Mirco-Magliocca-scaled.jpg\" data-lightbox=\"lightbox-96cb40a1\" class=\"vce-image-gallery-with-scaleup-item-inner\"><img decoding=\"async\" class=\"vce-image-gallery-with-scaleup-img\" src=\"https:\/\/plateforme-numerique.intranet-opera.fr\/wp-content\/uploads\/2024\/07\/DSC1987-\u00a9-Mirco-Magliocca-1024x576.jpg\" alt=\"\" title=\"_DSC1987 \u00a9 Mirco Magliocca\"><\/a><\/div><\/div><div class=\"vce-image-gallery-with-scaleup-item\"><div class=\"vce-image-gallery-with-scaleup-item-inner-wrapper\"><a href=\"https:\/\/plateforme-numerique.intranet-opera.fr\/wp-content\/uploads\/2024\/07\/DSC1962-\u00a9-Mirco-Magliocca-scaled.jpg\" data-lightbox=\"lightbox-96cb40a1\" class=\"vce-image-gallery-with-scaleup-item-inner\"><img decoding=\"async\" class=\"vce-image-gallery-with-scaleup-img\" src=\"https:\/\/plateforme-numerique.intranet-opera.fr\/wp-content\/uploads\/2024\/07\/DSC1962-\u00a9-Mirco-Magliocca-1024x683.jpg\" alt=\"\" title=\"_DSC1962 \u00a9 Mirco Magliocca\"><\/a><\/div><\/div><div class=\"vce-image-gallery-with-scaleup-item\"><div class=\"vce-image-gallery-with-scaleup-item-inner-wrapper\"><a href=\"https:\/\/plateforme-numerique.intranet-opera.fr\/wp-content\/uploads\/2021\/05\/IMG_4689-scaled.jpg\" data-lightbox=\"lightbox-96cb40a1\" class=\"vce-image-gallery-with-scaleup-item-inner\"><img decoding=\"async\" class=\"vce-image-gallery-with-scaleup-img\" src=\"https:\/\/plateforme-numerique.intranet-opera.fr\/wp-content\/uploads\/2021\/05\/IMG_4689-1024x683.jpg\" alt=\"\" title=\"IMG_4689\"><\/a><\/div><\/div><div class=\"vce-image-gallery-with-scaleup-item\"><div class=\"vce-image-gallery-with-scaleup-item-inner-wrapper\"><a href=\"https:\/\/plateforme-numerique.intranet-opera.fr\/wp-content\/uploads\/2021\/05\/IMG_9350-scaled.jpg\" data-lightbox=\"lightbox-96cb40a1\" class=\"vce-image-gallery-with-scaleup-item-inner\"><img decoding=\"async\" class=\"vce-image-gallery-with-scaleup-img\" src=\"https:\/\/plateforme-numerique.intranet-opera.fr\/wp-content\/uploads\/2021\/05\/IMG_9350-1024x683.jpg\" alt=\"\" title=\"IMG_9350\"><\/a><\/div><\/div><div class=\"vce-image-gallery-with-scaleup-item\"><div class=\"vce-image-gallery-with-scaleup-item-inner-wrapper\"><a href=\"https:\/\/plateforme-numerique.intranet-opera.fr\/wp-content\/uploads\/2024\/07\/DSC2021-\u00a9-Mirco-Magliocca-scaled.jpg\" data-lightbox=\"lightbox-96cb40a1\" class=\"vce-image-gallery-with-scaleup-item-inner\"><img decoding=\"async\" class=\"vce-image-gallery-with-scaleup-img\" src=\"https:\/\/plateforme-numerique.intranet-opera.fr\/wp-content\/uploads\/2024\/07\/DSC2021-\u00a9-Mirco-Magliocca-1024x683.jpg\" alt=\"\" title=\"_DSC2021 \u00a9 Mirco Magliocca\"><\/a><\/div><\/div><div class=\"vce-image-gallery-with-scaleup-item\"><div class=\"vce-image-gallery-with-scaleup-item-inner-wrapper\"><a href=\"https:\/\/plateforme-numerique.intranet-opera.fr\/wp-content\/uploads\/2024\/07\/DSC2000-\u00a9-Mirco-Magliocca-scaled.jpg\" data-lightbox=\"lightbox-96cb40a1\" class=\"vce-image-gallery-with-scaleup-item-inner\"><img decoding=\"async\" class=\"vce-image-gallery-with-scaleup-img\" src=\"https:\/\/plateforme-numerique.intranet-opera.fr\/wp-content\/uploads\/2024\/07\/DSC2000-\u00a9-Mirco-Magliocca-1024x683.jpg\" alt=\"\" title=\"_DSC2000 \u00a9 Mirco Magliocca\"><\/a><\/div><\/div><div class=\"vce-image-gallery-with-scaleup-item\"><div class=\"vce-image-gallery-with-scaleup-item-inner-wrapper\"><a href=\"https:\/\/plateforme-numerique.intranet-opera.fr\/wp-content\/uploads\/2024\/07\/DSC2027-\u00a9-Mirco-Magliocca-scaled.jpg\" data-lightbox=\"lightbox-96cb40a1\" class=\"vce-image-gallery-with-scaleup-item-inner\"><img decoding=\"async\" class=\"vce-image-gallery-with-scaleup-img\" src=\"https:\/\/plateforme-numerique.intranet-opera.fr\/wp-content\/uploads\/2024\/07\/DSC2027-\u00a9-Mirco-Magliocca-1024x683.jpg\" alt=\"\" title=\"_DSC2027 \u00a9 Mirco Magliocca\"><\/a><\/div><\/div><div class=\"vce-image-gallery-with-scaleup-item\"><div class=\"vce-image-gallery-with-scaleup-item-inner-wrapper\"><a href=\"https:\/\/plateforme-numerique.intranet-opera.fr\/wp-content\/uploads\/2024\/07\/DSC2038-\u00a9-Mirco-Magliocca-scaled.jpg\" data-lightbox=\"lightbox-96cb40a1\" class=\"vce-image-gallery-with-scaleup-item-inner\"><img decoding=\"async\" class=\"vce-image-gallery-with-scaleup-img\" src=\"https:\/\/plateforme-numerique.intranet-opera.fr\/wp-content\/uploads\/2024\/07\/DSC2038-\u00a9-Mirco-Magliocca-1024x576.jpg\" alt=\"\" title=\"_DSC2038 \u00a9 Mirco Magliocca\"><\/a><\/div><\/div><\/div><\/div><\/div><\/div><\/div><\/div><\/div><\/div><\/div><div class=\"vce-row-container\" data-vce-boxed-width=\"true\"><div class=\"vce-row vce-row--col-gap-30 vce-row-equal-height vce-row-content--top\" id=\"el-d72add60\" data-vce-do-apply=\"all el-d72add60\"><div class=\"vce-row-content\" data-vce-element-content=\"true\"><div class=\"vce-col vce-col--md-auto vce-col--xs-1 vce-col--xs-last vce-col--xs-first vce-col--sm-last vce-col--sm-first vce-col--md-last vce-col--lg-last vce-col--xl-last vce-col--md-first vce-col--lg-first vce-col--xl-first\" id=\"el-40ca96ac\"><div class=\"vce-col-inner\" data-vce-do-apply=\"border margin background  el-40ca96ac\"><div class=\"vce-col-content\" data-vce-element-content=\"true\" data-vce-do-apply=\"padding el-40ca96ac\"><div class=\"vce-text-block\"><div class=\"vce-text-block-wrapper vce\" id=\"el-34837550\" data-vce-do-apply=\"all el-34837550\"><p><span style=\"font-size: 10pt;\">\u00a9 Mirco Magliocca<\/span><\/p><\/div><\/div><\/div><\/div><\/div><\/div><\/div><\/div><div class=\"vce-row-container\" data-vce-boxed-width=\"true\"><div class=\"vce-row vce-row--col-gap-30 vce-row-equal-height vce-row-content--top\" id=\"el-061d7baa\" data-vce-do-apply=\"all el-061d7baa\"><div class=\"vce-row-content\" data-vce-element-content=\"true\"><div class=\"vce-col vce-col--md-auto vce-col--xs-1 vce-col--xs-last vce-col--xs-first vce-col--sm-last vce-col--sm-first vce-col--md-last vce-col--lg-last vce-col--xl-last vce-col--md-first vce-col--lg-first vce-col--xl-first\" id=\"el-5d5b4b7c\"><div class=\"vce-col-inner\" data-vce-do-apply=\"border margin background  el-5d5b4b7c\"><div class=\"vce-col-content\" data-vce-element-content=\"true\" data-vce-do-apply=\"padding el-5d5b4b7c\"><div class=\"vce-text-block\"><div class=\"vce-text-block-wrapper vce\" id=\"el-92a6e2db\" data-vce-do-apply=\"all el-92a6e2db\"><h2><span style=\"font-size: 10pt;\">POUR ALLER PLUS LOIN<\/span><\/h2><\/div><\/div><\/div><\/div><\/div><\/div><\/div><\/div><div class=\"vce-row-container\" data-vce-boxed-width=\"true\"><div class=\"vce-row vce-row--col-gap-30 vce-row-equal-height vce-row-content--top\" id=\"el-a8760d18\" data-vce-do-apply=\"all el-a8760d18\"><div class=\"vce-row-content\" data-vce-element-content=\"true\"><div class=\"vce-col vce-col--md-auto vce-col--xs-1 vce-col--xs-last vce-col--xs-first vce-col--sm-last vce-col--sm-first vce-col--md-last vce-col--lg-last vce-col--xl-last vce-col--md-first vce-col--lg-first vce-col--xl-first\" id=\"el-211b0a1f\"><div class=\"vce-col-inner\" data-vce-do-apply=\"border margin background  el-211b0a1f\"><div class=\"vce-col-content\" data-vce-element-content=\"true\" data-vce-do-apply=\"padding el-211b0a1f\"><div class=\"vce-posts-grid-container vce-post-grid-with-hover-button-container\" style=\"--gapPx: 10px; --columns: 2; --paginationColor: #e2e2e2; --paginationActiveColor: #E0BAA0; --paginationHoverColor: #d6d6d6; --paginationActiveHoverColor: #d5b098;\"><div class=\"vce vce-posts-grid-wrapper\" id=\"el-de1449b9\" data-vce-do-apply=\"all el-de1449b9\"><div class=\"vce-posts-grid-list\"><div class=\"vce-posts-grid-item\"><div class=\"vce-post-description vce-post-description--full\" style=\"--authorColor:#393939;--buttonOverlayPaddingPx:8px;--dateColor:#D7DFE4;--imageOverlayBackground:#00000066;--titleColor:#393939;--excerptColor:#6A6A6A\"><a href=\"https:\/\/plateforme-numerique.intranet-opera.fr\/?page_id=1407\" class=\"vce-post-grid-with-hover-button--link\" aria-label=\"Fiche p\u00e9dagogique - Ateliers de d\u00e9cors et costumes de l&#039;Op\u00e9ra de Dijon\"><\/a><div class=\"vce-post-grid-with-hover-button--image vce-post-grid-with-hover-button-aspect-ratio--1-1\" style=\"background-image:url(https:\/\/plateforme-numerique.intranet-opera.fr\/wp-content\/uploads\/2024\/06\/Fiche-Ateliers-decors-et-costumes-v2.png)\"><div class=\"vce-post-grid-with-hover-button--image-overlay vce-post-grid-with-hover-button--image-overlay-position-center-center\"><div class=\"vce-button--style-outline-container vce-button--style-outline-container--align-left\"><span class=\"vce-button--style-outline-wrapper vce\" id=\"el-f0409373\" data-vce-do-apply=\"margin el-f0409373\"><button class=\"vce-button vce-button--style-outline-animated vce-button--style-outline--border-square vce-button--style-outline--size-medium vce-button--style-outline-animated--color-fff--fff--3d3d3d vce-button--style-outline-animated--border-color-fff--3d3d3d vce-button--style-outline-animated--background-color-3d3d3d\" data-vce-do-apply=\"padding border background  el-f0409373\"><span class=\"vce-button--style-outline-text\">Read more<\/span><\/button><\/span><\/div><\/div><\/div><div class=\"vce-post-grid-with-hover-button-description vce-post-grid-with-hover-button-description-position--left\"><\/div><\/div><\/div><\/div><\/div><\/div><\/div><\/div><\/div><\/div><\/div><\/div>\n","protected":false},"excerpt":{"rendered":"<p>Les ateliers de fabrication de d\u00e9cors et costumes se trouvent \u00e0 quelques pas de l\u2019Auditorium, avenue Marbotte. C\u2019est l\u00e0 que travaillent les artisans du spectacle vivant. Aux ateliers de construction de d\u00e9cors, il y a quatre professionnels permanent : un chef des ateliers d\u00e9cors, un r\u00e9gisseur des ateliers (menuisier de formation) et deux techniciens constructeurs&hellip;<\/p>\n","protected":false},"author":1,"featured_media":0,"parent":61,"menu_order":0,"comment_status":"closed","ping_status":"closed","template":"","meta":{"footnotes":""},"class_list":["post-1711","page","type-page","status-publish","hentry"],"_links":{"self":[{"href":"https:\/\/plateforme-numerique.intranet-opera.fr\/index.php?rest_route=\/wp\/v2\/pages\/1711","targetHints":{"allow":["GET"]}}],"collection":[{"href":"https:\/\/plateforme-numerique.intranet-opera.fr\/index.php?rest_route=\/wp\/v2\/pages"}],"about":[{"href":"https:\/\/plateforme-numerique.intranet-opera.fr\/index.php?rest_route=\/wp\/v2\/types\/page"}],"author":[{"embeddable":true,"href":"https:\/\/plateforme-numerique.intranet-opera.fr\/index.php?rest_route=\/wp\/v2\/users\/1"}],"replies":[{"embeddable":true,"href":"https:\/\/plateforme-numerique.intranet-opera.fr\/index.php?rest_route=%2Fwp%2Fv2%2Fcomments&post=1711"}],"version-history":[{"count":10,"href":"https:\/\/plateforme-numerique.intranet-opera.fr\/index.php?rest_route=\/wp\/v2\/pages\/1711\/revisions"}],"predecessor-version":[{"id":1737,"href":"https:\/\/plateforme-numerique.intranet-opera.fr\/index.php?rest_route=\/wp\/v2\/pages\/1711\/revisions\/1737"}],"up":[{"embeddable":true,"href":"https:\/\/plateforme-numerique.intranet-opera.fr\/index.php?rest_route=\/wp\/v2\/pages\/61"}],"wp:attachment":[{"href":"https:\/\/plateforme-numerique.intranet-opera.fr\/index.php?rest_route=%2Fwp%2Fv2%2Fmedia&parent=1711"}],"curies":[{"name":"wp","href":"https:\/\/api.w.org\/{rel}","templated":true}]}}