{"id":1699,"date":"2024-07-01T18:10:28","date_gmt":"2024-07-01T16:10:28","guid":{"rendered":"http:\/\/op-int-21.fr\/plateforme-numerique-wp\/?page_id=1699"},"modified":"2024-07-02T11:14:06","modified_gmt":"2024-07-02T09:14:06","slug":"le-local-costume","status":"publish","type":"page","link":"https:\/\/plateforme-numerique.intranet-opera.fr\/?page_id=1699","title":{"rendered":"Le local costume"},"content":{"rendered":"<div class=\"vce-row-container\" data-vce-boxed-width=\"true\"><div class=\"vce-row vce-row--col-gap-30 vce-row-equal-height vce-row-content--top\" id=\"el-a252f2cb\" data-vce-do-apply=\"all el-a252f2cb\"><div class=\"vce-row-content\" data-vce-element-content=\"true\"><div class=\"vce-col vce-col--md-auto vce-col--xs-1 vce-col--xs-last vce-col--xs-first vce-col--sm-last vce-col--sm-first vce-col--md-last vce-col--lg-last vce-col--xl-last vce-col--md-first vce-col--lg-first vce-col--xl-first\" id=\"el-dca964fd\"><div class=\"vce-col-inner\" data-vce-do-apply=\"border margin background  el-dca964fd\"><div class=\"vce-col-content\" data-vce-element-content=\"true\" data-vce-do-apply=\"padding el-dca964fd\"><div class=\"vce-text-block\"><div class=\"vce-text-block-wrapper vce\" id=\"el-494c9643\" data-vce-do-apply=\"all el-494c9643\"><p>Au premier dessous de l'Auditorium se trouve le local costume. Une fois les costumes fabriqu\u00e9s \u00e0 l'atelier couture situ\u00e9 avenue Marbotte, ils sont amen\u00e9s au local costume pour les r\u00e9p\u00e9titions. C'est l\u00e0 \u00e9galement que pourront \u00eatre continu\u00e9 les essayages et l'ajustement des costumes sur les artistes.<\/p><p>Des couturi\u00e8res et des habilleuses resteront jusqu'\u00e0 la derni\u00e8re repr\u00e9sentation pour veiller \u00e0 ce qu'ils soient ajust\u00e9s\/r\u00e9par\u00e9s au besoin, entretenus apr\u00e8s chaque r\u00e9p\u00e9tition et repr\u00e9sentation, remis propres pour les artistes et \u00e0 disposition sur des portants devant les loges. Les chaussures et accessoires sont dispos\u00e9s \u00e0 c\u00f4t\u00e9 des portants, directement au sol ou sur des tables, toujours avec le nom de l'artiste inscrit \u00e0 c\u00f4t\u00e9 pour ne pas qu'il puisse se tromper !<\/p><p>Un \u00e9cran et un haut-parleur sont dispos\u00e9s dans ce local pour permettre au personnel de suivre en direct ce qu'il se passe sur sc\u00e8ne et d'entendre les appels du r\u00e9gisseur sc\u00e8ne. Les habilleuses disposent \u00e9galement d'une conduite du spectacle pour savoir quand aider aux changements rapides de costumes en loge, coulisses ou parfois en dessous de sc\u00e8ne.<\/p><\/div><\/div><\/div><\/div><\/div><\/div><\/div><\/div><div class=\"vce-row-container\" data-vce-boxed-width=\"true\"><div class=\"vce-row vce-row--col-gap-30 vce-row-equal-height vce-row-content--top\" id=\"el-df075905\" data-vce-do-apply=\"all el-df075905\"><div class=\"vce-row-content\" data-vce-element-content=\"true\"><div class=\"vce-col vce-col--md-auto vce-col--xs-1 vce-col--xs-last vce-col--xs-first vce-col--sm-last vce-col--sm-first vce-col--md-last vce-col--lg-last vce-col--xl-last vce-col--md-first vce-col--lg-first vce-col--xl-first\" id=\"el-7d696ad0\"><div class=\"vce-col-inner\" data-vce-do-apply=\"border margin background  el-7d696ad0\"><div class=\"vce-col-content\" data-vce-element-content=\"true\" data-vce-do-apply=\"padding el-7d696ad0\"><div class=\"vce-image-gallery-with-scaleup vce-image-gallery-with-scaleup--gap-10 vce-image-gallery-with-scaleup--columns-3\"><div class=\"vce vce-image-gallery-with-scaleup-wrapper\" id=\"el-86377d6b\" data-vce-do-apply=\"all el-86377d6b\"><div class=\"vce-image-gallery-with-scaleup-list\"><div class=\"vce-image-gallery-with-scaleup-item\"><div class=\"vce-image-gallery-with-scaleup-item-inner-wrapper\"><a href=\"https:\/\/plateforme-numerique.intranet-opera.fr\/wp-content\/uploads\/2024\/07\/costumes-scaled.jpg\" data-lightbox=\"lightbox-86377d6b\" class=\"vce-image-gallery-with-scaleup-item-inner\"><img decoding=\"async\" class=\"vce-image-gallery-with-scaleup-img\" src=\"https:\/\/plateforme-numerique.intranet-opera.fr\/wp-content\/uploads\/2024\/07\/costumes-1024x683.jpg\" alt=\"\" title=\"costumes\"><\/a><\/div><\/div><div class=\"vce-image-gallery-with-scaleup-item\"><div class=\"vce-image-gallery-with-scaleup-item-inner-wrapper\"><a href=\"https:\/\/plateforme-numerique.intranet-opera.fr\/wp-content\/uploads\/2024\/07\/IMG_9550-scaled.jpg\" data-lightbox=\"lightbox-86377d6b\" class=\"vce-image-gallery-with-scaleup-item-inner\"><img decoding=\"async\" class=\"vce-image-gallery-with-scaleup-img\" src=\"https:\/\/plateforme-numerique.intranet-opera.fr\/wp-content\/uploads\/2024\/07\/IMG_9550-1024x683.jpg\" alt=\"\" title=\"IMG_9550\"><\/a><\/div><\/div><div class=\"vce-image-gallery-with-scaleup-item\"><div class=\"vce-image-gallery-with-scaleup-item-inner-wrapper\"><a href=\"https:\/\/plateforme-numerique.intranet-opera.fr\/wp-content\/uploads\/2024\/07\/IMG_9553-scaled.jpg\" data-lightbox=\"lightbox-86377d6b\" class=\"vce-image-gallery-with-scaleup-item-inner\"><img decoding=\"async\" class=\"vce-image-gallery-with-scaleup-img\" src=\"https:\/\/plateforme-numerique.intranet-opera.fr\/wp-content\/uploads\/2024\/07\/IMG_9553-1024x683.jpg\" alt=\"\" title=\"IMG_9553\"><\/a><\/div><\/div><div class=\"vce-image-gallery-with-scaleup-item\"><div class=\"vce-image-gallery-with-scaleup-item-inner-wrapper\"><a href=\"https:\/\/plateforme-numerique.intranet-opera.fr\/wp-content\/uploads\/2024\/07\/IMG_9558-scaled.jpg\" data-lightbox=\"lightbox-86377d6b\" class=\"vce-image-gallery-with-scaleup-item-inner\"><img decoding=\"async\" class=\"vce-image-gallery-with-scaleup-img\" src=\"https:\/\/plateforme-numerique.intranet-opera.fr\/wp-content\/uploads\/2024\/07\/IMG_9558-1024x683.jpg\" alt=\"\" title=\"IMG_9558\"><\/a><\/div><\/div><div class=\"vce-image-gallery-with-scaleup-item\"><div class=\"vce-image-gallery-with-scaleup-item-inner-wrapper\"><a href=\"https:\/\/plateforme-numerique.intranet-opera.fr\/wp-content\/uploads\/2024\/06\/DSC01959-scaled.jpg\" data-lightbox=\"lightbox-86377d6b\" class=\"vce-image-gallery-with-scaleup-item-inner\"><img decoding=\"async\" class=\"vce-image-gallery-with-scaleup-img\" src=\"https:\/\/plateforme-numerique.intranet-opera.fr\/wp-content\/uploads\/2024\/06\/DSC01959-1024x683.jpg\" alt=\"\" title=\"DSC01959\"><\/a><\/div><\/div><div class=\"vce-image-gallery-with-scaleup-item\"><div class=\"vce-image-gallery-with-scaleup-item-inner-wrapper\"><a href=\"https:\/\/plateforme-numerique.intranet-opera.fr\/wp-content\/uploads\/2024\/06\/DSC01989-scaled.jpg\" data-lightbox=\"lightbox-86377d6b\" class=\"vce-image-gallery-with-scaleup-item-inner\"><img decoding=\"async\" class=\"vce-image-gallery-with-scaleup-img vce-image-gallery-with-scaleup-img--orientation-portrait\" src=\"https:\/\/plateforme-numerique.intranet-opera.fr\/wp-content\/uploads\/2024\/06\/DSC01989-683x1024.jpg\" alt=\"\" title=\"DSC01989\"><\/a><\/div><\/div><div class=\"vce-image-gallery-with-scaleup-item\"><div class=\"vce-image-gallery-with-scaleup-item-inner-wrapper\"><a href=\"https:\/\/plateforme-numerique.intranet-opera.fr\/wp-content\/uploads\/2024\/06\/DSC01937-scaled.jpg\" data-lightbox=\"lightbox-86377d6b\" class=\"vce-image-gallery-with-scaleup-item-inner\"><img decoding=\"async\" class=\"vce-image-gallery-with-scaleup-img\" src=\"https:\/\/plateforme-numerique.intranet-opera.fr\/wp-content\/uploads\/2024\/06\/DSC01937-1024x683.jpg\" alt=\"\" title=\"DSC01937\"><\/a><\/div><\/div><div class=\"vce-image-gallery-with-scaleup-item\"><div class=\"vce-image-gallery-with-scaleup-item-inner-wrapper\"><a href=\"https:\/\/plateforme-numerique.intranet-opera.fr\/wp-content\/uploads\/2024\/07\/IMG_9531-scaled.jpg\" data-lightbox=\"lightbox-86377d6b\" class=\"vce-image-gallery-with-scaleup-item-inner\"><img decoding=\"async\" class=\"vce-image-gallery-with-scaleup-img\" src=\"https:\/\/plateforme-numerique.intranet-opera.fr\/wp-content\/uploads\/2024\/07\/IMG_9531-1024x683.jpg\" alt=\"\" title=\"IMG_9531\"><\/a><\/div><\/div><div class=\"vce-image-gallery-with-scaleup-item\"><div class=\"vce-image-gallery-with-scaleup-item-inner-wrapper\"><a href=\"https:\/\/plateforme-numerique.intranet-opera.fr\/wp-content\/uploads\/2024\/07\/IMG_9532-scaled.jpg\" data-lightbox=\"lightbox-86377d6b\" class=\"vce-image-gallery-with-scaleup-item-inner\"><img decoding=\"async\" class=\"vce-image-gallery-with-scaleup-img\" src=\"https:\/\/plateforme-numerique.intranet-opera.fr\/wp-content\/uploads\/2024\/07\/IMG_9532-1024x683.jpg\" alt=\"\" title=\"IMG_9532\"><\/a><\/div><\/div><\/div><\/div><\/div><\/div><\/div><\/div><\/div><\/div><\/div><div class=\"vce-row-container\" data-vce-boxed-width=\"true\"><div class=\"vce-row vce-row--col-gap-30 vce-row-equal-height vce-row-content--top\" id=\"el-466b3dbd\" data-vce-do-apply=\"all el-466b3dbd\"><div class=\"vce-row-content\" data-vce-element-content=\"true\"><div class=\"vce-col vce-col--md-auto vce-col--xs-1 vce-col--xs-last vce-col--xs-first vce-col--sm-last vce-col--sm-first vce-col--md-last vce-col--lg-last vce-col--xl-last vce-col--md-first vce-col--lg-first vce-col--xl-first\" id=\"el-0d2a903b\"><div class=\"vce-col-inner\" data-vce-do-apply=\"border margin background  el-0d2a903b\"><div class=\"vce-col-content\" data-vce-element-content=\"true\" data-vce-do-apply=\"padding el-0d2a903b\"><div class=\"vce-text-block\"><div class=\"vce-text-block-wrapper vce\" id=\"el-736f74b4\" data-vce-do-apply=\"all el-736f74b4\"><p><span style=\"font-size: 10pt;\">\u00a9 Op\u00e9ra de Dijon<\/span><\/p><\/div><\/div><\/div><\/div><\/div><\/div><\/div><\/div>\n","protected":false},"excerpt":{"rendered":"<p>Au premier dessous de l&rsquo;Auditorium se trouve le local costume. Une fois les costumes fabriqu\u00e9s \u00e0 l&rsquo;atelier couture situ\u00e9 avenue Marbotte, ils sont amen\u00e9s au local costume pour les r\u00e9p\u00e9titions. C&rsquo;est l\u00e0 \u00e9galement que pourront \u00eatre continu\u00e9 les essayages et l&rsquo;ajustement des costumes sur les artistes.Des couturi\u00e8res et des habilleuses resteront jusqu&rsquo;\u00e0 la derni\u00e8re repr\u00e9sentation &hellip; <\/p>\n<p class=\"link-more\"><a href=\"https:\/\/plateforme-numerique.intranet-opera.fr\/?page_id=1699\" class=\"more-link\">Continuer la lecture<span class=\"screen-reader-text\"> de &laquo;&nbsp;Le local costume&nbsp;&raquo;<\/span><\/a><\/p>\n","protected":false},"author":1,"featured_media":0,"parent":61,"menu_order":0,"comment_status":"closed","ping_status":"closed","template":"","meta":{"footnotes":""},"class_list":["post-1699","page","type-page","status-publish","hentry"],"_links":{"self":[{"href":"https:\/\/plateforme-numerique.intranet-opera.fr\/index.php?rest_route=\/wp\/v2\/pages\/1699","targetHints":{"allow":["GET"]}}],"collection":[{"href":"https:\/\/plateforme-numerique.intranet-opera.fr\/index.php?rest_route=\/wp\/v2\/pages"}],"about":[{"href":"https:\/\/plateforme-numerique.intranet-opera.fr\/index.php?rest_route=\/wp\/v2\/types\/page"}],"author":[{"embeddable":true,"href":"https:\/\/plateforme-numerique.intranet-opera.fr\/index.php?rest_route=\/wp\/v2\/users\/1"}],"replies":[{"embeddable":true,"href":"https:\/\/plateforme-numerique.intranet-opera.fr\/index.php?rest_route=%2Fwp%2Fv2%2Fcomments&post=1699"}],"version-history":[{"count":5,"href":"https:\/\/plateforme-numerique.intranet-opera.fr\/index.php?rest_route=\/wp\/v2\/pages\/1699\/revisions"}],"predecessor-version":[{"id":1740,"href":"https:\/\/plateforme-numerique.intranet-opera.fr\/index.php?rest_route=\/wp\/v2\/pages\/1699\/revisions\/1740"}],"up":[{"embeddable":true,"href":"https:\/\/plateforme-numerique.intranet-opera.fr\/index.php?rest_route=\/wp\/v2\/pages\/61"}],"wp:attachment":[{"href":"https:\/\/plateforme-numerique.intranet-opera.fr\/index.php?rest_route=%2Fwp%2Fv2%2Fmedia&parent=1699"}],"curies":[{"name":"wp","href":"https:\/\/api.w.org\/{rel}","templated":true}]}}