{"id":161,"date":"2021-02-02T12:46:44","date_gmt":"2021-02-02T11:46:44","guid":{"rendered":"http:\/\/op-int-21.fr\/plateforme-numerique-wp\/?page_id=161"},"modified":"2021-06-21T16:52:21","modified_gmt":"2021-06-21T14:52:21","slug":"violon","status":"publish","type":"page","link":"https:\/\/plateforme-numerique.intranet-opera.fr\/?page_id=161","title":{"rendered":"Violon"},"content":{"rendered":"<div class=\"vce-row-container\" data-vce-boxed-width=\"true\"><div class=\"vce-row vce-row--col-gap-30 vce-row-equal-height vce-row-content--top\" id=\"el-eeb490ef\" data-vce-do-apply=\"all el-eeb490ef\"><div class=\"vce-row-content\" data-vce-element-content=\"true\"><div class=\"vce-col vce-col--md-auto vce-col--xs-1 vce-col--xs-last vce-col--xs-first vce-col--sm-last vce-col--sm-first vce-col--md-last vce-col--lg-last vce-col--xl-last vce-col--md-first vce-col--lg-first vce-col--xl-first\" id=\"el-e6c44cce\"><div class=\"vce-col-inner\" data-vce-do-apply=\"border margin background  el-e6c44cce\"><div class=\"vce-col-content\" data-vce-element-content=\"true\" data-vce-do-apply=\"padding el-e6c44cce\"><div class=\"vce-text-block\"><div class=\"vce-text-block-wrapper vce\" id=\"el-1fa851da\" data-vce-do-apply=\"all el-1fa851da\"><div class=\"vce-row-container\"><div id=\"el-cd8989ad\" class=\"vce-row vce-row--col-gap-30 vce-row-columns--top vce-row-content--top\" data-vce-do-apply=\"all el-cd8989ad\"><div class=\"vce-row-content\" data-vce-element-content=\"true\"><div id=\"el-bc9fb5ec\" class=\"vce-col vce-col--md-auto vce-col--xs-1 vce-col--xs-last vce-col--xs-first vce-col--sm-last vce-col--sm-first vce-col--md-last vce-col--lg-last vce-col--xl-last vce-col--md-first vce-col--lg-first vce-col--xl-first\"><div class=\"vce-col-inner\" data-vce-do-apply=\"border margin background el-bc9fb5ec\"><div class=\"vce-col-content\" data-vce-element-content=\"true\" data-vce-do-apply=\"padding el-bc9fb5ec\"><div class=\"vce-text-block\"><span style=\"font-size: 12pt;\">C\u2019est un instrument \u00e0 cordes frott\u00e9es avec un archet (le plus souvent, mais on peut aussi jouer en pin\u00e7ant les cordes, cela s\u2019appelle le <em>pizzicato<\/em>). Il a quatre&nbsp; cordes.&nbsp; On le place sous le menton.<\/span><\/div><\/div><\/div><\/div><\/div><\/div><\/div><div class=\"col-lg-12\"><p><span style=\"font-size: 12pt;\">C\u2019est aujourd\u2019hui l\u2019instrument roi de l\u2019orchestre. Les violons sont divis\u00e9s en deux groupes : premiers violons, et deuxi\u00e8mes violons. Ils n\u2019ont pas la m\u00eame partition. Ce sont les premiers violons qui m\u00e8nent.<\/span><\/p><\/div><\/div><\/div><div class=\"vce-yt-video-player vce-yt-video-player--align-center vce-yt-video-player--size-560x315\"><div class=\"vce vce-yt-video-player-wrapper\" id=\"el-ecc4fe92\" style=\"width: 560px;\" data-vce-do-apply=\"all el-ecc4fe92\"><div class=\"vce-yt-video-player-inner\"><iframe loading=\"lazy\" class=\"vce-yt-video-player-iframe\" src=\"https:\/\/www.youtube.com\/embed\/isbwoYZaXwQ?autoplay=0&amp;mute=0&amp;color=red&amp;controls=1&amp;loop=0&amp;rel=0&amp;start=0&amp;cc_load_policy=0&amp;iv_load_policy=3\" allowfullscreen=\"\" width=\"640\" height=\"390\"><\/iframe><\/div><\/div><\/div><\/div><\/div><\/div><\/div><\/div><\/div><div class=\"vce-row-container\" data-vce-boxed-width=\"true\"><div class=\"vce-row vce-row--col-gap-30 vce-row-equal-height vce-row-content--top\" id=\"el-c4cc3b9b\" data-vce-do-apply=\"all el-c4cc3b9b\"><div class=\"vce-row-content\" data-vce-element-content=\"true\"><div class=\"vce-col vce-col--md-auto vce-col--xs-1 vce-col--xs-last vce-col--xs-first vce-col--sm-last vce-col--sm-first vce-col--md-first vce-col--lg-first vce-col--xl-first\" id=\"el-fbb3d75b\"><div class=\"vce-col-inner\" data-vce-do-apply=\"border margin background  el-fbb3d75b\"><div class=\"vce-col-content\" data-vce-element-content=\"true\" data-vce-do-apply=\"padding el-fbb3d75b\"><div class=\"vce-posts-grid-container vce-post-grid-with-hover-button-container\"><div class=\"vce vce-posts-grid-wrapper vce-posts-grid--gap-10 vce-posts-grid--columns-1 vce-posts-grid-pagination--color-E0BAA0--e2e2e2\" id=\"el-1985b303\" data-vce-do-apply=\"all el-1985b303\"><div class=\"vce-posts-grid-list\"><div class=\"vce-posts-grid-item\"><div class=\"vce-post-description vce-post-description--full\"><a href=\"https:\/\/plateforme-numerique.intranet-opera.fr\/?page_id=146\" class=\"vce-post-grid-with-hover-button--link\"><\/a><div class=\"vce-post-grid-with-hover-button--image vce-post-grid-with-hover-button-aspect-ratio--1-1\" style=\"background-image:url(https:\/\/plateforme-numerique.intranet-opera.fr\/wp-content\/uploads\/2021\/03\/10-Guitare_Vignettes-130x130-1.jpg)\"><div class=\"vce-post-grid-with-hover-button--image-overlay vce-post-grid-with-hover-button--image-overlay-background-color-00000066 vce-post-grid-with-hover-button--image-overlay-position-center-center vce-post-grid-with-hover-button--image-overlay-padding--8\"><div class=\"vce-button--style-outline-container vce-button--style-outline-container--align-left\"><span class=\"vce-button--style-outline-wrapper vce\" id=\"el-05f3bf68\" data-vce-do-apply=\"margin el-05f3bf68\"><button class=\"vce-button--style-outline-animated vce-button--style-outline--border-round vce-button--style-outline--size-small vce-button--style-outline-animated--color-fff--fff--3d3d3d vce-button--style-outline-animated--border-color-fff--3d3d3d vce-button--style-outline-animated--background-color-3d3d3d\" data-vce-do-apply=\"padding border background  el-05f3bf68\"><span class=\"vce-button--style-outline-text\">Allez voir<\/span><\/button><\/span><\/div><\/div><\/div><div class=\"vce-post-grid-with-hover-button-description vce-post-grid-with-hover-button--excerpt-color-6A6A6A vce-post-grid-with-hover-button-description-position--left\"><\/div><\/div><\/div><\/div><\/div><\/div><\/div><\/div><\/div><div class=\"vce-col vce-col--md-auto vce-col--xs-1 vce-col--xs-last vce-col--xs-first vce-col--sm-last vce-col--sm-first\" id=\"el-45fcb5a4\"><div class=\"vce-col-inner\" data-vce-do-apply=\"border margin background  el-45fcb5a4\"><div class=\"vce-col-content\" data-vce-element-content=\"true\" data-vce-do-apply=\"padding el-45fcb5a4\"><\/div><\/div><\/div><div class=\"vce-col vce-col--md-auto vce-col--xs-1 vce-col--xs-last vce-col--xs-first vce-col--sm-last vce-col--sm-first vce-col--md-last vce-col--lg-last vce-col--xl-last\" id=\"el-33d32b4e\"><div class=\"vce-col-inner\" data-vce-do-apply=\"border margin background  el-33d32b4e\"><div class=\"vce-col-content\" data-vce-element-content=\"true\" data-vce-do-apply=\"padding el-33d32b4e\"><div class=\"vce-posts-grid-container vce-post-grid-with-hover-button-container\"><div class=\"vce vce-posts-grid-wrapper vce-posts-grid--gap-10 vce-posts-grid--columns-1 vce-posts-grid-pagination--color-E0BAA0--e2e2e2\" id=\"el-4a14da52\" data-vce-do-apply=\"all el-4a14da52\"><div class=\"vce-posts-grid-list\"><div class=\"vce-posts-grid-item\"><div class=\"vce-post-description vce-post-description--full\"><a href=\"https:\/\/plateforme-numerique.intranet-opera.fr\/?page_id=164\" class=\"vce-post-grid-with-hover-button--link\"><\/a><div class=\"vce-post-grid-with-hover-button--image vce-post-grid-with-hover-button-aspect-ratio--1-1\" style=\"background-image:url(https:\/\/plateforme-numerique.intranet-opera.fr\/wp-content\/uploads\/2021\/03\/18-Violon-alto_Vignettes-130x130-1.jpg)\"><div class=\"vce-post-grid-with-hover-button--image-overlay vce-post-grid-with-hover-button--image-overlay-background-color-00000066 vce-post-grid-with-hover-button--image-overlay-position-center-center vce-post-grid-with-hover-button--image-overlay-padding--8\"><div class=\"vce-button--style-outline-container vce-button--style-outline-container--align-left\"><span class=\"vce-button--style-outline-wrapper vce\" id=\"el-05f3bf68\" data-vce-do-apply=\"margin el-05f3bf68\"><button class=\"vce-button--style-outline-animated vce-button--style-outline--border-round vce-button--style-outline--size-small vce-button--style-outline-animated--color-fff--fff--3d3d3d vce-button--style-outline-animated--border-color-fff--3d3d3d vce-button--style-outline-animated--background-color-3d3d3d\" data-vce-do-apply=\"padding border background  el-05f3bf68\"><span class=\"vce-button--style-outline-text\">Allez voir<\/span><\/button><\/span><\/div><\/div><\/div><div class=\"vce-post-grid-with-hover-button-description vce-post-grid-with-hover-button--excerpt-color-6A6A6A vce-post-grid-with-hover-button-description-position--left\"><\/div><\/div><\/div><\/div><\/div><\/div><\/div><\/div><\/div><\/div><\/div><\/div>\n","protected":false},"excerpt":{"rendered":"<p>C\u2019est un instrument \u00e0 cordes frott\u00e9es avec un archet (le plus souvent, mais on peut aussi jouer en pin\u00e7ant les cordes, cela s\u2019appelle le pizzicato). Il a quatre&nbsp; cordes.&nbsp; On le place sous le menton.C\u2019est aujourd\u2019hui l\u2019instrument roi de l\u2019orchestre. Les violons sont divis\u00e9s en deux groupes : premiers violons, et deuxi\u00e8mes violons. Ils n\u2019ont&hellip;<\/p>\n","protected":false},"author":1,"featured_media":409,"parent":0,"menu_order":0,"comment_status":"closed","ping_status":"closed","template":"","meta":{"footnotes":""},"class_list":["post-161","page","type-page","status-publish","has-post-thumbnail","hentry"],"_links":{"self":[{"href":"https:\/\/plateforme-numerique.intranet-opera.fr\/index.php?rest_route=\/wp\/v2\/pages\/161","targetHints":{"allow":["GET"]}}],"collection":[{"href":"https:\/\/plateforme-numerique.intranet-opera.fr\/index.php?rest_route=\/wp\/v2\/pages"}],"about":[{"href":"https:\/\/plateforme-numerique.intranet-opera.fr\/index.php?rest_route=\/wp\/v2\/types\/page"}],"author":[{"embeddable":true,"href":"https:\/\/plateforme-numerique.intranet-opera.fr\/index.php?rest_route=\/wp\/v2\/users\/1"}],"replies":[{"embeddable":true,"href":"https:\/\/plateforme-numerique.intranet-opera.fr\/index.php?rest_route=%2Fwp%2Fv2%2Fcomments&post=161"}],"version-history":[{"count":6,"href":"https:\/\/plateforme-numerique.intranet-opera.fr\/index.php?rest_route=\/wp\/v2\/pages\/161\/revisions"}],"predecessor-version":[{"id":917,"href":"https:\/\/plateforme-numerique.intranet-opera.fr\/index.php?rest_route=\/wp\/v2\/pages\/161\/revisions\/917"}],"wp:featuredmedia":[{"embeddable":true,"href":"https:\/\/plateforme-numerique.intranet-opera.fr\/index.php?rest_route=\/wp\/v2\/media\/409"}],"wp:attachment":[{"href":"https:\/\/plateforme-numerique.intranet-opera.fr\/index.php?rest_route=%2Fwp%2Fv2%2Fmedia&parent=161"}],"curies":[{"name":"wp","href":"https:\/\/api.w.org\/{rel}","templated":true}]}}