{"id":158,"date":"2021-02-02T12:46:10","date_gmt":"2021-02-02T11:46:10","guid":{"rendered":"http:\/\/op-int-21.fr\/plateforme-numerique-wp\/?page_id=158"},"modified":"2021-05-04T16:57:32","modified_gmt":"2021-05-04T14:57:32","slug":"tirangle-fouet","status":"publish","type":"page","link":"https:\/\/plateforme-numerique.intranet-opera.fr\/?page_id=158","title":{"rendered":"Triangle &#038; Fouet"},"content":{"rendered":"<div class=\"vce-row-container\" data-vce-boxed-width=\"true\"><div class=\"vce-row vce-row--col-gap-30 vce-row-equal-height vce-row-content--top\" id=\"el-448f7bce\" data-vce-do-apply=\"all el-448f7bce\"><div class=\"vce-row-content\" data-vce-element-content=\"true\"><div class=\"vce-col vce-col--md-auto vce-col--xs-1 vce-col--xs-last vce-col--xs-first vce-col--sm-last vce-col--sm-first vce-col--md-last vce-col--lg-last vce-col--xl-last vce-col--md-first vce-col--lg-first vce-col--xl-first\" id=\"el-62ab9eff\"><div class=\"vce-col-inner\" data-vce-do-apply=\"border margin background  el-62ab9eff\"><div class=\"vce-col-content\" data-vce-element-content=\"true\" data-vce-do-apply=\"padding el-62ab9eff\"><div class=\"vce-text-block\"><div class=\"vce-text-block-wrapper vce\" id=\"el-ea3a4f6c\" data-vce-do-apply=\"all el-ea3a4f6c\"><div class=\"vce-row-container\">\n<div id=\"el-cd8989ad\" class=\"vce-row vce-row--col-gap-30 vce-row-columns--top vce-row-content--top\" data-vce-do-apply=\"all el-cd8989ad\">\n<div class=\"vce-row-content\" data-vce-element-content=\"true\">\n<div id=\"el-bc9fb5ec\" class=\"vce-col vce-col--md-auto vce-col--xs-1 vce-col--xs-last vce-col--xs-first vce-col--sm-last vce-col--sm-first vce-col--md-last vce-col--lg-last vce-col--xl-last vce-col--md-first vce-col--lg-first vce-col--xl-first\">\n<div class=\"vce-col-inner\" data-vce-do-apply=\"border margin background  el-bc9fb5ec\">\n<div class=\"vce-col-content\" data-vce-element-content=\"true\" data-vce-do-apply=\"padding el-bc9fb5ec\">\n<div class=\"vce-text-block\"><span style=\"font-size: 1rem;\">Le triangle est un instrument \u00e0 percussion m\u00e9tallique de forme triangulaire dont un angle est ouvert. En frappant avec une baguette m\u00e9tallique \u00e0 diff\u00e9rents endroits du triangle, on peut obtenir diff\u00e9rentes couleurs de sons.<\/span><\/div>\n<\/div>\n<\/div>\n<\/div>\n<\/div>\n<\/div>\n<\/div>\n<div class=\"col-lg-12\">\n<p>Le fouet est un instrument form\u00e9 de deux grande lames en bois. Frapp\u00e9es l'une contre l'autre, elles \u00e9mettent un clap faisant penser au claquement d'un fouet.<\/p>\n<\/div><\/div><\/div><div class=\"vce-yt-video-player vce-yt-video-player--align-center vce-yt-video-player--size-560x315\"><div class=\"vce vce-yt-video-player-wrapper\" id=\"el-13b5b8fb\" style=\"width: 560px;\" data-vce-do-apply=\"all el-13b5b8fb\"><div class=\"vce-yt-video-player-inner\"><iframe loading=\"lazy\" class=\"vce-yt-video-player-iframe\" src=\"https:\/\/www.youtube.com\/embed\/GiKS-ZwJ5d4?autoplay=0&amp;mute=0&amp;color=red&amp;controls=1&amp;loop=0&amp;rel=0&amp;start=0&amp;cc_load_policy=0&amp;iv_load_policy=3\" allowfullscreen=\"\" width=\"640\" height=\"390\"><\/iframe><\/div><\/div><\/div><\/div><\/div><\/div><\/div><\/div><\/div><div class=\"vce-row-container\" data-vce-boxed-width=\"true\"><div class=\"vce-row vce-row--col-gap-30 vce-row-equal-height vce-row-content--top\" id=\"el-de42c77d\" data-vce-do-apply=\"all el-de42c77d\"><div class=\"vce-row-content\" data-vce-element-content=\"true\"><div class=\"vce-col vce-col--md-auto vce-col--xs-1 vce-col--xs-last vce-col--xs-first vce-col--sm-last vce-col--sm-first vce-col--md-first vce-col--lg-first vce-col--xl-first\" id=\"el-cac80584\"><div class=\"vce-col-inner\" data-vce-do-apply=\"border margin background  el-cac80584\"><div class=\"vce-col-content\" data-vce-element-content=\"true\" data-vce-do-apply=\"padding el-cac80584\"><div class=\"vce-posts-grid-container vce-post-grid-with-hover-button-container\"><div class=\"vce vce-posts-grid-wrapper vce-posts-grid--gap-10 vce-posts-grid--columns-1 vce-posts-grid-pagination--color-E0BAA0--e2e2e2\" id=\"el-290c42a4\" data-vce-do-apply=\"all el-290c42a4\"><div class=\"vce-posts-grid-list\"><div class=\"vce-posts-grid-item\"><div class=\"vce-post-description vce-post-description--full\"><a href=\"https:\/\/plateforme-numerique.intranet-opera.fr\/?page_id=155\" class=\"vce-post-grid-with-hover-button--link\"><\/a><div class=\"vce-post-grid-with-hover-button--image vce-post-grid-with-hover-button-aspect-ratio--1-1\" style=\"background-image:url(https:\/\/plateforme-numerique.intranet-opera.fr\/wp-content\/uploads\/2021\/03\/11-Timbales_Vignettes-130x130-1.jpg)\"><div class=\"vce-post-grid-with-hover-button--image-overlay vce-post-grid-with-hover-button--image-overlay-background-color-00000066 vce-post-grid-with-hover-button--image-overlay-position-center-center vce-post-grid-with-hover-button--image-overlay-padding--8\"><div class=\"vce-button--style-outline-container vce-button--style-outline-container--align-left\"><span class=\"vce-button--style-outline-wrapper vce\" id=\"el-05f3bf68\" data-vce-do-apply=\"margin el-05f3bf68\"><button class=\"vce-button--style-outline-animated vce-button--style-outline--border-round vce-button--style-outline--size-small vce-button--style-outline-animated--color-fff--fff--3d3d3d vce-button--style-outline-animated--border-color-fff--3d3d3d vce-button--style-outline-animated--background-color-3d3d3d\" data-vce-do-apply=\"padding border background  el-05f3bf68\"><span class=\"vce-button--style-outline-text\">Allez voir<\/span><\/button><\/span><\/div><\/div><\/div><div class=\"vce-post-grid-with-hover-button-description vce-post-grid-with-hover-button--excerpt-color-6A6A6A vce-post-grid-with-hover-button-description-position--left\"><\/div><\/div><\/div><\/div><\/div><\/div><\/div><\/div><\/div><div class=\"vce-col vce-col--md-auto vce-col--xs-1 vce-col--xs-last vce-col--xs-first vce-col--sm-last vce-col--sm-first\" id=\"el-1d2eb050\"><div class=\"vce-col-inner\" data-vce-do-apply=\"border margin background  el-1d2eb050\"><div class=\"vce-col-content\" data-vce-element-content=\"true\" data-vce-do-apply=\"padding el-1d2eb050\"><\/div><\/div><\/div><div class=\"vce-col vce-col--md-auto vce-col--xs-1 vce-col--xs-last vce-col--xs-first vce-col--sm-last vce-col--sm-first\" id=\"el-7d85aa38\"><div class=\"vce-col-inner\" data-vce-do-apply=\"border margin background  el-7d85aa38\"><div class=\"vce-col-content\" data-vce-element-content=\"true\" data-vce-do-apply=\"padding el-7d85aa38\"><\/div><\/div><\/div><div class=\"vce-col vce-col--md-auto vce-col--xs-1 vce-col--xs-last vce-col--xs-first vce-col--sm-last vce-col--sm-first vce-col--md-last vce-col--lg-last vce-col--xl-last\" id=\"el-8c8b4c30\"><div class=\"vce-col-inner\" data-vce-do-apply=\"border margin background  el-8c8b4c30\"><div class=\"vce-col-content\" data-vce-element-content=\"true\" data-vce-do-apply=\"padding el-8c8b4c30\"><\/div><\/div><\/div><\/div><\/div><\/div>\n","protected":false},"excerpt":{"rendered":"<p>Le triangle est un instrument \u00e0 percussion m\u00e9tallique de forme triangulaire dont un angle est ouvert. En frappant avec une baguette m\u00e9tallique \u00e0 diff\u00e9rents endroits du triangle, on peut obtenir diff\u00e9rentes couleurs de sons. Le fouet est un instrument form\u00e9 de deux grande lames en bois. Frapp\u00e9es l&rsquo;une contre l&rsquo;autre, elles \u00e9mettent un clap faisant&hellip;<\/p>\n","protected":false},"author":1,"featured_media":414,"parent":0,"menu_order":0,"comment_status":"closed","ping_status":"closed","template":"","meta":{"footnotes":""},"class_list":["post-158","page","type-page","status-publish","has-post-thumbnail","hentry"],"_links":{"self":[{"href":"https:\/\/plateforme-numerique.intranet-opera.fr\/index.php?rest_route=\/wp\/v2\/pages\/158","targetHints":{"allow":["GET"]}}],"collection":[{"href":"https:\/\/plateforme-numerique.intranet-opera.fr\/index.php?rest_route=\/wp\/v2\/pages"}],"about":[{"href":"https:\/\/plateforme-numerique.intranet-opera.fr\/index.php?rest_route=\/wp\/v2\/types\/page"}],"author":[{"embeddable":true,"href":"https:\/\/plateforme-numerique.intranet-opera.fr\/index.php?rest_route=\/wp\/v2\/users\/1"}],"replies":[{"embeddable":true,"href":"https:\/\/plateforme-numerique.intranet-opera.fr\/index.php?rest_route=%2Fwp%2Fv2%2Fcomments&post=158"}],"version-history":[{"count":5,"href":"https:\/\/plateforme-numerique.intranet-opera.fr\/index.php?rest_route=\/wp\/v2\/pages\/158\/revisions"}],"predecessor-version":[{"id":878,"href":"https:\/\/plateforme-numerique.intranet-opera.fr\/index.php?rest_route=\/wp\/v2\/pages\/158\/revisions\/878"}],"wp:featuredmedia":[{"embeddable":true,"href":"https:\/\/plateforme-numerique.intranet-opera.fr\/index.php?rest_route=\/wp\/v2\/media\/414"}],"wp:attachment":[{"href":"https:\/\/plateforme-numerique.intranet-opera.fr\/index.php?rest_route=%2Fwp%2Fv2%2Fmedia&parent=158"}],"curies":[{"name":"wp","href":"https:\/\/api.w.org\/{rel}","templated":true}]}}