{"id":143,"date":"2021-02-02T12:42:12","date_gmt":"2021-02-02T11:42:12","guid":{"rendered":"http:\/\/op-int-21.fr\/plateforme-numerique-wp\/?page_id=143"},"modified":"2024-07-02T14:22:40","modified_gmt":"2024-07-02T12:22:40","slug":"accordeon","status":"publish","type":"page","link":"https:\/\/plateforme-numerique.intranet-opera.fr\/?page_id=143","title":{"rendered":"Accord\u00e9on"},"content":{"rendered":"<div class=\"vce-row-container\" data-vce-boxed-width=\"true\"><div class=\"vce-row vce-row--col-gap-30 vce-row-equal-height vce-row-content--top\" id=\"el-49071e96\" data-vce-do-apply=\"all el-49071e96\"><div class=\"vce-row-content\" data-vce-element-content=\"true\"><div class=\"vce-col vce-col--md-auto vce-col--xs-1 vce-col--xs-last vce-col--xs-first vce-col--sm-last vce-col--sm-first vce-col--md-last vce-col--lg-last vce-col--xl-last vce-col--md-first vce-col--lg-first vce-col--xl-first\" id=\"el-cf2bb643\"><div class=\"vce-col-inner\" data-vce-do-apply=\"border margin background  el-cf2bb643\"><div class=\"vce-col-content\" data-vce-element-content=\"true\" data-vce-do-apply=\"padding el-cf2bb643\"><div class=\"vce-text-block\"><div class=\"vce-text-block-wrapper vce\" id=\"el-523b72f4\" data-vce-do-apply=\"all el-523b72f4\"><p><!--vcv no format--><\/p>\n<div class=\"vce-row-container\">\n<div id=\"el-cd8989ad\" class=\"vce-row vce-row--col-gap-30 vce-row-columns--top vce-row-content--top\" data-vce-do-apply=\"all el-cd8989ad\">\n<div class=\"vce-row-content\" data-vce-element-content=\"true\">\n<div id=\"el-bc9fb5ec\" class=\"vce-col vce-col--md-auto vce-col--xs-1 vce-col--xs-last vce-col--xs-first vce-col--sm-last vce-col--sm-first vce-col--md-last vce-col--lg-last vce-col--xl-last vce-col--md-first vce-col--lg-first vce-col--xl-first\">\n<div class=\"vce-col-inner\" data-vce-do-apply=\"border margin background  el-bc9fb5ec\">\n<div class=\"vce-col-content\" data-vce-element-content=\"true\" data-vce-do-apply=\"padding el-bc9fb5ec\">\n<div class=\"vce-text-block\">\n<div id=\"el-dd6d6622\" class=\"vce-text-block-wrapper vce\" data-vce-do-apply=\"all el-dd6d6622\"><span style=\"font-size: 1rem;\">C\u2019est un instrument \u00e0 vent qui fonctionne comme nos poumons. Quand le soufflet est \u00e9tir\u00e9 il se gonfle, quand il est compress\u00e9 il se d\u00e9gonfle. Chaque touche de clavier est reli\u00e9 \u00e0 une soupape. Quand on appuie sur une touche, la soupape correspondante se l\u00e8ve et lorsque le soufflet est actionn\u00e9 l'air met en vibration deux petites lames m\u00e9talliques ce qui produit le son. Plus le soufflet est tir\u00e9, plus le son est fort. Du c\u00f4t\u00e9 gauche de l\u2019accord\u00e9on se trouve une multitude de boutons correspondant \u00e0 des sonorit\u00e9s diff\u00e9rents.<\/span><\/div>\n<\/div>\n<\/div>\n<\/div>\n<\/div>\n<\/div>\n<\/div>\n<\/div>\n<!-- \/wp:paragraph --><!-- wp:image {\"sizeSlug\":\"large\"} --><!-- \/wp:image -->\n<p><!--vcv no format--><\/p><\/div><\/div><\/div><\/div><\/div><\/div><\/div><\/div><div class=\"vce-row-container\" data-vce-boxed-width=\"true\"><div class=\"vce-row vce-row--col-gap-30 vce-row-equal-height vce-row-content--top\" id=\"el-ff84c020\" data-vce-do-apply=\"all el-ff84c020\"><div class=\"vce-row-content\" data-vce-element-content=\"true\"><div class=\"vce-col vce-col--md-auto vce-col--xs-1 vce-col--xs-last vce-col--xs-first vce-col--sm-last vce-col--sm-first vce-col--md-last vce-col--lg-last vce-col--xl-last vce-col--md-first vce-col--lg-first vce-col--xl-first\" id=\"el-d3ec767e\"><div class=\"vce-col-inner\" data-vce-do-apply=\"border margin background  el-d3ec767e\"><div class=\"vce-col-content\" data-vce-element-content=\"true\" data-vce-do-apply=\"padding el-d3ec767e\"><div class=\"vce-yt-video-player vce-yt-video-player--align-center vce-yt-video-player--size-560x315\"><div class=\"vce vce-yt-video-player-wrapper\" id=\"el-b8bc5724\" style=\"width: 560px;\" data-vce-do-apply=\"all el-b8bc5724\"><div class=\"vce-yt-video-player-inner\"><iframe loading=\"lazy\" class=\"vce-yt-video-player-iframe\" src=\"https:\/\/www.youtube.com\/embed\/j1Ktp6md_qM?autoplay=0&amp;mute=0&amp;color=red&amp;controls=1&amp;loop=0&amp;rel=0&amp;start=0&amp;cc_load_policy=0&amp;iv_load_policy=3&amp;enablejsapi=1\" width=\"640\" height=\"390\" allowfullscreen=\"\" title=\"YouTube video\"><\/iframe><\/div><\/div><\/div><div class=\"vce-row-container\" data-vce-boxed-width=\"true\"><div class=\"vce-row vce-row--col-gap-30 vce-row-equal-height vce-row-content--top\" id=\"el-28377a98\" data-vce-do-apply=\"all el-28377a98\"><div class=\"vce-row-content\" data-vce-element-content=\"true\"><div class=\"vce-col vce-col--md-auto vce-col--xs-1 vce-col--xs-last vce-col--xs-first vce-col--sm-last vce-col--sm-first vce-col--md-last vce-col--lg-last vce-col--xl-last vce-col--md-first vce-col--lg-first vce-col--xl-first\" id=\"el-12b415e8\"><div class=\"vce-col-inner\" data-vce-do-apply=\"border margin background  el-12b415e8\"><div class=\"vce-col-content\" data-vce-element-content=\"true\" data-vce-do-apply=\"padding el-12b415e8\"><!-- wp:vcwb\/empty-comment-element-wrapper --><div class=\"vcv-row-control-wrapper\"><\/div><!-- \/wp:vcwb\/empty-comment-element-wrapper --><\/div><\/div><\/div><\/div><\/div><\/div><\/div><\/div><\/div><\/div><\/div><\/div><div class=\"vce-row-container\" data-vce-boxed-width=\"true\"><div class=\"vce-row vce-row--col-gap-30 vce-row-equal-height vce-row-content--top\" id=\"el-7f5f22ac\" data-vce-do-apply=\"all el-7f5f22ac\"><div class=\"vce-row-content\" data-vce-element-content=\"true\"><div class=\"vce-col vce-col--md-auto vce-col--xs-1 vce-col--xs-last vce-col--xs-first vce-col--sm-last vce-col--sm-first vce-col--md-first vce-col--lg-first vce-col--xl-first\" id=\"el-4a8944fa\"><div class=\"vce-col-inner\" data-vce-do-apply=\"border margin background  el-4a8944fa\"><div class=\"vce-col-content\" data-vce-element-content=\"true\" data-vce-do-apply=\"padding el-4a8944fa\"><!-- wp:vcwb\/empty-comment-element-wrapper --><div class=\"vcv-row-control-wrapper\"><\/div><!-- \/wp:vcwb\/empty-comment-element-wrapper --><\/div><\/div><\/div><div class=\"vce-col vce-col--md-auto vce-col--xs-1 vce-col--xs-last vce-col--xs-first vce-col--sm-last vce-col--sm-first\" id=\"el-4bceb3f8\"><div class=\"vce-col-inner\" data-vce-do-apply=\"border margin background  el-4bceb3f8\"><div class=\"vce-col-content\" data-vce-element-content=\"true\" data-vce-do-apply=\"padding el-4bceb3f8\"><!-- wp:vcwb\/empty-comment-element-wrapper --><div class=\"vcv-row-control-wrapper\"><\/div><!-- \/wp:vcwb\/empty-comment-element-wrapper --><\/div><\/div><\/div><div class=\"vce-col vce-col--md-auto vce-col--xs-1 vce-col--xs-last vce-col--xs-first vce-col--sm-last vce-col--sm-first vce-col--md-last vce-col--lg-last vce-col--xl-last\" id=\"el-c30a354d\"><div class=\"vce-col-inner\" data-vce-do-apply=\"border margin background  el-c30a354d\"><div class=\"vce-col-content\" data-vce-element-content=\"true\" data-vce-do-apply=\"padding el-c30a354d\"><div class=\"vce-posts-grid-container vce-post-grid-with-hover-button-container\" style=\"--gapPx: 10px; --columns: 1; --paginationColor: #e2e2e2; --paginationActiveColor: #E0BAA0; --paginationHoverColor: #d6d6d6; --paginationActiveHoverColor: #d5b098;\"><div class=\"vce vce-posts-grid-wrapper\" id=\"el-ca0827c9\" data-vce-do-apply=\"all el-ca0827c9\"><div class=\"vce-posts-grid-list\"><div class=\"vce-posts-grid-item\"><div class=\"vce-post-description vce-post-description--full\" style=\"--authorColor:#393939;--buttonOverlayPaddingPx:8px;--dateColor:#D7DFE4;--imageOverlayBackground:#00000066;--titleColor:#393939;--excerptColor:#6A6A6A\"><a href=\"https:\/\/plateforme-numerique.intranet-opera.fr\/?page_id=137\" class=\"vce-post-grid-with-hover-button--link\" aria-label=\"Piano\"><\/a><div class=\"vce-post-grid-with-hover-button--image vce-post-grid-with-hover-button-aspect-ratio--1-1\" style=\"background-image:url(https:\/\/plateforme-numerique.intranet-opera.fr\/wp-content\/uploads\/2021\/03\/09-Piano_Vignettes-130x130-1.jpg)\"><div class=\"vce-post-grid-with-hover-button--image-overlay vce-post-grid-with-hover-button--image-overlay-position-center-center\"><div class=\"vce-button--style-outline-container vce-button--style-outline-container--align-left\"><span class=\"vce-button--style-outline-wrapper vce\" id=\"el-05f3bf68\" data-vce-do-apply=\"margin el-05f3bf68\"><button class=\"vce-button vce-button--style-outline-animated vce-button--style-outline--border-round vce-button--style-outline--size-small vce-button--style-outline-animated--color-fff--fff--3d3d3d vce-button--style-outline-animated--border-color-fff--3d3d3d vce-button--style-outline-animated--background-color-3d3d3d\" data-vce-do-apply=\"padding border background  el-05f3bf68\"><span class=\"vce-button--style-outline-text\">Allez voir<\/span><\/button><\/span><\/div><\/div><\/div><div class=\"vce-post-grid-with-hover-button-description vce-post-grid-with-hover-button-description-position--left\"><\/div><\/div><\/div><\/div><\/div><\/div><\/div><\/div><\/div><\/div><\/div><\/div>","protected":false},"excerpt":{"rendered":"<p>C\u2019est un instrument \u00e0 vent qui fonctionne comme nos poumons. Quand le soufflet est \u00e9tir\u00e9 il se gonfle, quand il est compress\u00e9 il se d\u00e9gonfle. Chaque touche de clavier est reli\u00e9 \u00e0 une soupape. Quand on appuie sur une touche, la soupape correspondante se l\u00e8ve et lorsque le soufflet est actionn\u00e9 l&rsquo;air met en vibration&hellip;<\/p>\n","protected":false},"author":1,"featured_media":411,"parent":0,"menu_order":0,"comment_status":"closed","ping_status":"closed","template":"","meta":{"footnotes":""},"class_list":["post-143","page","type-page","status-publish","has-post-thumbnail","hentry"],"_links":{"self":[{"href":"https:\/\/plateforme-numerique.intranet-opera.fr\/index.php?rest_route=\/wp\/v2\/pages\/143","targetHints":{"allow":["GET"]}}],"collection":[{"href":"https:\/\/plateforme-numerique.intranet-opera.fr\/index.php?rest_route=\/wp\/v2\/pages"}],"about":[{"href":"https:\/\/plateforme-numerique.intranet-opera.fr\/index.php?rest_route=\/wp\/v2\/types\/page"}],"author":[{"embeddable":true,"href":"https:\/\/plateforme-numerique.intranet-opera.fr\/index.php?rest_route=\/wp\/v2\/users\/1"}],"replies":[{"embeddable":true,"href":"https:\/\/plateforme-numerique.intranet-opera.fr\/index.php?rest_route=%2Fwp%2Fv2%2Fcomments&post=143"}],"version-history":[{"count":7,"href":"https:\/\/plateforme-numerique.intranet-opera.fr\/index.php?rest_route=\/wp\/v2\/pages\/143\/revisions"}],"predecessor-version":[{"id":1771,"href":"https:\/\/plateforme-numerique.intranet-opera.fr\/index.php?rest_route=\/wp\/v2\/pages\/143\/revisions\/1771"}],"wp:featuredmedia":[{"embeddable":true,"href":"https:\/\/plateforme-numerique.intranet-opera.fr\/index.php?rest_route=\/wp\/v2\/media\/411"}],"wp:attachment":[{"href":"https:\/\/plateforme-numerique.intranet-opera.fr\/index.php?rest_route=%2Fwp%2Fv2%2Fmedia&parent=143"}],"curies":[{"name":"wp","href":"https:\/\/api.w.org\/{rel}","templated":true}]}}