{"id":1356,"date":"2024-06-12T11:55:41","date_gmt":"2024-06-12T09:55:41","guid":{"rendered":"http:\/\/op-int-21.fr\/plateforme-numerique-wp\/?page_id=1356"},"modified":"2024-07-02T11:15:29","modified_gmt":"2024-07-02T09:15:29","slug":"latelier-couture","status":"publish","type":"page","link":"https:\/\/plateforme-numerique.intranet-opera.fr\/?page_id=1356","title":{"rendered":"L&#039;atelier couture"},"content":{"rendered":"<div class=\"vce-row-container\" data-vce-boxed-width=\"true\"><div class=\"vce-row vce-row--col-gap-30 vce-row-equal-height vce-row-content--top\" id=\"el-f61a0a6c\" data-vce-do-apply=\"all el-f61a0a6c\"><div class=\"vce-row-content\" data-vce-element-content=\"true\"><div class=\"vce-col vce-col--md-auto vce-col--xs-1 vce-col--xs-last vce-col--xs-first vce-col--sm-last vce-col--sm-first vce-col--md-last vce-col--lg-last vce-col--xl-last vce-col--md-first vce-col--lg-first vce-col--xl-first\" id=\"el-12f4ca42\"><div class=\"vce-col-inner\" data-vce-do-apply=\"border margin background  el-12f4ca42\"><div class=\"vce-col-content\" data-vce-element-content=\"true\" data-vce-do-apply=\"padding el-12f4ca42\"><div class=\"vce-text-block\"><div class=\"vce-text-block-wrapper vce\" id=\"el-29ec1136\" data-vce-do-apply=\"all el-29ec1136\"><p>Au 5e et dernier \u00e9tage du b\u00e2timent, au-dessus des loges, se trouve c\u00f4t\u00e9 Jardin l'atelier couture avec son espace buanderie.<\/p><p>L'Op\u00e9ra de Dijon dispose d'un large espace de construction de d\u00e9cors et de fabrication de costumes aux Ateliers, rue Marbotte. Une fois les costumes confectionn\u00e9s dans cet atelier, ils sont amen\u00e9s dans l'atelier couture du Grand Th\u00e9\u00e2tre (si le spectacle se produit dans cette salle) pour \u00eatre entretenus et mis \u00e0 disposition des artistes par les couturi\u00e8res et les habilleuses.<\/p><p>Ces derni\u00e8res naviguent, gr\u00e2ce \u00e0 des portants sur roulettes et l\u2019ascenseur \u00e0 disposition, entre les diff\u00e9rents \u00e9tages pour apporter les costumes aux artistes et les aider, au besoin, \u00e0 se costumer avant une r\u00e9p\u00e9tition ou une repr\u00e9sentation.<\/p><p>L'atelier couture du Grand Th\u00e9\u00e2tre dispose de grandes baies vitr\u00e9es faisant vue sur les toits de Dijon. On peut ainsi admirer le Mus\u00e9e des Beaux-Arts, la Tour Philippe Le Bon, l'\u00e9glise Notre-Dame, la Tour Saint-Nicolas et les tuiles color\u00e9es de la villes.<\/p><\/div><\/div><\/div><\/div><\/div><\/div><\/div><\/div><div class=\"vce-row-container\" data-vce-boxed-width=\"true\"><div class=\"vce-row vce-row--col-gap-30 vce-row-equal-height vce-row-content--top\" id=\"el-9594f834\" data-vce-do-apply=\"all el-9594f834\"><div class=\"vce-row-content\" data-vce-element-content=\"true\"><div class=\"vce-col vce-col--md-auto vce-col--xs-1 vce-col--xs-last vce-col--xs-first vce-col--sm-last vce-col--sm-first vce-col--md-last vce-col--lg-last vce-col--xl-last vce-col--md-first vce-col--lg-first vce-col--xl-first\" id=\"el-a0a89074\"><div class=\"vce-col-inner\" data-vce-do-apply=\"border margin background  el-a0a89074\"><div class=\"vce-col-content\" data-vce-element-content=\"true\" data-vce-do-apply=\"padding el-a0a89074\"><div class=\"vce-image-gallery-with-scaleup vce-image-gallery-with-scaleup--gap-10 vce-image-gallery-with-scaleup--columns-2\"><div class=\"vce vce-image-gallery-with-scaleup-wrapper\" id=\"el-6389c231\" data-vce-do-apply=\"all el-6389c231\"><div class=\"vce-image-gallery-with-scaleup-list\"><div class=\"vce-image-gallery-with-scaleup-item\"><div class=\"vce-image-gallery-with-scaleup-item-inner-wrapper\"><a href=\"https:\/\/plateforme-numerique.intranet-opera.fr\/wp-content\/uploads\/2024\/06\/DSC0250-HDR-scaled.jpg\" data-lightbox=\"lightbox-6389c231\" class=\"vce-image-gallery-with-scaleup-item-inner\"><img decoding=\"async\" class=\"vce-image-gallery-with-scaleup-img\" src=\"https:\/\/plateforme-numerique.intranet-opera.fr\/wp-content\/uploads\/2024\/06\/DSC0250-HDR-1024x576.jpg\" alt=\"\" title=\"_DSC0250-HDR\"><\/a><\/div><\/div><div class=\"vce-image-gallery-with-scaleup-item\"><div class=\"vce-image-gallery-with-scaleup-item-inner-wrapper\"><a href=\"https:\/\/plateforme-numerique.intranet-opera.fr\/wp-content\/uploads\/2024\/06\/DSC0244-HDR-scaled.jpg\" data-lightbox=\"lightbox-6389c231\" class=\"vce-image-gallery-with-scaleup-item-inner\"><img decoding=\"async\" class=\"vce-image-gallery-with-scaleup-img\" src=\"https:\/\/plateforme-numerique.intranet-opera.fr\/wp-content\/uploads\/2024\/06\/DSC0244-HDR-1024x683.jpg\" alt=\"\" title=\"_DSC0244-HDR\"><\/a><\/div><\/div><\/div><\/div><\/div><\/div><\/div><\/div><\/div><\/div><\/div><div class=\"vce-row-container\" data-vce-boxed-width=\"true\"><div class=\"vce-row vce-row--col-gap-30 vce-row-equal-height vce-row-content--top\" id=\"el-bc5cf1d2\" data-vce-do-apply=\"all el-bc5cf1d2\"><div class=\"vce-row-content\" data-vce-element-content=\"true\"><div class=\"vce-col vce-col--md-auto vce-col--xs-1 vce-col--xs-last vce-col--xs-first vce-col--sm-last vce-col--sm-first vce-col--md-last vce-col--lg-last vce-col--xl-last vce-col--md-first vce-col--lg-first vce-col--xl-first\" id=\"el-81e07a96\"><div class=\"vce-col-inner\" data-vce-do-apply=\"border margin background  el-81e07a96\"><div class=\"vce-col-content\" data-vce-element-content=\"true\" data-vce-do-apply=\"padding el-81e07a96\"><div class=\"vce-text-block\"><div class=\"vce-text-block-wrapper vce\" id=\"el-34c6836c\" data-vce-do-apply=\"all el-34c6836c\"><p><span style=\"font-size: 10pt;\">\u00a9Mirco Magliocca<\/span><\/p><\/div><\/div><\/div><\/div><\/div><\/div><\/div><\/div>\n","protected":false},"excerpt":{"rendered":"<p>Au 5e et dernier \u00e9tage du b\u00e2timent, au-dessus des loges, se trouve c\u00f4t\u00e9 Jardin l&rsquo;atelier couture avec son espace buanderie.L&rsquo;Op\u00e9ra de Dijon dispose d&rsquo;un large espace de construction de d\u00e9cors et de fabrication de costumes aux Ateliers, rue Marbotte. Une fois les costumes confectionn\u00e9s dans cet atelier, ils sont amen\u00e9s dans l&rsquo;atelier couture du Grand &hellip; <\/p>\n<p class=\"link-more\"><a href=\"https:\/\/plateforme-numerique.intranet-opera.fr\/?page_id=1356\" class=\"more-link\">Continuer la lecture<span class=\"screen-reader-text\"> de &laquo;&nbsp;L&#039;atelier couture&nbsp;&raquo;<\/span><\/a><\/p>\n","protected":false},"author":1,"featured_media":0,"parent":1252,"menu_order":0,"comment_status":"closed","ping_status":"closed","template":"","meta":{"footnotes":""},"class_list":["post-1356","page","type-page","status-publish","hentry"],"_links":{"self":[{"href":"https:\/\/plateforme-numerique.intranet-opera.fr\/index.php?rest_route=\/wp\/v2\/pages\/1356","targetHints":{"allow":["GET"]}}],"collection":[{"href":"https:\/\/plateforme-numerique.intranet-opera.fr\/index.php?rest_route=\/wp\/v2\/pages"}],"about":[{"href":"https:\/\/plateforme-numerique.intranet-opera.fr\/index.php?rest_route=\/wp\/v2\/types\/page"}],"author":[{"embeddable":true,"href":"https:\/\/plateforme-numerique.intranet-opera.fr\/index.php?rest_route=\/wp\/v2\/users\/1"}],"replies":[{"embeddable":true,"href":"https:\/\/plateforme-numerique.intranet-opera.fr\/index.php?rest_route=%2Fwp%2Fv2%2Fcomments&post=1356"}],"version-history":[{"count":9,"href":"https:\/\/plateforme-numerique.intranet-opera.fr\/index.php?rest_route=\/wp\/v2\/pages\/1356\/revisions"}],"predecessor-version":[{"id":1741,"href":"https:\/\/plateforme-numerique.intranet-opera.fr\/index.php?rest_route=\/wp\/v2\/pages\/1356\/revisions\/1741"}],"up":[{"embeddable":true,"href":"https:\/\/plateforme-numerique.intranet-opera.fr\/index.php?rest_route=\/wp\/v2\/pages\/1252"}],"wp:attachment":[{"href":"https:\/\/plateforme-numerique.intranet-opera.fr\/index.php?rest_route=%2Fwp%2Fv2%2Fmedia&parent=1356"}],"curies":[{"name":"wp","href":"https:\/\/api.w.org\/{rel}","templated":true}]}}