{"id":1344,"date":"2024-06-12T10:32:11","date_gmt":"2024-06-12T08:32:11","guid":{"rendered":"http:\/\/op-int-21.fr\/plateforme-numerique-wp\/?page_id=1344"},"modified":"2024-07-02T11:29:29","modified_gmt":"2024-07-02T09:29:29","slug":"lentree-des-artistes","status":"publish","type":"page","link":"https:\/\/plateforme-numerique.intranet-opera.fr\/?page_id=1344","title":{"rendered":"L&#039;entr\u00e9e des artistes"},"content":{"rendered":"<div class=\"vce-row-container\" data-vce-boxed-width=\"true\"><div class=\"vce-row vce-row--col-gap-30 vce-row-equal-height vce-row-content--top\" id=\"el-ee6478bb\" data-vce-do-apply=\"all el-ee6478bb\"><div class=\"vce-row-content\" data-vce-element-content=\"true\"><div class=\"vce-col vce-col--md-auto vce-col--xs-1 vce-col--xs-last vce-col--xs-first vce-col--sm-last vce-col--sm-first vce-col--md-last vce-col--lg-last vce-col--xl-last vce-col--md-first vce-col--lg-first vce-col--xl-first\" id=\"el-39974b0f\"><div class=\"vce-col-inner\" data-vce-do-apply=\"border margin background  el-39974b0f\"><div class=\"vce-col-content\" data-vce-element-content=\"true\" data-vce-do-apply=\"padding el-39974b0f\"><div class=\"vce-text-block\"><div class=\"vce-text-block-wrapper vce\" id=\"el-9ee77250\" data-vce-do-apply=\"all el-9ee77250\"><p>L'ensemble du personnel de l'Op\u00e9ra de Dijon ainsi que les artistes entre au Grand Th\u00e9\u00e2tre par l'entr\u00e9e des artistes, situ\u00e9e c\u00f4t\u00e9 loges, \u00e0 l'oppos\u00e9 de l'entr\u00e9e principale. <\/p><p>Une permanence est assur\u00e9e pour s\u00e9curiser les entr\u00e9es dans le b\u00e2timent.<\/p><p>Le rez-de-chauss\u00e9e comportent les loges des musiciens et du chef d'orchestre avec des acc\u00e8s directs vers la fosse d'orchestre en salle, et des bureaux.<\/p><\/div><\/div><\/div><\/div><\/div><\/div><\/div><\/div><div class=\"vce-row-container\" data-vce-boxed-width=\"true\"><div class=\"vce-row vce-row--col-gap-30 vce-row-equal-height vce-row-content--top\" id=\"el-89db528f\" data-vce-do-apply=\"all el-89db528f\"><div class=\"vce-row-content\" data-vce-element-content=\"true\"><div class=\"vce-col vce-col--md-auto vce-col--xs-1 vce-col--xs-last vce-col--xs-first vce-col--sm-last vce-col--sm-first vce-col--md-last vce-col--lg-last vce-col--xl-last vce-col--md-first vce-col--lg-first vce-col--xl-first\" id=\"el-06df872d\"><div class=\"vce-col-inner\" data-vce-do-apply=\"border margin background  el-06df872d\"><div class=\"vce-col-content\" data-vce-element-content=\"true\" data-vce-do-apply=\"padding el-06df872d\"><div class=\"vce-image-gallery-with-scaleup vce-image-gallery-with-scaleup--gap-10 vce-image-gallery-with-scaleup--columns-4\"><div class=\"vce vce-image-gallery-with-scaleup-wrapper\" id=\"el-33437c21\" data-vce-do-apply=\"all el-33437c21\"><div class=\"vce-image-gallery-with-scaleup-list\"><div class=\"vce-image-gallery-with-scaleup-item\"><div class=\"vce-image-gallery-with-scaleup-item-inner-wrapper\"><a href=\"https:\/\/plateforme-numerique.intranet-opera.fr\/wp-content\/uploads\/2024\/06\/DSC0580-scaled.jpg\" data-lightbox=\"lightbox-33437c21\" class=\"vce-image-gallery-with-scaleup-item-inner\"><img decoding=\"async\" class=\"vce-image-gallery-with-scaleup-img\" src=\"https:\/\/plateforme-numerique.intranet-opera.fr\/wp-content\/uploads\/2024\/06\/DSC0580-1024x683.jpg\" alt=\"\" title=\"_DSC0580\"><\/a><\/div><\/div><div class=\"vce-image-gallery-with-scaleup-item\"><div class=\"vce-image-gallery-with-scaleup-item-inner-wrapper\"><a href=\"https:\/\/plateforme-numerique.intranet-opera.fr\/wp-content\/uploads\/2024\/06\/DSC0583-scaled.jpg\" data-lightbox=\"lightbox-33437c21\" class=\"vce-image-gallery-with-scaleup-item-inner\"><img decoding=\"async\" class=\"vce-image-gallery-with-scaleup-img\" src=\"https:\/\/plateforme-numerique.intranet-opera.fr\/wp-content\/uploads\/2024\/06\/DSC0583-1024x683.jpg\" alt=\"\" title=\"_DSC0583\"><\/a><\/div><\/div><div class=\"vce-image-gallery-with-scaleup-item\"><div class=\"vce-image-gallery-with-scaleup-item-inner-wrapper\"><a href=\"https:\/\/plateforme-numerique.intranet-opera.fr\/wp-content\/uploads\/2024\/06\/DSC0585-scaled.jpg\" data-lightbox=\"lightbox-33437c21\" class=\"vce-image-gallery-with-scaleup-item-inner\"><img decoding=\"async\" class=\"vce-image-gallery-with-scaleup-img\" src=\"https:\/\/plateforme-numerique.intranet-opera.fr\/wp-content\/uploads\/2024\/06\/DSC0585-1024x683.jpg\" alt=\"\" title=\"_DSC0585\"><\/a><\/div><\/div><div class=\"vce-image-gallery-with-scaleup-item\"><div class=\"vce-image-gallery-with-scaleup-item-inner-wrapper\"><a href=\"https:\/\/plateforme-numerique.intranet-opera.fr\/wp-content\/uploads\/2024\/06\/DSC0582-scaled.jpg\" data-lightbox=\"lightbox-33437c21\" class=\"vce-image-gallery-with-scaleup-item-inner\"><img decoding=\"async\" class=\"vce-image-gallery-with-scaleup-img\" src=\"https:\/\/plateforme-numerique.intranet-opera.fr\/wp-content\/uploads\/2024\/06\/DSC0582-1024x683.jpg\" alt=\"\" title=\"_DSC0582\"><\/a><\/div><\/div><\/div><\/div><\/div><\/div><\/div><\/div><\/div><\/div><\/div><div class=\"vce-row-container\" data-vce-boxed-width=\"true\"><div class=\"vce-row vce-row--col-gap-30 vce-row-equal-height vce-row-content--top\" id=\"el-abc0cca3\" data-vce-do-apply=\"all el-abc0cca3\"><div class=\"vce-row-content\" data-vce-element-content=\"true\"><div class=\"vce-col vce-col--md-auto vce-col--xs-1 vce-col--xs-last vce-col--xs-first vce-col--sm-last vce-col--sm-first vce-col--md-last vce-col--lg-last vce-col--xl-last vce-col--md-first vce-col--lg-first vce-col--xl-first\" id=\"el-a4bfc0b9\"><div class=\"vce-col-inner\" data-vce-do-apply=\"border margin background  el-a4bfc0b9\"><div class=\"vce-col-content\" data-vce-element-content=\"true\" data-vce-do-apply=\"padding el-a4bfc0b9\"><div class=\"vce-image-gallery-with-scaleup vce-image-gallery-with-scaleup--gap-10 vce-image-gallery-with-scaleup--columns-4\"><div class=\"vce vce-image-gallery-with-scaleup-wrapper\" id=\"el-edc95ddd\" data-vce-do-apply=\"all el-edc95ddd\"><div class=\"vce-image-gallery-with-scaleup-list\"><div class=\"vce-image-gallery-with-scaleup-item\"><div class=\"vce-image-gallery-with-scaleup-item-inner-wrapper\"><a href=\"https:\/\/plateforme-numerique.intranet-opera.fr\/wp-content\/uploads\/2024\/06\/DSC0573-HDR-scaled.jpg\" data-lightbox=\"lightbox-edc95ddd\" class=\"vce-image-gallery-with-scaleup-item-inner\"><img decoding=\"async\" class=\"vce-image-gallery-with-scaleup-img vce-image-gallery-with-scaleup-img--orientation-portrait\" src=\"https:\/\/plateforme-numerique.intranet-opera.fr\/wp-content\/uploads\/2024\/06\/DSC0573-HDR-683x1024.jpg\" alt=\"\" title=\"_DSC0573-HDR\"><\/a><\/div><\/div><div class=\"vce-image-gallery-with-scaleup-item\"><div class=\"vce-image-gallery-with-scaleup-item-inner-wrapper\"><a href=\"https:\/\/plateforme-numerique.intranet-opera.fr\/wp-content\/uploads\/2024\/06\/DSC0568-scaled.jpg\" data-lightbox=\"lightbox-edc95ddd\" class=\"vce-image-gallery-with-scaleup-item-inner\"><img decoding=\"async\" class=\"vce-image-gallery-with-scaleup-img\" src=\"https:\/\/plateforme-numerique.intranet-opera.fr\/wp-content\/uploads\/2024\/06\/DSC0568-1024x683.jpg\" alt=\"\" title=\"_DSC0568\"><\/a><\/div><\/div><div class=\"vce-image-gallery-with-scaleup-item\"><div class=\"vce-image-gallery-with-scaleup-item-inner-wrapper\"><a href=\"https:\/\/plateforme-numerique.intranet-opera.fr\/wp-content\/uploads\/2024\/06\/DSC0590-scaled.jpg\" data-lightbox=\"lightbox-edc95ddd\" class=\"vce-image-gallery-with-scaleup-item-inner\"><img decoding=\"async\" class=\"vce-image-gallery-with-scaleup-img\" src=\"https:\/\/plateforme-numerique.intranet-opera.fr\/wp-content\/uploads\/2024\/06\/DSC0590-1024x683.jpg\" alt=\"\" title=\"_DSC0590\"><\/a><\/div><\/div><div class=\"vce-image-gallery-with-scaleup-item\"><div class=\"vce-image-gallery-with-scaleup-item-inner-wrapper\"><a href=\"https:\/\/plateforme-numerique.intranet-opera.fr\/wp-content\/uploads\/2024\/06\/DSC0587-HDR-1-scaled.jpg\" data-lightbox=\"lightbox-edc95ddd\" class=\"vce-image-gallery-with-scaleup-item-inner\"><img decoding=\"async\" class=\"vce-image-gallery-with-scaleup-img\" src=\"https:\/\/plateforme-numerique.intranet-opera.fr\/wp-content\/uploads\/2024\/06\/DSC0587-HDR-1-1024x683.jpg\" alt=\"\" title=\"_DSC0587-HDR\"><\/a><\/div><\/div><\/div><\/div><\/div><\/div><\/div><\/div><\/div><\/div><\/div><div class=\"vce-row-container\" data-vce-boxed-width=\"true\"><div class=\"vce-row vce-row--col-gap-30 vce-row-equal-height vce-row-content--top\" id=\"el-6aafbf5a\" data-vce-do-apply=\"all el-6aafbf5a\"><div class=\"vce-row-content\" data-vce-element-content=\"true\"><div class=\"vce-col vce-col--md-auto vce-col--xs-1 vce-col--xs-last vce-col--xs-first vce-col--sm-last vce-col--sm-first vce-col--md-last vce-col--lg-last vce-col--xl-last vce-col--md-first vce-col--lg-first vce-col--xl-first\" id=\"el-a6dd0dd4\"><div class=\"vce-col-inner\" data-vce-do-apply=\"border margin background  el-a6dd0dd4\"><div class=\"vce-col-content\" data-vce-element-content=\"true\" data-vce-do-apply=\"padding el-a6dd0dd4\"><div class=\"vce-text-block\"><div class=\"vce-text-block-wrapper vce\" id=\"el-35843ecc\" data-vce-do-apply=\"all el-35843ecc\"><p><span style=\"font-size: 10pt;\">\u00a9 Mirco Magliocca<\/span><\/p><\/div><\/div><\/div><\/div><\/div><\/div><\/div><\/div>\n","protected":false},"excerpt":{"rendered":"<p>L&rsquo;ensemble du personnel de l&rsquo;Op\u00e9ra de Dijon ainsi que les artistes entre au Grand Th\u00e9\u00e2tre par l&rsquo;entr\u00e9e des artistes, situ\u00e9e c\u00f4t\u00e9 loges, \u00e0 l&rsquo;oppos\u00e9 de l&rsquo;entr\u00e9e principale. Une permanence est assur\u00e9e pour s\u00e9curiser les entr\u00e9es dans le b\u00e2timent.Le rez-de-chauss\u00e9e comportent les loges des musiciens et du chef d&rsquo;orchestre avec des acc\u00e8s directs vers la fosse &hellip; <\/p>\n<p class=\"link-more\"><a href=\"https:\/\/plateforme-numerique.intranet-opera.fr\/?page_id=1344\" class=\"more-link\">Continuer la lecture<span class=\"screen-reader-text\"> de &laquo;&nbsp;L&#039;entr\u00e9e des artistes&nbsp;&raquo;<\/span><\/a><\/p>\n","protected":false},"author":1,"featured_media":0,"parent":1252,"menu_order":0,"comment_status":"closed","ping_status":"closed","template":"","meta":{"footnotes":""},"class_list":["post-1344","page","type-page","status-publish","hentry"],"_links":{"self":[{"href":"https:\/\/plateforme-numerique.intranet-opera.fr\/index.php?rest_route=\/wp\/v2\/pages\/1344","targetHints":{"allow":["GET"]}}],"collection":[{"href":"https:\/\/plateforme-numerique.intranet-opera.fr\/index.php?rest_route=\/wp\/v2\/pages"}],"about":[{"href":"https:\/\/plateforme-numerique.intranet-opera.fr\/index.php?rest_route=\/wp\/v2\/types\/page"}],"author":[{"embeddable":true,"href":"https:\/\/plateforme-numerique.intranet-opera.fr\/index.php?rest_route=\/wp\/v2\/users\/1"}],"replies":[{"embeddable":true,"href":"https:\/\/plateforme-numerique.intranet-opera.fr\/index.php?rest_route=%2Fwp%2Fv2%2Fcomments&post=1344"}],"version-history":[{"count":8,"href":"https:\/\/plateforme-numerique.intranet-opera.fr\/index.php?rest_route=\/wp\/v2\/pages\/1344\/revisions"}],"predecessor-version":[{"id":1748,"href":"https:\/\/plateforme-numerique.intranet-opera.fr\/index.php?rest_route=\/wp\/v2\/pages\/1344\/revisions\/1748"}],"up":[{"embeddable":true,"href":"https:\/\/plateforme-numerique.intranet-opera.fr\/index.php?rest_route=\/wp\/v2\/pages\/1252"}],"wp:attachment":[{"href":"https:\/\/plateforme-numerique.intranet-opera.fr\/index.php?rest_route=%2Fwp%2Fv2%2Fmedia&parent=1344"}],"curies":[{"name":"wp","href":"https:\/\/api.w.org\/{rel}","templated":true}]}}