{"id":1339,"date":"2024-06-12T10:04:44","date_gmt":"2024-06-12T08:04:44","guid":{"rendered":"http:\/\/op-int-21.fr\/plateforme-numerique-wp\/?page_id=1339"},"modified":"2024-07-02T11:31:27","modified_gmt":"2024-07-02T09:31:27","slug":"les-loges","status":"publish","type":"page","link":"https:\/\/plateforme-numerique.intranet-opera.fr\/?page_id=1339","title":{"rendered":"Les loges"},"content":{"rendered":"<div class=\"vce-row-container\" data-vce-boxed-width=\"true\"><div class=\"vce-row vce-row--col-gap-30 vce-row-equal-height vce-row-content--top\" id=\"el-59e63eb2\" data-vce-do-apply=\"all el-59e63eb2\"><div class=\"vce-row-content\" data-vce-element-content=\"true\"><div class=\"vce-col vce-col--md-auto vce-col--xs-1 vce-col--xs-last vce-col--xs-first vce-col--sm-last vce-col--sm-first vce-col--md-last vce-col--lg-last vce-col--xl-last vce-col--md-first vce-col--lg-first vce-col--xl-first\" id=\"el-2655586a\"><div class=\"vce-col-inner\" data-vce-do-apply=\"border margin background  el-2655586a\"><div class=\"vce-col-content\" data-vce-element-content=\"true\" data-vce-do-apply=\"padding el-2655586a\"><div class=\"vce-text-block\"><div class=\"vce-text-block-wrapper vce\" id=\"el-a4da93f7\" data-vce-do-apply=\"all el-a4da93f7\"><p>Derni\u00e8re trav\u00e9e situ\u00e9e \u00e0 l'oppos\u00e9 de l'entr\u00e9e principale, l'espace des loges est accessible depuis une porte situ\u00e9e au lointain du plateau de sc\u00e8ne du th\u00e9\u00e2tre et s'inscrit dans le prolongement du b\u00e2timent sur un espace de 7m de profondeur et 23m de largeur.<\/p><p>La derni\u00e8re r\u00e9novation date de 2022 et fait suite \u00e0 8 mois de chantier. Le parti pris de l'architecte fut de restaurer, r\u00e9habiliter et restructurer les loges en nettoyant les apports successifs faits depuis les ann\u00e9es 60 pour retrouver les volumes d'origine et revenir sur la qualit\u00e9 des mat\u00e9riaux utilis\u00e9s. Ainsi, les trois mat\u00e9riaux principaux sont la pierre de Corton (venue des carri\u00e8res du Comblanchien), le ch\u00eane (pour le parquet et le mobilier) et le pl\u00e2tre et la chaux (pour les murs).&nbsp;<\/p><p>R\u00e9parties du 2e au 4e \u00e9tage, 7 loges individuelles et 3 loges collectives accueillent les artistes lors des spectacles et sont desservies par un escalier principal et un ascenseur.<\/p><\/div><\/div><\/div><\/div><\/div><\/div><\/div><\/div><div class=\"vce-row-container\" data-vce-boxed-width=\"true\"><div class=\"vce-row vce-row--col-gap-30 vce-row-equal-height vce-row-content--top\" id=\"el-41c1aa45\" data-vce-do-apply=\"all el-41c1aa45\"><div class=\"vce-row-content\" data-vce-element-content=\"true\"><div class=\"vce-col vce-col--md-auto vce-col--xs-1 vce-col--xs-last vce-col--xs-first vce-col--sm-last vce-col--sm-first vce-col--md-last vce-col--lg-last vce-col--xl-last vce-col--md-first vce-col--lg-first vce-col--xl-first\" id=\"el-78813490\"><div class=\"vce-col-inner\" data-vce-do-apply=\"border margin background  el-78813490\"><div class=\"vce-col-content\" data-vce-element-content=\"true\" data-vce-do-apply=\"padding el-78813490\"><div class=\"vce-image-gallery-with-scaleup vce-image-gallery-with-scaleup--gap-10 vce-image-gallery-with-scaleup--columns-3\"><div class=\"vce vce-image-gallery-with-scaleup-wrapper\" id=\"el-50cef3e7\" data-vce-do-apply=\"all el-50cef3e7\"><div class=\"vce-image-gallery-with-scaleup-list\"><div class=\"vce-image-gallery-with-scaleup-item\"><div class=\"vce-image-gallery-with-scaleup-item-inner-wrapper\"><a href=\"https:\/\/plateforme-numerique.intranet-opera.fr\/wp-content\/uploads\/2024\/06\/DSC0625-scaled.jpg\" data-lightbox=\"lightbox-50cef3e7\" class=\"vce-image-gallery-with-scaleup-item-inner\"><img decoding=\"async\" class=\"vce-image-gallery-with-scaleup-img\" src=\"https:\/\/plateforme-numerique.intranet-opera.fr\/wp-content\/uploads\/2024\/06\/DSC0625-scaled.jpg\" alt=\"\" title=\"\"><\/a><\/div><\/div><div class=\"vce-image-gallery-with-scaleup-item\"><div class=\"vce-image-gallery-with-scaleup-item-inner-wrapper\"><a href=\"https:\/\/plateforme-numerique.intranet-opera.fr\/wp-content\/uploads\/2024\/06\/DSC0557-HDR-scaled.jpg\" data-lightbox=\"lightbox-50cef3e7\" class=\"vce-image-gallery-with-scaleup-item-inner\"><img decoding=\"async\" class=\"vce-image-gallery-with-scaleup-img\" src=\"https:\/\/plateforme-numerique.intranet-opera.fr\/wp-content\/uploads\/2024\/06\/DSC0557-HDR-scaled.jpg\" alt=\"\" title=\"\"><\/a><\/div><\/div><div class=\"vce-image-gallery-with-scaleup-item\"><div class=\"vce-image-gallery-with-scaleup-item-inner-wrapper\"><a href=\"https:\/\/plateforme-numerique.intranet-opera.fr\/wp-content\/uploads\/2024\/06\/DSC0563-scaled.jpg\" data-lightbox=\"lightbox-50cef3e7\" class=\"vce-image-gallery-with-scaleup-item-inner\"><img decoding=\"async\" class=\"vce-image-gallery-with-scaleup-img\" src=\"https:\/\/plateforme-numerique.intranet-opera.fr\/wp-content\/uploads\/2024\/06\/DSC0563-scaled.jpg\" alt=\"\" title=\"\"><\/a><\/div><\/div><div class=\"vce-image-gallery-with-scaleup-item\"><div class=\"vce-image-gallery-with-scaleup-item-inner-wrapper\"><a href=\"https:\/\/plateforme-numerique.intranet-opera.fr\/wp-content\/uploads\/2024\/06\/DSC0196-HDR-scaled.jpg\" data-lightbox=\"lightbox-50cef3e7\" class=\"vce-image-gallery-with-scaleup-item-inner\"><img decoding=\"async\" class=\"vce-image-gallery-with-scaleup-img\" src=\"https:\/\/plateforme-numerique.intranet-opera.fr\/wp-content\/uploads\/2024\/06\/DSC0196-HDR-scaled.jpg\" alt=\"\" title=\"\"><\/a><\/div><\/div><div class=\"vce-image-gallery-with-scaleup-item\"><div class=\"vce-image-gallery-with-scaleup-item-inner-wrapper\"><a href=\"https:\/\/plateforme-numerique.intranet-opera.fr\/wp-content\/uploads\/2024\/06\/DSC0210-HDR-scaled.jpg\" data-lightbox=\"lightbox-50cef3e7\" class=\"vce-image-gallery-with-scaleup-item-inner\"><img decoding=\"async\" class=\"vce-image-gallery-with-scaleup-img\" src=\"https:\/\/plateforme-numerique.intranet-opera.fr\/wp-content\/uploads\/2024\/06\/DSC0210-HDR-scaled.jpg\" alt=\"\" title=\"\"><\/a><\/div><\/div><div class=\"vce-image-gallery-with-scaleup-item\"><div class=\"vce-image-gallery-with-scaleup-item-inner-wrapper\"><a href=\"https:\/\/plateforme-numerique.intranet-opera.fr\/wp-content\/uploads\/2024\/06\/DSC0203-HDR-scaled.jpg\" data-lightbox=\"lightbox-50cef3e7\" class=\"vce-image-gallery-with-scaleup-item-inner\"><img decoding=\"async\" class=\"vce-image-gallery-with-scaleup-img\" src=\"https:\/\/plateforme-numerique.intranet-opera.fr\/wp-content\/uploads\/2024\/06\/DSC0203-HDR-scaled.jpg\" alt=\"\" title=\"\"><\/a><\/div><\/div><\/div><\/div><\/div><\/div><\/div><\/div><\/div><\/div><\/div><div class=\"vce-row-container\" data-vce-boxed-width=\"true\"><div class=\"vce-row vce-row--col-gap-30 vce-row-equal-height vce-row-content--top\" id=\"el-10d6142d\" data-vce-do-apply=\"all el-10d6142d\"><div class=\"vce-row-content\" data-vce-element-content=\"true\"><div class=\"vce-col vce-col--md-auto vce-col--xs-1 vce-col--xs-last vce-col--xs-first vce-col--sm-last vce-col--sm-first vce-col--md-last vce-col--lg-last vce-col--xl-last vce-col--md-first vce-col--lg-first vce-col--xl-first\" id=\"el-718e2ccc\"><div class=\"vce-col-inner\" data-vce-do-apply=\"border margin background  el-718e2ccc\"><div class=\"vce-col-content\" data-vce-element-content=\"true\" data-vce-do-apply=\"padding el-718e2ccc\"><div class=\"vce-text-block\"><div class=\"vce-text-block-wrapper vce\" id=\"el-f8ac782b\" data-vce-do-apply=\"all el-f8ac782b\"><p><span style=\"font-size: 10pt;\">\u00a9 Mirco Magliocca<\/span><\/p><\/div><\/div><\/div><\/div><\/div><\/div><\/div><\/div>\n","protected":false},"excerpt":{"rendered":"<p>Derni\u00e8re trav\u00e9e situ\u00e9e \u00e0 l&rsquo;oppos\u00e9 de l&rsquo;entr\u00e9e principale, l&rsquo;espace des loges est accessible depuis une porte situ\u00e9e au lointain du plateau de sc\u00e8ne du th\u00e9\u00e2tre et s&rsquo;inscrit dans le prolongement du b\u00e2timent sur un espace de 7m de profondeur et 23m de largeur.La derni\u00e8re r\u00e9novation date de 2022 et fait suite \u00e0 8 mois de &hellip; <\/p>\n<p class=\"link-more\"><a href=\"https:\/\/plateforme-numerique.intranet-opera.fr\/?page_id=1339\" class=\"more-link\">Continuer la lecture<span class=\"screen-reader-text\"> de &laquo;&nbsp;Les loges&nbsp;&raquo;<\/span><\/a><\/p>\n","protected":false},"author":1,"featured_media":0,"parent":1252,"menu_order":0,"comment_status":"closed","ping_status":"closed","template":"","meta":{"footnotes":""},"class_list":["post-1339","page","type-page","status-publish","hentry"],"_links":{"self":[{"href":"https:\/\/plateforme-numerique.intranet-opera.fr\/index.php?rest_route=\/wp\/v2\/pages\/1339","targetHints":{"allow":["GET"]}}],"collection":[{"href":"https:\/\/plateforme-numerique.intranet-opera.fr\/index.php?rest_route=\/wp\/v2\/pages"}],"about":[{"href":"https:\/\/plateforme-numerique.intranet-opera.fr\/index.php?rest_route=\/wp\/v2\/types\/page"}],"author":[{"embeddable":true,"href":"https:\/\/plateforme-numerique.intranet-opera.fr\/index.php?rest_route=\/wp\/v2\/users\/1"}],"replies":[{"embeddable":true,"href":"https:\/\/plateforme-numerique.intranet-opera.fr\/index.php?rest_route=%2Fwp%2Fv2%2Fcomments&post=1339"}],"version-history":[{"count":5,"href":"https:\/\/plateforme-numerique.intranet-opera.fr\/index.php?rest_route=\/wp\/v2\/pages\/1339\/revisions"}],"predecessor-version":[{"id":1751,"href":"https:\/\/plateforme-numerique.intranet-opera.fr\/index.php?rest_route=\/wp\/v2\/pages\/1339\/revisions\/1751"}],"up":[{"embeddable":true,"href":"https:\/\/plateforme-numerique.intranet-opera.fr\/index.php?rest_route=\/wp\/v2\/pages\/1252"}],"wp:attachment":[{"href":"https:\/\/plateforme-numerique.intranet-opera.fr\/index.php?rest_route=%2Fwp%2Fv2%2Fmedia&parent=1339"}],"curies":[{"name":"wp","href":"https:\/\/api.w.org\/{rel}","templated":true}]}}