{"id":1329,"date":"2024-06-11T16:55:36","date_gmt":"2024-06-11T14:55:36","guid":{"rendered":"http:\/\/op-int-21.fr\/plateforme-numerique-wp\/?page_id=1329"},"modified":"2024-07-02T11:30:23","modified_gmt":"2024-07-02T09:30:23","slug":"le-foyer","status":"publish","type":"page","link":"https:\/\/plateforme-numerique.intranet-opera.fr\/?page_id=1329","title":{"rendered":"Le foyer"},"content":{"rendered":"<div class=\"vce-row-container\" data-vce-boxed-width=\"true\"><div class=\"vce-row vce-row--col-gap-30 vce-row-equal-height vce-row-content--top\" id=\"el-7dfc1d68\" data-vce-do-apply=\"all el-7dfc1d68\"><div class=\"vce-row-content\" data-vce-element-content=\"true\"><div class=\"vce-col vce-col--md-auto vce-col--xs-1 vce-col--xs-last vce-col--xs-first vce-col--sm-last vce-col--sm-first vce-col--md-last vce-col--lg-last vce-col--xl-last vce-col--md-first vce-col--lg-first vce-col--xl-first\" id=\"el-532c15aa\"><div class=\"vce-col-inner\" data-vce-do-apply=\"border margin background  el-532c15aa\"><div class=\"vce-col-content\" data-vce-element-content=\"true\" data-vce-do-apply=\"padding el-532c15aa\"><div class=\"vce-text-block\"><div class=\"vce-text-block-wrapper vce\" id=\"el-c5157d1c\" data-vce-do-apply=\"all el-c5157d1c\"><p>\u00c0 l'\u00e9tage, juste au-dessus du hall d'accueil, se trouve le Foyer du Grand Th\u00e9\u00e2tre. Lieu&nbsp; de prestige, avec sa hauteur de plafond, ses ouvertures sur l'ext\u00e9rieur, ses miroirs (en \u00e9cho \u00e0 la Galerie des glaces de Versailles) et ses riches d\u00e9corations, il est \u00e9galement appel\u00e9 \"salon d'apparat\".<\/p><p>C'est un endroit accessible aux spectateurs avant le spectacle ou pendant les entractes mais aussi un lieu de r\u00e9ception pour les \u00e9v\u00e8nements importants de la Maison. Sa capacit\u00e9 d'accueil est de 110 personnes.<\/p><p>Lorsque l'on entre dans le Foyer par l'une des trois double-portes donnant sur le niveau du premier balcon de la salle, on peut apercevoir, pr\u00e9sidant de chaque c\u00f4t\u00e9, les bustes de personnages illustres. \u00c0 droite, tr\u00f4ne sur la tablette d'une chemin\u00e9e celui du dramaturge Moli\u00e8re. Le po\u00e8te dijonnais Cr\u00e9billon lui fait face depuis une autre tablette, \u00e0 l'oppos\u00e9e de la salle.<\/p><p>Le d\u00e9cor a \u00e9galement \u00e9t\u00e9 con\u00e7u par Jean-Baptiste Plantar, except\u00e9 les colonnades bleues, imitation marbre, qui ont \u00e9t\u00e9 faites par Jean-Albert Bourgoin en 1970.<\/p><p>Une frise court sur le haut des quatre murs, r\u00e9alis\u00e9e par&nbsp; le sculpteur et architecte Claude-Fran\u00e7ois Devosges, entrem\u00ealant feuilles de vignes, raisins et les armoiries du Compasseur (le cr\u00e9quier, le compas et chapiteau de colonnes). Au-dessous, des cygnes aux ailes d\u00e9ploy\u00e9es surplombent des guirlandes festonn\u00e9es.<\/p><p>Trois lustres imposants (1,60m x 1,40m) illuminent cet espace, de 350 kg chacun et compos\u00e9s de 150 \u00e9l\u00e9ments en verre de Murano (Venise).<\/p><p>Le mobilier est en fr\u00eane ronceux, command\u00e9 \u00e0 l'\u00e9b\u00e9niste et tapissier du roi, Jean-Jacques Werner. Il date de l'\u00e9poque de la construction du th\u00e9\u00e2tre.<\/p><p>&nbsp;<\/p><\/div><\/div><\/div><\/div><\/div><\/div><\/div><\/div><div class=\"vce-row-container\" data-vce-boxed-width=\"true\"><div class=\"vce-row vce-row--col-gap-30 vce-row-equal-height vce-row-content--top\" id=\"el-d626e709\" data-vce-do-apply=\"all el-d626e709\"><div class=\"vce-row-content\" data-vce-element-content=\"true\"><div class=\"vce-col vce-col--md-auto vce-col--xs-1 vce-col--xs-last vce-col--xs-first vce-col--sm-last vce-col--sm-first vce-col--md-last vce-col--lg-last vce-col--xl-last vce-col--md-first vce-col--lg-first vce-col--xl-first\" id=\"el-b5470639\"><div class=\"vce-col-inner\" data-vce-do-apply=\"border margin background  el-b5470639\"><div class=\"vce-col-content\" data-vce-element-content=\"true\" data-vce-do-apply=\"padding el-b5470639\"><div class=\"vce-image-gallery-with-scaleup vce-image-gallery-with-scaleup--gap-10 vce-image-gallery-with-scaleup--columns-3\"><div class=\"vce vce-image-gallery-with-scaleup-wrapper\" id=\"el-8e95a1c1\" data-vce-do-apply=\"all el-8e95a1c1\"><div class=\"vce-image-gallery-with-scaleup-list\"><div class=\"vce-image-gallery-with-scaleup-item\"><div class=\"vce-image-gallery-with-scaleup-item-inner-wrapper\"><a href=\"https:\/\/plateforme-numerique.intranet-opera.fr\/wp-content\/uploads\/2024\/06\/DSC0771-scaled.jpg\" data-lightbox=\"lightbox-8e95a1c1\" class=\"vce-image-gallery-with-scaleup-item-inner\"><img decoding=\"async\" class=\"vce-image-gallery-with-scaleup-img\" src=\"https:\/\/plateforme-numerique.intranet-opera.fr\/wp-content\/uploads\/2024\/06\/DSC0771-1024x683.jpg\" alt=\"\" title=\"_DSC0771\"><\/a><\/div><\/div><div class=\"vce-image-gallery-with-scaleup-item\"><div class=\"vce-image-gallery-with-scaleup-item-inner-wrapper\"><a href=\"https:\/\/plateforme-numerique.intranet-opera.fr\/wp-content\/uploads\/2024\/06\/DSC0735-HDR-scaled.jpg\" data-lightbox=\"lightbox-8e95a1c1\" class=\"vce-image-gallery-with-scaleup-item-inner\"><img decoding=\"async\" class=\"vce-image-gallery-with-scaleup-img\" src=\"https:\/\/plateforme-numerique.intranet-opera.fr\/wp-content\/uploads\/2024\/06\/DSC0735-HDR-1024x683.jpg\" alt=\"\" title=\"_DSC0735-HDR\"><\/a><\/div><\/div><div class=\"vce-image-gallery-with-scaleup-item\"><div class=\"vce-image-gallery-with-scaleup-item-inner-wrapper\"><a href=\"https:\/\/plateforme-numerique.intranet-opera.fr\/wp-content\/uploads\/2024\/06\/DSC0772-scaled.jpg\" data-lightbox=\"lightbox-8e95a1c1\" class=\"vce-image-gallery-with-scaleup-item-inner\"><img decoding=\"async\" class=\"vce-image-gallery-with-scaleup-img\" src=\"https:\/\/plateforme-numerique.intranet-opera.fr\/wp-content\/uploads\/2024\/06\/DSC0772-1024x683.jpg\" alt=\"\" title=\"_DSC0772\"><\/a><\/div><\/div><\/div><\/div><\/div><\/div><\/div><\/div><\/div><\/div><\/div><div class=\"vce-row-container\" data-vce-boxed-width=\"true\"><div class=\"vce-row vce-row--col-gap-30 vce-row-equal-height vce-row-content--top\" id=\"el-9c0978c9\" data-vce-do-apply=\"all el-9c0978c9\"><div class=\"vce-row-content\" data-vce-element-content=\"true\"><div class=\"vce-col vce-col--md-auto vce-col--xs-1 vce-col--xs-last vce-col--xs-first vce-col--sm-last vce-col--sm-first vce-col--md-last vce-col--lg-last vce-col--xl-last vce-col--md-first vce-col--lg-first vce-col--xl-first\" id=\"el-956729d6\"><div class=\"vce-col-inner\" data-vce-do-apply=\"border margin background  el-956729d6\"><div class=\"vce-col-content\" data-vce-element-content=\"true\" data-vce-do-apply=\"padding el-956729d6\"><div class=\"vce-text-block\"><div class=\"vce-text-block-wrapper vce\" id=\"el-5aa755f3\" data-vce-do-apply=\"all el-5aa755f3\"><p><span style=\"font-size: 10pt;\">\u00a9 Mirco Magliocca<\/span><\/p><\/div><\/div><\/div><\/div><\/div><\/div><\/div><\/div>\n","protected":false},"excerpt":{"rendered":"<p>\u00c0 l&rsquo;\u00e9tage, juste au-dessus du hall d&rsquo;accueil, se trouve le Foyer du Grand Th\u00e9\u00e2tre. Lieu&nbsp; de prestige, avec sa hauteur de plafond, ses ouvertures sur l&rsquo;ext\u00e9rieur, ses miroirs (en \u00e9cho \u00e0 la Galerie des glaces de Versailles) et ses riches d\u00e9corations, il est \u00e9galement appel\u00e9 \u00ab\u00a0salon d&rsquo;apparat\u00a0\u00bb.C&rsquo;est un endroit accessible aux spectateurs avant le spectacle &hellip; <\/p>\n<p class=\"link-more\"><a href=\"https:\/\/plateforme-numerique.intranet-opera.fr\/?page_id=1329\" class=\"more-link\">Continuer la lecture<span class=\"screen-reader-text\"> de &laquo;&nbsp;Le foyer&nbsp;&raquo;<\/span><\/a><\/p>\n","protected":false},"author":1,"featured_media":0,"parent":1252,"menu_order":0,"comment_status":"closed","ping_status":"closed","template":"","meta":{"footnotes":""},"class_list":["post-1329","page","type-page","status-publish","hentry"],"_links":{"self":[{"href":"https:\/\/plateforme-numerique.intranet-opera.fr\/index.php?rest_route=\/wp\/v2\/pages\/1329","targetHints":{"allow":["GET"]}}],"collection":[{"href":"https:\/\/plateforme-numerique.intranet-opera.fr\/index.php?rest_route=\/wp\/v2\/pages"}],"about":[{"href":"https:\/\/plateforme-numerique.intranet-opera.fr\/index.php?rest_route=\/wp\/v2\/types\/page"}],"author":[{"embeddable":true,"href":"https:\/\/plateforme-numerique.intranet-opera.fr\/index.php?rest_route=\/wp\/v2\/users\/1"}],"replies":[{"embeddable":true,"href":"https:\/\/plateforme-numerique.intranet-opera.fr\/index.php?rest_route=%2Fwp%2Fv2%2Fcomments&post=1329"}],"version-history":[{"count":6,"href":"https:\/\/plateforme-numerique.intranet-opera.fr\/index.php?rest_route=\/wp\/v2\/pages\/1329\/revisions"}],"predecessor-version":[{"id":1750,"href":"https:\/\/plateforme-numerique.intranet-opera.fr\/index.php?rest_route=\/wp\/v2\/pages\/1329\/revisions\/1750"}],"up":[{"embeddable":true,"href":"https:\/\/plateforme-numerique.intranet-opera.fr\/index.php?rest_route=\/wp\/v2\/pages\/1252"}],"wp:attachment":[{"href":"https:\/\/plateforme-numerique.intranet-opera.fr\/index.php?rest_route=%2Fwp%2Fv2%2Fmedia&parent=1329"}],"curies":[{"name":"wp","href":"https:\/\/api.w.org\/{rel}","templated":true}]}}