{"id":1284,"date":"2024-06-11T11:12:17","date_gmt":"2024-06-11T09:12:17","guid":{"rendered":"http:\/\/op-int-21.fr\/plateforme-numerique-wp\/?page_id=1284"},"modified":"2024-07-02T11:29:45","modified_gmt":"2024-07-02T09:29:45","slug":"la-scene","status":"publish","type":"page","link":"https:\/\/plateforme-numerique.intranet-opera.fr\/?page_id=1284","title":{"rendered":"La sc\u00e8ne"},"content":{"rendered":"<div class=\"vce-row-container\" data-vce-boxed-width=\"true\"><div class=\"vce-row vce-row--col-gap-30 vce-row-equal-height vce-row-content--top\" id=\"el-91ca42bd\" data-vce-do-apply=\"all el-91ca42bd\"><div class=\"vce-row-content\" data-vce-element-content=\"true\"><div class=\"vce-col vce-col--md-auto vce-col--xs-1 vce-col--xs-last vce-col--xs-first vce-col--sm-last vce-col--sm-first vce-col--md-last vce-col--lg-last vce-col--xl-last vce-col--md-first vce-col--lg-first vce-col--xl-first\" id=\"el-7ddb4692\"><div class=\"vce-col-inner\" data-vce-do-apply=\"border margin background  el-7ddb4692\"><div class=\"vce-col-content\" data-vce-element-content=\"true\" data-vce-do-apply=\"padding el-7ddb4692\"><div class=\"vce-text-block\"><div class=\"vce-text-block-wrapper vce\" id=\"el-40ae458f\" data-vce-do-apply=\"all el-40ae458f\"><p>Le Grand Th\u00e9\u00e2tre de l'Op\u00e9ra de Dijon poss\u00e8de une sc\u00e8ne de 290 m\u00b2, large de 19,50m et profonde de 15,20m. <\/p><p>Comme les sc\u00e8nes de th\u00e9\u00e2tre \u00e0 l'italienne de l'\u00e9poque, le Grand Th\u00e9\u00e2tre a une l\u00e9g\u00e8re pente de 4% pour permettre, au personnes assises au parterre, une meilleure visibilit\u00e9 du spectacle (<a href=\"https:\/\/www.youtube.com\/watch?v=Ci4B07T-VzA\">cf. Pourquoi la sc\u00e8ne d'un op\u00e9ra est-elle inclin\u00e9e? - C'est pas sorcier<\/a>).<\/p><p>Le b\u00e2timent \u00e9tant construit sur un plan rectangulaire de 23m de large, peu de place est laiss\u00e9e sur les c\u00f4t\u00e9 de la sc\u00e8ne. Ainsi, l'entr\u00e9e en coulisse se fait depuis l'arri\u00e8re du b\u00e2timent, ou l'avant.<\/p><p>Le cadre de sc\u00e8ne s'ouvre sur un plan de 7,50m de hauteur et 10,80m de longueur, bien que la cage de sc\u00e8ne (hauteur jusqu'au grill) atteigne 16m de haut. Toute cette partie en hauteur n'est pas accessible pour l\u2019\u0153il du spectateur et permet de dissimuler les d\u00e9cors, projecteurs et pendrillons suspendus sur des perches (61 perches manuelles exactement).<\/p><p>C\u00f4t\u00e9 jardin, existe une rampe de chargement par laquelle arrivent les d\u00e9cors d\u00e9mont\u00e9s pour \u00eatre mont\u00e9s sur la sc\u00e8ne, directement, par l'\u00e9quipe technique de l'Op\u00e9ra. Cette rampe s'ouvre sur la place de la Sainte-Chapelle par le biais d'un plan inclin\u00e9.<\/p><\/div><\/div><\/div><\/div><\/div><\/div><\/div><\/div><div class=\"vce-row-container\" data-vce-boxed-width=\"true\"><div class=\"vce-row vce-row--col-gap-30 vce-row-equal-height vce-row-content--top\" id=\"el-551fddfd\" data-vce-do-apply=\"all el-551fddfd\"><div class=\"vce-row-content\" data-vce-element-content=\"true\"><div class=\"vce-col vce-col--md-auto vce-col--xs-1 vce-col--xs-last vce-col--xs-first vce-col--sm-last vce-col--sm-first vce-col--md-last vce-col--lg-last vce-col--xl-last vce-col--md-first vce-col--lg-first vce-col--xl-first\" id=\"el-1becedb2\"><div class=\"vce-col-inner\" data-vce-do-apply=\"border margin background  el-1becedb2\"><div class=\"vce-col-content\" data-vce-element-content=\"true\" data-vce-do-apply=\"padding el-1becedb2\"><div class=\"vce-image-gallery-with-scaleup vce-image-gallery-with-scaleup--gap-14 vce-image-gallery-with-scaleup--columns-1\"><div class=\"vce vce-image-gallery-with-scaleup-wrapper\" id=\"el-33a81ddf\" data-vce-do-apply=\"all el-33a81ddf\" data-vce-animate=\"vce-o-animate--None-xl\"><div class=\"vce-image-gallery-with-scaleup-list\"><div class=\"vce-image-gallery-with-scaleup-item\"><div class=\"vce-image-gallery-with-scaleup-item-inner-wrapper\"><a href=\"https:\/\/plateforme-numerique.intranet-opera.fr\/wp-content\/uploads\/2024\/06\/DSC7714-Grand-Theatre-\u00a9-Mirco-Magliocca-scaled.jpg\" data-lightbox=\"lightbox-33a81ddf\" class=\"vce-image-gallery-with-scaleup-item-inner\"><img decoding=\"async\" class=\"vce-image-gallery-with-scaleup-img\" src=\"https:\/\/plateforme-numerique.intranet-opera.fr\/wp-content\/uploads\/2024\/06\/DSC7714-Grand-Theatre-\u00a9-Mirco-Magliocca-1024x683.jpg\" alt=\"\" title=\"_DSC7714 Grand Th\u00e9\u00e2tre \u00a9 Mirco Magliocca\"><\/a><\/div><\/div><\/div><\/div><\/div><\/div><\/div><\/div><\/div><\/div><\/div><div class=\"vce-row-container\" data-vce-boxed-width=\"true\"><div class=\"vce-row vce-row--col-gap-30 vce-row-equal-height vce-row-content--top\" id=\"el-32795c5d\" data-vce-do-apply=\"all el-32795c5d\"><div class=\"vce-row-content\" data-vce-element-content=\"true\"><div class=\"vce-col vce-col--md-auto vce-col--xs-1 vce-col--xs-last vce-col--xs-first vce-col--sm-last vce-col--sm-first vce-col--md-last vce-col--lg-last vce-col--xl-last vce-col--md-first vce-col--lg-first vce-col--xl-first\" id=\"el-baddbb77\"><div class=\"vce-col-inner\" data-vce-do-apply=\"border margin background  el-baddbb77\"><div class=\"vce-col-content\" data-vce-element-content=\"true\" data-vce-do-apply=\"padding el-baddbb77\"><div class=\"vce-text-block\"><div class=\"vce-text-block-wrapper vce\" id=\"el-cde880ac\" data-vce-do-apply=\"all el-cde880ac\"><p><span style=\"font-size: 10pt;\">\u00a9 Mirco Magliocca<\/span><\/p><\/div><\/div><\/div><\/div><\/div><\/div><\/div><\/div>\n","protected":false},"excerpt":{"rendered":"<p>Le Grand Th\u00e9\u00e2tre de l&rsquo;Op\u00e9ra de Dijon poss\u00e8de une sc\u00e8ne de 290 m\u00b2, large de 19,50m et profonde de 15,20m. Comme les sc\u00e8nes de th\u00e9\u00e2tre \u00e0 l&rsquo;italienne de l&rsquo;\u00e9poque, le Grand Th\u00e9\u00e2tre a une l\u00e9g\u00e8re pente de 4% pour permettre, au personnes assises au parterre, une meilleure visibilit\u00e9 du spectacle (cf. Pourquoi la sc\u00e8ne d&rsquo;un &hellip; <\/p>\n<p class=\"link-more\"><a href=\"https:\/\/plateforme-numerique.intranet-opera.fr\/?page_id=1284\" class=\"more-link\">Continuer la lecture<span class=\"screen-reader-text\"> de &laquo;&nbsp;La sc\u00e8ne&nbsp;&raquo;<\/span><\/a><\/p>\n","protected":false},"author":1,"featured_media":0,"parent":1252,"menu_order":0,"comment_status":"closed","ping_status":"closed","template":"","meta":{"footnotes":""},"class_list":["post-1284","page","type-page","status-publish","hentry"],"_links":{"self":[{"href":"https:\/\/plateforme-numerique.intranet-opera.fr\/index.php?rest_route=\/wp\/v2\/pages\/1284","targetHints":{"allow":["GET"]}}],"collection":[{"href":"https:\/\/plateforme-numerique.intranet-opera.fr\/index.php?rest_route=\/wp\/v2\/pages"}],"about":[{"href":"https:\/\/plateforme-numerique.intranet-opera.fr\/index.php?rest_route=\/wp\/v2\/types\/page"}],"author":[{"embeddable":true,"href":"https:\/\/plateforme-numerique.intranet-opera.fr\/index.php?rest_route=\/wp\/v2\/users\/1"}],"replies":[{"embeddable":true,"href":"https:\/\/plateforme-numerique.intranet-opera.fr\/index.php?rest_route=%2Fwp%2Fv2%2Fcomments&post=1284"}],"version-history":[{"count":6,"href":"https:\/\/plateforme-numerique.intranet-opera.fr\/index.php?rest_route=\/wp\/v2\/pages\/1284\/revisions"}],"predecessor-version":[{"id":1749,"href":"https:\/\/plateforme-numerique.intranet-opera.fr\/index.php?rest_route=\/wp\/v2\/pages\/1284\/revisions\/1749"}],"up":[{"embeddable":true,"href":"https:\/\/plateforme-numerique.intranet-opera.fr\/index.php?rest_route=\/wp\/v2\/pages\/1252"}],"wp:attachment":[{"href":"https:\/\/plateforme-numerique.intranet-opera.fr\/index.php?rest_route=%2Fwp%2Fv2%2Fmedia&parent=1284"}],"curies":[{"name":"wp","href":"https:\/\/api.w.org\/{rel}","templated":true}]}}