{"id":1270,"date":"2024-06-10T16:08:44","date_gmt":"2024-06-10T14:08:44","guid":{"rendered":"http:\/\/op-int-21.fr\/plateforme-numerique-wp\/?page_id=1270"},"modified":"2024-07-02T11:29:19","modified_gmt":"2024-07-02T09:29:19","slug":"la-salle-a-litalienne","status":"publish","type":"page","link":"https:\/\/plateforme-numerique.intranet-opera.fr\/?page_id=1270","title":{"rendered":"La salle \u00e0 l&#039;italienne"},"content":{"rendered":"<div class=\"vce-row-container\" data-vce-boxed-width=\"true\"><div class=\"vce-row vce-row--col-gap-30 vce-row-equal-height vce-row-content--top\" id=\"el-7c7847f7\" data-vce-do-apply=\"all el-7c7847f7\"><div class=\"vce-row-content\" data-vce-element-content=\"true\"><div class=\"vce-col vce-col--md-auto vce-col--xs-1 vce-col--xs-last vce-col--xs-first vce-col--sm-last vce-col--sm-first vce-col--md-last vce-col--lg-last vce-col--xl-last vce-col--md-first vce-col--lg-first vce-col--xl-first\" id=\"el-39f76328\"><div class=\"vce-col-inner\" data-vce-do-apply=\"border margin background  el-39f76328\"><div class=\"vce-col-content\" data-vce-element-content=\"true\" data-vce-do-apply=\"padding el-39f76328\"><div class=\"vce-text-block\"><div class=\"vce-text-block-wrapper vce\" id=\"el-1038a5bc\" data-vce-do-apply=\"all el-1038a5bc\"><p>La salle du Gand Th\u00e9\u00e2tre de l'Op\u00e9ra de Dijon a une forme \"\u00e0 l\u2019italienne\", soit semi-circulaire (en forme de \"C\" ou de fer-\u00e0-cheval). L'emploi de cette expression vient des premiers th\u00e9\u00e2tres, datant du d\u00e9but du XVIIe si\u00e8cle, construits sur le m\u00eame format emprunt\u00e9 aux th\u00e9\u00e2tres grecs antiques.<\/p><p>Elle se compose de 692 places r\u00e9parties entre le parterre et les trois balcons sculpt\u00e9s. On retrouve \u00e9galement deux loges d\u2019avant-sc\u00e8ne qui peuvent accueillir le maire de la ville ou le pr\u00e9fet et qui, dans certains th\u00e9\u00e2tres, avaient pour habitude de recevoir le roi et la reine.&nbsp; <\/p><p>En levant les yeux, on peut admirer diff\u00e9rentes fresques peintes par Charles Cambon en 1855 (\u00e9l\u00e8ve de Ciceri - d\u00e9corateur de l\u2019Op\u00e9ra de Paris qui a \u00e9galement r\u00e9alis\u00e9 la Fenice de Venise) dont des all\u00e9gories de la danse et de la musique, et une frise repr\u00e9sentant Apollon et ses muses. C'est depuis le dernier balcon de ce th\u00e9\u00e2tre que ces peintures sont les mieux visibles, et cela dans tous les th\u00e9\u00e2tres \u00e0 l'italienne existants et comportant ce type d'ornements. C'est pourquoi le dernier balcon des th\u00e9\u00e2tres a \u00e9t\u00e9 rebaptis\u00e9 \"Paradis\" par son public alors qu'il avait historiquement la d\u00e9nomination de \"Poulailler\", en r\u00e9f\u00e9rence \u00e0 la \"poulaille\" de l'\u00e9poque, comme se plaisait \u00e0 l'appeler les personnes argent\u00e9es, qui le composait.<\/p><p>Afin d'\u00e9clairer cette salle du XIXe si\u00e8cle, un lustre de 2,70m de large tr\u00f4ne au milieu du plafond comprenant 2 000 tubes en verre de Murano (Venise).<\/p><\/div><\/div><\/div><\/div><\/div><\/div><\/div><\/div><div class=\"vce-row-container\" data-vce-boxed-width=\"true\"><div class=\"vce-row vce-row--col-gap-30 vce-row-equal-height vce-row-content--top\" id=\"el-343951cb\" data-vce-do-apply=\"all el-343951cb\"><div class=\"vce-row-content\" data-vce-element-content=\"true\"><div class=\"vce-col vce-col--md-auto vce-col--xs-1 vce-col--xs-last vce-col--xs-first vce-col--sm-last vce-col--sm-first vce-col--md-last vce-col--lg-last vce-col--xl-last vce-col--md-first vce-col--lg-first vce-col--xl-first\" id=\"el-b8403967\"><div class=\"vce-col-inner\" data-vce-do-apply=\"border margin background  el-b8403967\"><div class=\"vce-col-content\" data-vce-element-content=\"true\" data-vce-do-apply=\"padding el-b8403967\"><div class=\"vce-image-gallery-with-scaleup vce-image-gallery-with-scaleup--gap-10 vce-image-gallery-with-scaleup--columns-2\"><div class=\"vce vce-image-gallery-with-scaleup-wrapper\" id=\"el-e19f7e4f\" data-vce-do-apply=\"all el-e19f7e4f\"><div class=\"vce-image-gallery-with-scaleup-list\"><div class=\"vce-image-gallery-with-scaleup-item\"><div class=\"vce-image-gallery-with-scaleup-item-inner-wrapper\"><a href=\"https:\/\/plateforme-numerique.intranet-opera.fr\/wp-content\/uploads\/2024\/06\/DSC7619-hdr-01-Grand-Theatre-\u00a9-Mirco-Magliocca-bd.jpg\" data-lightbox=\"lightbox-e19f7e4f\" class=\"vce-image-gallery-with-scaleup-item-inner\"><img decoding=\"async\" class=\"vce-image-gallery-with-scaleup-img\" src=\"https:\/\/plateforme-numerique.intranet-opera.fr\/wp-content\/uploads\/2024\/06\/DSC7619-hdr-01-Grand-Theatre-\u00a9-Mirco-Magliocca-bd-1024x683.jpg\" alt=\"\" title=\"_DSC7619 -hdr -01 Grand Th\u00e9\u00e2tre \u00a9 Mirco Magliocca bd\"><\/a><\/div><\/div><div class=\"vce-image-gallery-with-scaleup-item\"><div class=\"vce-image-gallery-with-scaleup-item-inner-wrapper\"><a href=\"https:\/\/plateforme-numerique.intranet-opera.fr\/wp-content\/uploads\/2024\/06\/DSC7649-Grand-Theatre-\u00a9-Mirco-Magliocca-scaled.jpg\" data-lightbox=\"lightbox-e19f7e4f\" class=\"vce-image-gallery-with-scaleup-item-inner\"><img decoding=\"async\" class=\"vce-image-gallery-with-scaleup-img\" src=\"https:\/\/plateforme-numerique.intranet-opera.fr\/wp-content\/uploads\/2024\/06\/DSC7649-Grand-Theatre-\u00a9-Mirco-Magliocca-1024x683.jpg\" alt=\"\" title=\"_DSC7649 Grand Th\u00e9\u00e2tre \u00a9 Mirco Magliocca\"><\/a><\/div><\/div><div class=\"vce-image-gallery-with-scaleup-item\"><div class=\"vce-image-gallery-with-scaleup-item-inner-wrapper\"><a href=\"https:\/\/plateforme-numerique.intranet-opera.fr\/wp-content\/uploads\/2024\/06\/DSC7666-Grand-Theatre-\u00a9-Mirco-Magliocca-scaled.jpg\" data-lightbox=\"lightbox-e19f7e4f\" class=\"vce-image-gallery-with-scaleup-item-inner\"><img decoding=\"async\" class=\"vce-image-gallery-with-scaleup-img vce-image-gallery-with-scaleup-img--orientation-portrait\" src=\"https:\/\/plateforme-numerique.intranet-opera.fr\/wp-content\/uploads\/2024\/06\/DSC7666-Grand-Theatre-\u00a9-Mirco-Magliocca-683x1024.jpg\" alt=\"\" title=\"_DSC7666 Grand Th\u00e9\u00e2tre \u00a9 Mirco Magliocca\"><\/a><\/div><\/div><div class=\"vce-image-gallery-with-scaleup-item\"><div class=\"vce-image-gallery-with-scaleup-item-inner-wrapper\"><a href=\"https:\/\/plateforme-numerique.intranet-opera.fr\/wp-content\/uploads\/2024\/06\/DSC7752-Grand-Theatre-\u00a9-Mirco-Magliocca-scaled.jpg\" data-lightbox=\"lightbox-e19f7e4f\" class=\"vce-image-gallery-with-scaleup-item-inner\"><img decoding=\"async\" class=\"vce-image-gallery-with-scaleup-img\" src=\"https:\/\/plateforme-numerique.intranet-opera.fr\/wp-content\/uploads\/2024\/06\/DSC7752-Grand-Theatre-\u00a9-Mirco-Magliocca-1024x683.jpg\" alt=\"\" title=\"_DSC7752 Grand Th\u00e9\u00e2tre \u00a9 Mirco Magliocca\"><\/a><\/div><\/div><\/div><\/div><\/div><\/div><\/div><\/div><\/div><\/div><\/div><div class=\"vce-row-container\" data-vce-boxed-width=\"true\"><div class=\"vce-row vce-row--col-gap-30 vce-row-equal-height vce-row-content--top\" id=\"el-41680c25\" data-vce-do-apply=\"all el-41680c25\"><div class=\"vce-row-content\" data-vce-element-content=\"true\"><div class=\"vce-col vce-col--md-auto vce-col--xs-1 vce-col--xs-last vce-col--xs-first vce-col--sm-last vce-col--sm-first vce-col--md-last vce-col--lg-last vce-col--xl-last vce-col--md-first vce-col--lg-first vce-col--xl-first\" id=\"el-36cf5d2e\"><div class=\"vce-col-inner\" data-vce-do-apply=\"border margin background  el-36cf5d2e\"><div class=\"vce-col-content\" data-vce-element-content=\"true\" data-vce-do-apply=\"padding el-36cf5d2e\"><div class=\"vce-text-block\"><div class=\"vce-text-block-wrapper vce\" id=\"el-a1245fe3\" data-vce-do-apply=\"all el-a1245fe3\"><p><span style=\"font-size: 10pt;\">\u00a9 Mirco Magliocca<\/span><\/p><\/div><\/div><\/div><\/div><\/div><\/div><\/div><\/div>\n","protected":false},"excerpt":{"rendered":"<p>La salle du Gand Th\u00e9\u00e2tre de l&rsquo;Op\u00e9ra de Dijon a une forme \u00ab\u00a0\u00e0 l\u2019italienne\u00a0\u00bb, soit semi-circulaire (en forme de \u00ab\u00a0C\u00a0\u00bb ou de fer-\u00e0-cheval). L&#8217;emploi de cette expression vient des premiers th\u00e9\u00e2tres, datant du d\u00e9but du XVIIe si\u00e8cle, construits sur le m\u00eame format emprunt\u00e9 aux th\u00e9\u00e2tres grecs antiques.Elle se compose de 692 places r\u00e9parties entre le &hellip; <\/p>\n<p class=\"link-more\"><a href=\"https:\/\/plateforme-numerique.intranet-opera.fr\/?page_id=1270\" class=\"more-link\">Continuer la lecture<span class=\"screen-reader-text\"> de &laquo;&nbsp;La salle \u00e0 l&#039;italienne&nbsp;&raquo;<\/span><\/a><\/p>\n","protected":false},"author":1,"featured_media":0,"parent":1252,"menu_order":0,"comment_status":"closed","ping_status":"closed","template":"","meta":{"footnotes":""},"class_list":["post-1270","page","type-page","status-publish","hentry"],"_links":{"self":[{"href":"https:\/\/plateforme-numerique.intranet-opera.fr\/index.php?rest_route=\/wp\/v2\/pages\/1270","targetHints":{"allow":["GET"]}}],"collection":[{"href":"https:\/\/plateforme-numerique.intranet-opera.fr\/index.php?rest_route=\/wp\/v2\/pages"}],"about":[{"href":"https:\/\/plateforme-numerique.intranet-opera.fr\/index.php?rest_route=\/wp\/v2\/types\/page"}],"author":[{"embeddable":true,"href":"https:\/\/plateforme-numerique.intranet-opera.fr\/index.php?rest_route=\/wp\/v2\/users\/1"}],"replies":[{"embeddable":true,"href":"https:\/\/plateforme-numerique.intranet-opera.fr\/index.php?rest_route=%2Fwp%2Fv2%2Fcomments&post=1270"}],"version-history":[{"count":7,"href":"https:\/\/plateforme-numerique.intranet-opera.fr\/index.php?rest_route=\/wp\/v2\/pages\/1270\/revisions"}],"predecessor-version":[{"id":1747,"href":"https:\/\/plateforme-numerique.intranet-opera.fr\/index.php?rest_route=\/wp\/v2\/pages\/1270\/revisions\/1747"}],"up":[{"embeddable":true,"href":"https:\/\/plateforme-numerique.intranet-opera.fr\/index.php?rest_route=\/wp\/v2\/pages\/1252"}],"wp:attachment":[{"href":"https:\/\/plateforme-numerique.intranet-opera.fr\/index.php?rest_route=%2Fwp%2Fv2%2Fmedia&parent=1270"}],"curies":[{"name":"wp","href":"https:\/\/api.w.org\/{rel}","templated":true}]}}